{"id":56,"date":"2023-06-19T13:23:52","date_gmt":"2023-06-19T11:23:52","guid":{"rendered":"http:\/\/guia-prc.recursos.uoc.edu\/bones-practiques\/?page_id=56"},"modified":"2023-09-25T10:44:50","modified_gmt":"2023-09-25T08:44:50","slug":"introduccion","status":"publish","type":"page","link":"http:\/\/guia-prc.recursos.uoc.edu\/bones-practiques\/es\/","title":{"rendered":"Introducci\u00f3n"},"content":{"rendered":"<p>Tal y como hab\u00e9is visto y trabajado a lo largo de toda la titulaci\u00f3n, el C\u00f3digo Deontol\u00f3gico es b\u00e1sico en la profesi\u00f3n y sus principios y sus normas deben marcar la actuaci\u00f3n de los profesionales, en cualquiera de los campos de aplicaci\u00f3n de la psicolog\u00eda.<\/p>\n<p>Por esta misma raz\u00f3n, se os recomienda que revis\u00e9is el C\u00f3digo Deontol\u00f3gico y, especialmente, los puntos que se trabajan en este m\u00f3dulo.<\/p>\n","protected":false},"excerpt":{"rendered":"<p>Tal y como hab\u00e9is visto y trabajado a lo largo de toda la titulaci\u00f3n, el C\u00f3digo Deontol\u00f3gico es b\u00e1sico en la profesi\u00f3n y sus principios y sus normas deben marcar la actuaci\u00f3n de los profesionales, en cualquiera de los campos de aplicaci\u00f3n de la psicolog\u00eda. Por esta misma raz\u00f3n, se os recomienda que revis\u00e9is el [&hellip;]<\/p>\n","protected":false},"author":1,"featured_media":0,"parent":0,"menu_order":0,"comment_status":"closed","ping_status":"closed","template":"","meta":[],"acf":[],"_links":{"self":[{"href":"http:\/\/guia-prc.recursos.uoc.edu\/bones-practiques\/es\/wp-json\/wp\/v2\/pages\/56"}],"collection":[{"href":"http:\/\/guia-prc.recursos.uoc.edu\/bones-practiques\/es\/wp-json\/wp\/v2\/pages"}],"about":[{"href":"http:\/\/guia-prc.recursos.uoc.edu\/bones-practiques\/es\/wp-json\/wp\/v2\/types\/page"}],"author":[{"embeddable":true,"href":"http:\/\/guia-prc.recursos.uoc.edu\/bones-practiques\/es\/wp-json\/wp\/v2\/users\/1"}],"replies":[{"embeddable":true,"href":"http:\/\/guia-prc.recursos.uoc.edu\/bones-practiques\/es\/wp-json\/wp\/v2\/comments?post=56"}],"version-history":[{"count":4,"href":"http:\/\/guia-prc.recursos.uoc.edu\/bones-practiques\/es\/wp-json\/wp\/v2\/pages\/56\/revisions"}],"predecessor-version":[{"id":104,"href":"http:\/\/guia-prc.recursos.uoc.edu\/bones-practiques\/es\/wp-json\/wp\/v2\/pages\/56\/revisions\/104"}],"wp:attachment":[{"href":"http:\/\/guia-prc.recursos.uoc.edu\/bones-practiques\/es\/wp-json\/wp\/v2\/media?parent=56"}],"curies":[{"name":"wp","href":"https:\/\/api.w.org\/{rel}","templated":true}]}}