{"id":65,"date":"2023-06-19T13:29:24","date_gmt":"2023-06-19T11:29:24","guid":{"rendered":"http:\/\/guia-prc.recursos.uoc.edu\/bones-practiques\/?page_id=65"},"modified":"2023-07-07T12:32:58","modified_gmt":"2023-07-07T10:32:58","slug":"1-2-principios-generales","status":"publish","type":"page","link":"http:\/\/guia-prc.recursos.uoc.edu\/bones-practiques\/es\/1-2-principios-generales\/","title":{"rendered":"1.2. Principios generales"},"content":{"rendered":"<p>Como hab\u00e9is podido ver en el apartado anterior, el C\u00f3digo deontol\u00f3gico catal\u00e1n se divide en dos partes. En la primera, constan los principios generales y, en la segunda, un conjunto de normas.<\/p>\n<p>En este apartado, se quiere poner el foco en los principios generales que, tal y como su nombre indica, deben guiar los principios por los cuales debe ejercerse la profesi\u00f3n.<\/p>\n<p><strong>La beneficencia y no-maleficencia <\/strong><\/p>\n<p>Este principio establece el compromiso de la promoci\u00f3n y la protecci\u00f3n de los intereses leg\u00edtimos de las personas, incluyendo su bienestar f\u00edsico, ps\u00edquico y social. Por lo tanto, es un deber prioritario evitar causar da\u00f1o con nuestras acciones (COPC, 2015).<\/p>\n<p><strong>La responsabilidad<\/strong><\/p>\n<p>Todas las actividades, como profesionales de la psicolog\u00eda, se deben llevar a cabo bajo responsabilidad profesional y cient\u00edfica, y cumpliendo las normas deontol\u00f3gicas. Tambi\u00e9n hay que mantener una formaci\u00f3n continuada (COPC, 2015).<\/p>\n<p><strong>La integridad<\/strong><\/p>\n<p>Durante el ejercicio profesional, se debe promover la exactitud, el rigor, la veracidad, la ense\u00f1anza y la investigaci\u00f3n. Adem\u00e1s, las relaciones con las personas deben tener lugar desde el respeto y deben cumplir con el principio de honestidad (COPC, 2015).<\/p>\n<p><strong>La justicia<\/strong><\/p>\n<p>El ejercicio profesional debe ser equitativo y justo, sin ning\u00fan tipo de discriminaci\u00f3n (COPC, 2015).<\/p>\n<p><strong>La legalidad<\/strong><\/p>\n<p>Durante el ejercicio profesional se deben respetar los derechos de privacidad, confidencialidad y autonom\u00eda personal. Adem\u00e1s, la actividad debe desarrollarse de acuerdo con la legalidad internacional, la nacional y la auton\u00f3mica, y teniendo en cuenta las normas de regulaci\u00f3n de esta profesi\u00f3n (COPC, 2015).<\/p>\n","protected":false},"excerpt":{"rendered":"<p>Como hab\u00e9is podido ver en el apartado anterior, el C\u00f3digo deontol\u00f3gico catal\u00e1n se divide en dos partes. En la primera, constan los principios generales y, en la segunda, un conjunto de normas. En este apartado, se quiere poner el foco en los principios generales que, tal y como su nombre indica, deben guiar los principios [&hellip;]<\/p>\n","protected":false},"author":1,"featured_media":0,"parent":0,"menu_order":0,"comment_status":"closed","ping_status":"closed","template":"","meta":[],"acf":[],"_links":{"self":[{"href":"http:\/\/guia-prc.recursos.uoc.edu\/bones-practiques\/es\/wp-json\/wp\/v2\/pages\/65"}],"collection":[{"href":"http:\/\/guia-prc.recursos.uoc.edu\/bones-practiques\/es\/wp-json\/wp\/v2\/pages"}],"about":[{"href":"http:\/\/guia-prc.recursos.uoc.edu\/bones-practiques\/es\/wp-json\/wp\/v2\/types\/page"}],"author":[{"embeddable":true,"href":"http:\/\/guia-prc.recursos.uoc.edu\/bones-practiques\/es\/wp-json\/wp\/v2\/users\/1"}],"replies":[{"embeddable":true,"href":"http:\/\/guia-prc.recursos.uoc.edu\/bones-practiques\/es\/wp-json\/wp\/v2\/comments?post=65"}],"version-history":[{"count":2,"href":"http:\/\/guia-prc.recursos.uoc.edu\/bones-practiques\/es\/wp-json\/wp\/v2\/pages\/65\/revisions"}],"predecessor-version":[{"id":67,"href":"http:\/\/guia-prc.recursos.uoc.edu\/bones-practiques\/es\/wp-json\/wp\/v2\/pages\/65\/revisions\/67"}],"wp:attachment":[{"href":"http:\/\/guia-prc.recursos.uoc.edu\/bones-practiques\/es\/wp-json\/wp\/v2\/media?parent=65"}],"curies":[{"name":"wp","href":"https:\/\/api.w.org\/{rel}","templated":true}]}}