{"id":68,"date":"2023-06-19T13:31:42","date_gmt":"2023-06-19T11:31:42","guid":{"rendered":"http:\/\/guia-prc.recursos.uoc.edu\/bones-practiques\/?page_id=68"},"modified":"2025-03-10T19:10:36","modified_gmt":"2025-03-10T17:10:36","slug":"2-la-etica-del-ejercicio-profesional","status":"publish","type":"page","link":"http:\/\/guia-prc.recursos.uoc.edu\/bones-practiques\/es\/2-la-etica-del-ejercicio-profesional\/","title":{"rendered":"2. La \u00e9tica del ejercicio profesional"},"content":{"rendered":"<p>La \u00e9tica, entendida como el conjunto de principios de conducta normalmente correctos, aceptados por una persona o un grupo (<a href=\"http:\/\/pepsic.bvsalud.org\/scielo.php?script=sci_arttext&amp;pid=S2220-90262011000100003\" target=\"_blank\" rel=\"noopener\">Ardilla, 2011<\/a>), es imprescindible a la hora de ejercer de manera responsable como profesionales de la psicolog\u00eda, tambi\u00e9n durante las pr\u00e1cticas.<\/p>\n<p>Por esta raz\u00f3n, se os propone que revis\u00e9is y realic\u00e9is los ejercicios que encontrar\u00e9is en el recurso de aprendizaje \u201c<a href=\"https:\/\/materials.campus.uoc.edu\/cdocent\/PID_00292939\/\" target=\"_blank\" rel=\"noopener\">\u00c9tica y deontolog\u00eda en psicolog\u00eda<\/a>\u201d, as\u00ed como consultar el libro \u201c<a href=\"https:\/\/www.editorialuoc.com\/la-etica-en-la-practica-psicologica\" target=\"_blank\" rel=\"noopener\">La \u00e9tica en la pr\u00e1ctica psicol\u00f3gica. Dilemas y retos<\/a>\u201d, \u00fatil para vuestra inserci\u00f3n a la pr\u00e1ctica profesional.<\/p>\n","protected":false},"excerpt":{"rendered":"<p>La \u00e9tica, entendida como el conjunto de principios de conducta normalmente correctos, aceptados por una persona o un grupo (Ardilla, 2011), es imprescindible a la hora de ejercer de manera responsable como profesionales de la psicolog\u00eda, tambi\u00e9n durante las pr\u00e1cticas. Por esta raz\u00f3n, se os propone que revis\u00e9is y realic\u00e9is los ejercicios que encontrar\u00e9is en [&hellip;]<\/p>\n","protected":false},"author":1,"featured_media":0,"parent":0,"menu_order":0,"comment_status":"closed","ping_status":"closed","template":"","meta":[],"acf":[],"_links":{"self":[{"href":"http:\/\/guia-prc.recursos.uoc.edu\/bones-practiques\/es\/wp-json\/wp\/v2\/pages\/68"}],"collection":[{"href":"http:\/\/guia-prc.recursos.uoc.edu\/bones-practiques\/es\/wp-json\/wp\/v2\/pages"}],"about":[{"href":"http:\/\/guia-prc.recursos.uoc.edu\/bones-practiques\/es\/wp-json\/wp\/v2\/types\/page"}],"author":[{"embeddable":true,"href":"http:\/\/guia-prc.recursos.uoc.edu\/bones-practiques\/es\/wp-json\/wp\/v2\/users\/1"}],"replies":[{"embeddable":true,"href":"http:\/\/guia-prc.recursos.uoc.edu\/bones-practiques\/es\/wp-json\/wp\/v2\/comments?post=68"}],"version-history":[{"count":7,"href":"http:\/\/guia-prc.recursos.uoc.edu\/bones-practiques\/es\/wp-json\/wp\/v2\/pages\/68\/revisions"}],"predecessor-version":[{"id":128,"href":"http:\/\/guia-prc.recursos.uoc.edu\/bones-practiques\/es\/wp-json\/wp\/v2\/pages\/68\/revisions\/128"}],"wp:attachment":[{"href":"http:\/\/guia-prc.recursos.uoc.edu\/bones-practiques\/es\/wp-json\/wp\/v2\/media?parent=68"}],"curies":[{"name":"wp","href":"https:\/\/api.w.org\/{rel}","templated":true}]}}