{"id":74,"date":"2023-06-19T13:33:49","date_gmt":"2023-06-19T11:33:49","guid":{"rendered":"http:\/\/guia-prc.recursos.uoc.edu\/bones-practiques\/?page_id=74"},"modified":"2023-07-07T12:40:39","modified_gmt":"2023-07-07T10:40:39","slug":"3-la-confidencialidad","status":"publish","type":"page","link":"http:\/\/guia-prc.recursos.uoc.edu\/bones-practiques\/es\/3-la-confidencialidad\/","title":{"rendered":"3. La confidencialidad"},"content":{"rendered":"<p>Como sab\u00e9is, la confidencialidad es vital en el ejercicio profesional de la psicolog\u00eda. En otras palabras, la informaci\u00f3n personal a la que se tiene acceso es confidencial y, por lo tanto, no se puede hacer ning\u00fan tipo de difusi\u00f3n de ella, sin una autorizaci\u00f3n previa.<\/p>\n<p>Este concepto lo ten\u00e9is que tener siempre presente a lo largo de vuestro ejercicio profesional, y, como no puede ser de otra manera, tambi\u00e9n a lo largo de las pr\u00e1cticas, tanto si las hac\u00e9is en la modalidad de investigaci\u00f3n como si las hac\u00e9is en un centro externo.<\/p>\n<p>As\u00ed pues, a la hora de elaborar las actividades del aula, tanto si son las memorias de las pr\u00e1cticas externas, como si son debates o ejercicios relacionados con una investigaci\u00f3n, recordad que siempre ten\u00e9is que preservar la confidencialidad de las personas, lo que significa que no ten\u00e9is que incluir datos confidenciales, como pueden ser los nombres completos, las direcciones, los n\u00fameros de tel\u00e9fono, los n\u00fameros identificativos, como por ejemplo un DNI, etc.<\/p>\n<p>Adem\u00e1s, tambi\u00e9n ten\u00e9is que tener cuidado con el espacio en el que registr\u00e1is y guard\u00e1is la informaci\u00f3n a la que pod\u00e9is tener acceso, ya que esta informaci\u00f3n debe estar bien protegida con el fin de evitar que terceros puedan acceder a ella.<\/p>\n<p>Finalmente, os recomendamos que teng\u00e1is en cuenta los recursos siguientes:<\/p>\n<p>Ley org\u00e1nica 3\/2018, de 5 de diciembre, de Protecci\u00f3n de Datos Personales y garant\u00eda de los derechos digitales: <a href=\"https:\/\/www.boe.es\/buscar\/doc.php?id=BOE-A-2018-16673\" target=\"_blank\" rel=\"noopener\">https:\/\/www.boe.es\/buscar\/doc.php?id=BOE-A-2018-16673<\/a><\/p>\n<p>Hoja informativa sobre la declaraci\u00f3n del consentimiento informado: <a href=\"https:\/\/protected-content.ftp.uoc.edu\/biblioteca\/prestatgeries\/10170_80170\/112231_es.pdf\" target=\"_blank\" rel=\"noopener\">https:\/\/protected-content.ftp.uoc.edu\/biblioteca\/prestatgeries\/10170_80170\/112231_es.pdf<\/a><\/p>\n","protected":false},"excerpt":{"rendered":"<p>Como sab\u00e9is, la confidencialidad es vital en el ejercicio profesional de la psicolog\u00eda. En otras palabras, la informaci\u00f3n personal a la que se tiene acceso es confidencial y, por lo tanto, no se puede hacer ning\u00fan tipo de difusi\u00f3n de ella, sin una autorizaci\u00f3n previa. Este concepto lo ten\u00e9is que tener siempre presente a lo [&hellip;]<\/p>\n","protected":false},"author":1,"featured_media":0,"parent":0,"menu_order":0,"comment_status":"closed","ping_status":"closed","template":"","meta":[],"acf":[],"_links":{"self":[{"href":"http:\/\/guia-prc.recursos.uoc.edu\/bones-practiques\/es\/wp-json\/wp\/v2\/pages\/74"}],"collection":[{"href":"http:\/\/guia-prc.recursos.uoc.edu\/bones-practiques\/es\/wp-json\/wp\/v2\/pages"}],"about":[{"href":"http:\/\/guia-prc.recursos.uoc.edu\/bones-practiques\/es\/wp-json\/wp\/v2\/types\/page"}],"author":[{"embeddable":true,"href":"http:\/\/guia-prc.recursos.uoc.edu\/bones-practiques\/es\/wp-json\/wp\/v2\/users\/1"}],"replies":[{"embeddable":true,"href":"http:\/\/guia-prc.recursos.uoc.edu\/bones-practiques\/es\/wp-json\/wp\/v2\/comments?post=74"}],"version-history":[{"count":2,"href":"http:\/\/guia-prc.recursos.uoc.edu\/bones-practiques\/es\/wp-json\/wp\/v2\/pages\/74\/revisions"}],"predecessor-version":[{"id":76,"href":"http:\/\/guia-prc.recursos.uoc.edu\/bones-practiques\/es\/wp-json\/wp\/v2\/pages\/74\/revisions\/76"}],"wp:attachment":[{"href":"http:\/\/guia-prc.recursos.uoc.edu\/bones-practiques\/es\/wp-json\/wp\/v2\/media?parent=74"}],"curies":[{"name":"wp","href":"https:\/\/api.w.org\/{rel}","templated":true}]}}