{"id":78,"date":"2023-06-19T13:36:23","date_gmt":"2023-06-19T11:36:23","guid":{"rendered":"http:\/\/guia-prc.recursos.uoc.edu\/bones-practiques\/?page_id=78"},"modified":"2023-09-25T10:46:41","modified_gmt":"2023-09-25T08:46:41","slug":"4-los-imprescindibles-para-cursar-el-practicum-externo-y-disfrutar-de-el","status":"publish","type":"page","link":"http:\/\/guia-prc.recursos.uoc.edu\/bones-practiques\/es\/4-los-imprescindibles-para-cursar-el-practicum-externo-y-disfrutar-de-el\/","title":{"rendered":"4. Los imprescindibles para cursar el Pr\u00e1cticum externo y disfrutar de \u00e9l"},"content":{"rendered":"<p>Despu\u00e9s de muchos semestres esperando el inicio en el mundo laboral, nos gustar\u00eda enviaros un dec\u00e1logo, para que disfrut\u00e9is del Pr\u00e1cticum externo y pod\u00e1is extraer el m\u00e1ximo posible de habilidades y de aprendizajes.<\/p>\n<ol>\n<li style=\"list-style-type: none;\">\n<ol>\n<li><strong> Escuchad y aprended.<\/strong> El Pr\u00e1cticum es una oportunidad para escuchar a las personas con las que se trabaja y para aprender de ellas y de sus experiencias. En psicolog\u00eda, la escucha activa es uno de los ejes vertebradores de la disciplina.<\/li>\n<li><strong> No olvid\u00e9is que<\/strong> <strong>la \u00e9tica rige nuestra tarea.<\/strong> Uno de los puntos clave que debe tener en cuenta cualquier profesional de la psicolog\u00eda es el de mantener la confidencialidad de todos los datos con los que se trabaja. Sin embargo, en el transcurso del Pr\u00e1cticum pueden surgir cuestiones \u00e9ticas que hay que compartir con el equipo de manera profesional y responsable.<\/li>\n<li><strong> Formad parte del equipo.<\/strong> El trabajo en equipo implica la cooperaci\u00f3n, la colaboraci\u00f3n y la compartici\u00f3n de conocimientos y recursos con profesionales del centro donde se lleva a cabo el Pr\u00e1cticum. Aunque es el equipo quien os permite disfrutar de esta experiencia, vuestra actitud es indispensable para hacerlo posible.<\/li>\n<li><strong> Sed conscientes de vuestras habilidades, pero tambi\u00e9n de vuestras limitaciones.<\/strong> Es importante que reconozc\u00e1is vuestras propias limitaciones y que teng\u00e1is la capacidad de preguntar y pedir ayuda, apoyo o supervisi\u00f3n en las tareas que desarroll\u00e9is en el Pr\u00e1cticum.<\/li>\n<li><strong> Permitid que la supervisi\u00f3n mejore los aprendizajes.<\/strong> La supervisi\u00f3n os ayudar\u00e1 a tomar conciencia de vuestras habilidades y de los puntos que ten\u00e9is que mejorar. Recordad que la supervisi\u00f3n implica una actitud constructiva, abierta y generosa por parte de la tutor\u00eda y del estudiantado.<\/li>\n<li><strong> Haced un diario del Pr\u00e1cticum.<\/strong> Anotad todos los aprendizajes y todas las experiencias vividas, porque esto os permitir\u00e1 enriquecer el Pr\u00e1cticum y os ser\u00e1 muy \u00fatil en vuestro futuro laboral.<\/li>\n<li><strong> Mantened los ojos abiertos.<\/strong> El Pr\u00e1cticum es una oportunidad para demostrar que ten\u00e9is inter\u00e9s en la psicolog\u00eda y que est\u00e1is motivados para ejercerla. Mostrar una actitud positiva y comprometida puede conducir a experiencias m\u00e1s enriquecedoras y a oportunidades de aprendizaje o laborales.<\/li>\n<li><strong> Mostrad capacidad de adaptaci\u00f3n.<\/strong> Preparaos para trabajar en diferentes contextos, lo que implica desarrollar flexibilidad, resiliencia y habilidades de comunicaci\u00f3n.<\/li>\n<\/ol>\n<\/li>\n<\/ol>\n","protected":false},"excerpt":{"rendered":"<p>Despu\u00e9s de muchos semestres esperando el inicio en el mundo laboral, nos gustar\u00eda enviaros un dec\u00e1logo, para que disfrut\u00e9is del Pr\u00e1cticum externo y pod\u00e1is extraer el m\u00e1ximo posible de habilidades y de aprendizajes. Escuchad y aprended. El Pr\u00e1cticum es una oportunidad para escuchar a las personas con las que se trabaja y para aprender de [&hellip;]<\/p>\n","protected":false},"author":1,"featured_media":0,"parent":0,"menu_order":0,"comment_status":"closed","ping_status":"closed","template":"","meta":[],"acf":[],"_links":{"self":[{"href":"http:\/\/guia-prc.recursos.uoc.edu\/bones-practiques\/es\/wp-json\/wp\/v2\/pages\/78"}],"collection":[{"href":"http:\/\/guia-prc.recursos.uoc.edu\/bones-practiques\/es\/wp-json\/wp\/v2\/pages"}],"about":[{"href":"http:\/\/guia-prc.recursos.uoc.edu\/bones-practiques\/es\/wp-json\/wp\/v2\/types\/page"}],"author":[{"embeddable":true,"href":"http:\/\/guia-prc.recursos.uoc.edu\/bones-practiques\/es\/wp-json\/wp\/v2\/users\/1"}],"replies":[{"embeddable":true,"href":"http:\/\/guia-prc.recursos.uoc.edu\/bones-practiques\/es\/wp-json\/wp\/v2\/comments?post=78"}],"version-history":[{"count":6,"href":"http:\/\/guia-prc.recursos.uoc.edu\/bones-practiques\/es\/wp-json\/wp\/v2\/pages\/78\/revisions"}],"predecessor-version":[{"id":106,"href":"http:\/\/guia-prc.recursos.uoc.edu\/bones-practiques\/es\/wp-json\/wp\/v2\/pages\/78\/revisions\/106"}],"wp:attachment":[{"href":"http:\/\/guia-prc.recursos.uoc.edu\/bones-practiques\/es\/wp-json\/wp\/v2\/media?parent=78"}],"curies":[{"name":"wp","href":"https:\/\/api.w.org\/{rel}","templated":true}]}}