{"id":82,"date":"2023-06-19T13:37:47","date_gmt":"2023-06-19T11:37:47","guid":{"rendered":"http:\/\/guia-prc.recursos.uoc.edu\/bones-practiques\/?page_id=82"},"modified":"2025-03-11T09:19:32","modified_gmt":"2025-03-11T07:19:32","slug":"bibliografia","status":"publish","type":"page","link":"http:\/\/guia-prc.recursos.uoc.edu\/bones-practiques\/es\/bibliografia\/","title":{"rendered":"Bibliograf\u00eda"},"content":{"rendered":"<p>Ardila, R. [Rub\u00e9n]. (2011). Una declaraci\u00f3n de principios \u00e9ticos en psicolog\u00eda para toda la humanidad. <em>Eureka<\/em>, <em>8<\/em>(1), 14-18.<\/p>\n<p>Garc\u00eda, R. [Roberto]. (2024).\u00a0<em>\u00c9tica y deontolog\u00eda en psicolog\u00eda<\/em>. [recurso de aprendizaje textual]. Fundaci\u00f3 Universitat Oberta de Catalunya (FUOC).<\/p>\n<p>Selva, C. [Clara] y Pina, R. [Roc\u00edo]. (2025). <em>La \u00e9tica en la pr\u00e1ctica psicol\u00f3gica. Dilemas y retos<\/em>. UOC.<\/p>\n","protected":false},"excerpt":{"rendered":"<p>Ardila, R. [Rub\u00e9n]. (2011). Una declaraci\u00f3n de principios \u00e9ticos en psicolog\u00eda para toda la humanidad. Eureka, 8(1), 14-18. Garc\u00eda, R. [Roberto]. (2024).\u00a0\u00c9tica y deontolog\u00eda en psicolog\u00eda. [recurso de aprendizaje textual]. Fundaci\u00f3 Universitat Oberta de Catalunya (FUOC). Selva, C. [Clara] y Pina, R. [Roc\u00edo]. (2025). La \u00e9tica en la pr\u00e1ctica psicol\u00f3gica. Dilemas y retos. UOC.<\/p>\n","protected":false},"author":1,"featured_media":0,"parent":0,"menu_order":0,"comment_status":"closed","ping_status":"closed","template":"","meta":[],"acf":[],"_links":{"self":[{"href":"http:\/\/guia-prc.recursos.uoc.edu\/bones-practiques\/es\/wp-json\/wp\/v2\/pages\/82"}],"collection":[{"href":"http:\/\/guia-prc.recursos.uoc.edu\/bones-practiques\/es\/wp-json\/wp\/v2\/pages"}],"about":[{"href":"http:\/\/guia-prc.recursos.uoc.edu\/bones-practiques\/es\/wp-json\/wp\/v2\/types\/page"}],"author":[{"embeddable":true,"href":"http:\/\/guia-prc.recursos.uoc.edu\/bones-practiques\/es\/wp-json\/wp\/v2\/users\/1"}],"replies":[{"embeddable":true,"href":"http:\/\/guia-prc.recursos.uoc.edu\/bones-practiques\/es\/wp-json\/wp\/v2\/comments?post=82"}],"version-history":[{"count":5,"href":"http:\/\/guia-prc.recursos.uoc.edu\/bones-practiques\/es\/wp-json\/wp\/v2\/pages\/82\/revisions"}],"predecessor-version":[{"id":150,"href":"http:\/\/guia-prc.recursos.uoc.edu\/bones-practiques\/es\/wp-json\/wp\/v2\/pages\/82\/revisions\/150"}],"wp:attachment":[{"href":"http:\/\/guia-prc.recursos.uoc.edu\/bones-practiques\/es\/wp-json\/wp\/v2\/media?parent=82"}],"curies":[{"name":"wp","href":"https:\/\/api.w.org\/{rel}","templated":true}]}}