{"id":24,"date":"2023-06-19T13:23:52","date_gmt":"2023-06-19T11:23:52","guid":{"rendered":"http:\/\/guia-prc.recursos.uoc.edu\/bones-practiques\/?page_id=24"},"modified":"2023-09-25T10:45:04","modified_gmt":"2023-09-25T08:45:04","slug":"introduccio","status":"publish","type":"page","link":"http:\/\/guia-prc.recursos.uoc.edu\/bones-practiques\/","title":{"rendered":"Introducci\u00f3"},"content":{"rendered":"<p>Tal com heu vist i treballat al llarg de tota la titulaci\u00f3, el Codi Deontol\u00f2gic \u00e9s b\u00e0sic a la professi\u00f3 i els seus principis i les seves normes han de marcar l\u2019actuaci\u00f3 professional, en qualsevol dels camps d\u2019aplicaci\u00f3 de la psicologia.<\/p>\n<p>Per aquesta mateixa ra\u00f3, es recomana que reviseu el Codi Deontol\u00f2gic i, especialment, els punts que es treballen en aquest m\u00f2dul.<\/p>\n","protected":false},"excerpt":{"rendered":"<p>Tal com heu vist i treballat al llarg de tota la titulaci\u00f3, el Codi Deontol\u00f2gic \u00e9s b\u00e0sic a la professi\u00f3 i els seus principis i les seves normes han de marcar l\u2019actuaci\u00f3 professional, en qualsevol dels camps d\u2019aplicaci\u00f3 de la psicologia. Per aquesta mateixa ra\u00f3, es recomana que reviseu el Codi Deontol\u00f2gic i, especialment, els [&hellip;]<\/p>\n","protected":false},"author":1,"featured_media":0,"parent":0,"menu_order":0,"comment_status":"closed","ping_status":"closed","template":"","meta":[],"acf":[],"_links":{"self":[{"href":"http:\/\/guia-prc.recursos.uoc.edu\/bones-practiques\/wp-json\/wp\/v2\/pages\/24"}],"collection":[{"href":"http:\/\/guia-prc.recursos.uoc.edu\/bones-practiques\/wp-json\/wp\/v2\/pages"}],"about":[{"href":"http:\/\/guia-prc.recursos.uoc.edu\/bones-practiques\/wp-json\/wp\/v2\/types\/page"}],"author":[{"embeddable":true,"href":"http:\/\/guia-prc.recursos.uoc.edu\/bones-practiques\/wp-json\/wp\/v2\/users\/1"}],"replies":[{"embeddable":true,"href":"http:\/\/guia-prc.recursos.uoc.edu\/bones-practiques\/wp-json\/wp\/v2\/comments?post=24"}],"version-history":[{"count":5,"href":"http:\/\/guia-prc.recursos.uoc.edu\/bones-practiques\/wp-json\/wp\/v2\/pages\/24\/revisions"}],"predecessor-version":[{"id":103,"href":"http:\/\/guia-prc.recursos.uoc.edu\/bones-practiques\/wp-json\/wp\/v2\/pages\/24\/revisions\/103"}],"wp:attachment":[{"href":"http:\/\/guia-prc.recursos.uoc.edu\/bones-practiques\/wp-json\/wp\/v2\/media?parent=24"}],"curies":[{"name":"wp","href":"https:\/\/api.w.org\/{rel}","templated":true}]}}