{"id":28,"date":"2023-06-19T13:26:35","date_gmt":"2023-06-19T11:26:35","guid":{"rendered":"http:\/\/guia-prc.recursos.uoc.edu\/bones-practiques\/?page_id=28"},"modified":"2023-06-22T12:45:41","modified_gmt":"2023-06-22T10:45:41","slug":"1-1-introduccio","status":"publish","type":"page","link":"http:\/\/guia-prc.recursos.uoc.edu\/bones-practiques\/1-1-introduccio\/","title":{"rendered":"1.1. Introducci\u00f3"},"content":{"rendered":"<p>El Codi deontol\u00f2gic estableix un marc de principis generals i espec\u00edfics sota el qual el conjunt de professionals de la psicologia ha d\u2019exercir la professi\u00f3.<\/p>\n<p>Al pre\u00e0mbul del mateix Codi deontol\u00f2gic del Col\u00b7legi Oficial de Psicologia de Catalunya s\u2019indica que:<\/p>\n<blockquote><p>\u00abEls seus objectius s\u00f3n l\u2019orientaci\u00f3 de l\u2019exercici professional, la promoci\u00f3 de la responsabilitat, la integritat professional i el respecte pels drets i la dignitat de les persones.\u00bb<\/p><\/blockquote>\n<p>Abans d\u2019iniciar les pr\u00e0ctiques, i durant el per\u00edode de pr\u00e0ctiques, llegiu-lo amb atenci\u00f3. Recordeu que podeu trobar el Codi deontol\u00f2gic que s\u2019aplica a cada comunitat aut\u00f2noma. A continuaci\u00f3, trobareu l\u2019enlla\u00e7 al <a href=\"https:\/\/arxiu.copc.cat\/adjuntos\/adjunto_188.1524062657.pdf\" target=\"_blank\" rel=\"noopener\">Codi deontol\u00f2gic del Col\u00b7legi Oficial de Psicologia de Catalunya<\/a> (COPC) i, tamb\u00e9, l\u2019enlla\u00e7 al <a href=\"http:\/\/www.cop.es\/pdf\/CodigoDeontologicodelPsicologo-vigente.pdf\" target=\"_blank\" rel=\"noopener\">Codi deontol\u00f2gic<\/a> que s\u2019aplica a tot Espanya, corresponent al Colegio Oficial de Psicolog\u00eda (COP).<\/p>\n","protected":false},"excerpt":{"rendered":"<p>El Codi deontol\u00f2gic estableix un marc de principis generals i espec\u00edfics sota el qual el conjunt de professionals de la psicologia ha d\u2019exercir la professi\u00f3. Al pre\u00e0mbul del mateix Codi deontol\u00f2gic del Col\u00b7legi Oficial de Psicologia de Catalunya s\u2019indica que: \u00abEls seus objectius s\u00f3n l\u2019orientaci\u00f3 de l\u2019exercici professional, la promoci\u00f3 de la responsabilitat, la integritat [&hellip;]<\/p>\n","protected":false},"author":1,"featured_media":0,"parent":0,"menu_order":0,"comment_status":"closed","ping_status":"closed","template":"","meta":[],"acf":[],"_links":{"self":[{"href":"http:\/\/guia-prc.recursos.uoc.edu\/bones-practiques\/wp-json\/wp\/v2\/pages\/28"}],"collection":[{"href":"http:\/\/guia-prc.recursos.uoc.edu\/bones-practiques\/wp-json\/wp\/v2\/pages"}],"about":[{"href":"http:\/\/guia-prc.recursos.uoc.edu\/bones-practiques\/wp-json\/wp\/v2\/types\/page"}],"author":[{"embeddable":true,"href":"http:\/\/guia-prc.recursos.uoc.edu\/bones-practiques\/wp-json\/wp\/v2\/users\/1"}],"replies":[{"embeddable":true,"href":"http:\/\/guia-prc.recursos.uoc.edu\/bones-practiques\/wp-json\/wp\/v2\/comments?post=28"}],"version-history":[{"count":4,"href":"http:\/\/guia-prc.recursos.uoc.edu\/bones-practiques\/wp-json\/wp\/v2\/pages\/28\/revisions"}],"predecessor-version":[{"id":49,"href":"http:\/\/guia-prc.recursos.uoc.edu\/bones-practiques\/wp-json\/wp\/v2\/pages\/28\/revisions\/49"}],"wp:attachment":[{"href":"http:\/\/guia-prc.recursos.uoc.edu\/bones-practiques\/wp-json\/wp\/v2\/media?parent=28"}],"curies":[{"name":"wp","href":"https:\/\/api.w.org\/{rel}","templated":true}]}}