{"id":32,"date":"2023-06-19T13:29:24","date_gmt":"2023-06-19T11:29:24","guid":{"rendered":"http:\/\/guia-prc.recursos.uoc.edu\/bones-practiques\/?page_id=32"},"modified":"2023-06-22T12:46:54","modified_gmt":"2023-06-22T10:46:54","slug":"1-2-principis-generals","status":"publish","type":"page","link":"http:\/\/guia-prc.recursos.uoc.edu\/bones-practiques\/1-2-principis-generals\/","title":{"rendered":"1.2. Principis generals"},"content":{"rendered":"<p>Com heu pogut veure a l\u2019apartat anterior, el Codi deontol\u00f2gic catal\u00e0 es divideix en dues parts. En la primera, hi consten els principis generals i, en la segona, un conjunt de normes.<\/p>\n<p>En aquest apartat, es vol posar el focus en els principis generals que, tal com el seu nom indica, han de guiar els principis pels quals s\u2019ha d\u2019exercir la professi\u00f3.<\/p>\n<p><strong>La benefic\u00e8ncia i no-malefic\u00e8ncia <\/strong><\/p>\n<p>Aquest principi estableix el comprom\u00eds de la promoci\u00f3 i la protecci\u00f3 dels interessos leg\u00edtims de les persones, incloent-hi el seu benestar f\u00edsic, ps\u00edquic i social. Per tant, \u00e9s un deure prioritari evitar causar dany amb les nostres accions (COPC, 2015).<\/p>\n<p><strong>La responsabilitat<\/strong><\/p>\n<p>Totes les activitats, com a professionals de la psicologia, s\u2019han de dur a terme sota responsabilitat professional i cient\u00edfica, i complint les normes deontol\u00f2giques. Tamb\u00e9 s\u2019ha de mantenir una formaci\u00f3 continuada (COPC, 2015).<\/p>\n<p><strong>La integritat<\/strong><\/p>\n<p>Durant l\u2019exercici professional, s\u2019ha de promoure l\u2019exactitud, el rigor, la veracitat, l\u2019ensenyament i la recerca. A m\u00e9s, les relacions amb les persones han de tenir lloc des del respecte i han de complir el principi d\u2019honestedat (COPC, 2015).<\/p>\n<p><strong>La just\u00edcia<\/strong><\/p>\n<p>L\u2019exercici professional ha de ser equitatiu i just, sense cap mena de discriminaci\u00f3 (COPC, 2015).<\/p>\n<p><strong>La legalitat<\/strong><\/p>\n<p>Durant l\u2019exercici professional s\u2019han de respectar els drets de privacitat, confidencialitat i autonomia personal. A m\u00e9s, l\u2019activitat s\u2019ha de desenvolupar d\u2019acord amb la legalitat internacional, la nacional i l\u2019auton\u00f2mica, i tenint en compte les normes de regulaci\u00f3 d\u2019aquesta professi\u00f3 (COPC, 2015).<\/p>\n","protected":false},"excerpt":{"rendered":"<p>Com heu pogut veure a l\u2019apartat anterior, el Codi deontol\u00f2gic catal\u00e0 es divideix en dues parts. En la primera, hi consten els principis generals i, en la segona, un conjunt de normes. En aquest apartat, es vol posar el focus en els principis generals que, tal com el seu nom indica, han de guiar els [&hellip;]<\/p>\n","protected":false},"author":1,"featured_media":0,"parent":0,"menu_order":0,"comment_status":"closed","ping_status":"closed","template":"","meta":[],"acf":[],"_links":{"self":[{"href":"http:\/\/guia-prc.recursos.uoc.edu\/bones-practiques\/wp-json\/wp\/v2\/pages\/32"}],"collection":[{"href":"http:\/\/guia-prc.recursos.uoc.edu\/bones-practiques\/wp-json\/wp\/v2\/pages"}],"about":[{"href":"http:\/\/guia-prc.recursos.uoc.edu\/bones-practiques\/wp-json\/wp\/v2\/types\/page"}],"author":[{"embeddable":true,"href":"http:\/\/guia-prc.recursos.uoc.edu\/bones-practiques\/wp-json\/wp\/v2\/users\/1"}],"replies":[{"embeddable":true,"href":"http:\/\/guia-prc.recursos.uoc.edu\/bones-practiques\/wp-json\/wp\/v2\/comments?post=32"}],"version-history":[{"count":2,"href":"http:\/\/guia-prc.recursos.uoc.edu\/bones-practiques\/wp-json\/wp\/v2\/pages\/32\/revisions"}],"predecessor-version":[{"id":51,"href":"http:\/\/guia-prc.recursos.uoc.edu\/bones-practiques\/wp-json\/wp\/v2\/pages\/32\/revisions\/51"}],"wp:attachment":[{"href":"http:\/\/guia-prc.recursos.uoc.edu\/bones-practiques\/wp-json\/wp\/v2\/media?parent=32"}],"curies":[{"name":"wp","href":"https:\/\/api.w.org\/{rel}","templated":true}]}}