{"id":35,"date":"2023-06-19T13:31:42","date_gmt":"2023-06-19T11:31:42","guid":{"rendered":"http:\/\/guia-prc.recursos.uoc.edu\/bones-practiques\/?page_id=35"},"modified":"2025-03-10T19:09:55","modified_gmt":"2025-03-10T17:09:55","slug":"2-letica-de-lexercici-professional","status":"publish","type":"page","link":"http:\/\/guia-prc.recursos.uoc.edu\/bones-practiques\/2-letica-de-lexercici-professional\/","title":{"rendered":"2. L\u2019\u00e8tica de l\u2019exercici professional"},"content":{"rendered":"<p>L\u2019\u00e8tica, entesa com el conjunt de principis de conducta normalment correctes, acceptats per una persona o per un grup (<a href=\"http:\/\/pepsic.bvsalud.org\/scielo.php?script=sci_arttext&amp;pid=S2220-90262011000100003\" target=\"_blank\" rel=\"noopener\">Ardilla, 2011<\/a>), \u00e9s imprescindible a l\u2019hora d\u2019exercir de manera responsable com a professionals de la psicologia, tamb\u00e9 durant les pr\u00e0ctiques.<\/p>\n<p>Per aquesta ra\u00f3, se us proposa que reviseu i dueu a terme els exercicis que trobareu al recurs d&#8217;aprenentatge \u201c<a href=\"https:\/\/materials.campus.uoc.edu\/cdocent\/PID_00292938\/\" target=\"_blank\" rel=\"noopener\">\u00c8tica i deontologia en psicologia<\/a>\u201d, aix\u00ed com consultar el llibre \u201c<a href=\"https:\/\/www.editorialuoc.com\/la-etica-en-la-practica-psicologica\" target=\"_blank\" rel=\"noopener\">La \u00e9tica en la pr\u00e1ctica psicol\u00f3gica. Dilemas y retos<\/a>\u201d, \u00fatil per la vostra inserci\u00f3 a la pr\u00e0ctica professional.<\/p>\n","protected":false},"excerpt":{"rendered":"<p>L\u2019\u00e8tica, entesa com el conjunt de principis de conducta normalment correctes, acceptats per una persona o per un grup (Ardilla, 2011), \u00e9s imprescindible a l\u2019hora d\u2019exercir de manera responsable com a professionals de la psicologia, tamb\u00e9 durant les pr\u00e0ctiques. Per aquesta ra\u00f3, se us proposa que reviseu i dueu a terme els exercicis que trobareu [&hellip;]<\/p>\n","protected":false},"author":1,"featured_media":0,"parent":0,"menu_order":0,"comment_status":"closed","ping_status":"closed","template":"","meta":[],"acf":[],"_links":{"self":[{"href":"http:\/\/guia-prc.recursos.uoc.edu\/bones-practiques\/wp-json\/wp\/v2\/pages\/35"}],"collection":[{"href":"http:\/\/guia-prc.recursos.uoc.edu\/bones-practiques\/wp-json\/wp\/v2\/pages"}],"about":[{"href":"http:\/\/guia-prc.recursos.uoc.edu\/bones-practiques\/wp-json\/wp\/v2\/types\/page"}],"author":[{"embeddable":true,"href":"http:\/\/guia-prc.recursos.uoc.edu\/bones-practiques\/wp-json\/wp\/v2\/users\/1"}],"replies":[{"embeddable":true,"href":"http:\/\/guia-prc.recursos.uoc.edu\/bones-practiques\/wp-json\/wp\/v2\/comments?post=35"}],"version-history":[{"count":8,"href":"http:\/\/guia-prc.recursos.uoc.edu\/bones-practiques\/wp-json\/wp\/v2\/pages\/35\/revisions"}],"predecessor-version":[{"id":127,"href":"http:\/\/guia-prc.recursos.uoc.edu\/bones-practiques\/wp-json\/wp\/v2\/pages\/35\/revisions\/127"}],"wp:attachment":[{"href":"http:\/\/guia-prc.recursos.uoc.edu\/bones-practiques\/wp-json\/wp\/v2\/media?parent=35"}],"curies":[{"name":"wp","href":"https:\/\/api.w.org\/{rel}","templated":true}]}}