{"id":42,"date":"2023-06-19T13:36:23","date_gmt":"2023-06-19T11:36:23","guid":{"rendered":"http:\/\/guia-prc.recursos.uoc.edu\/bones-practiques\/?page_id=42"},"modified":"2023-09-25T10:49:38","modified_gmt":"2023-09-25T08:49:38","slug":"4-els-imprescindibles-per-cursar-el-practicum-extern-i-gaudir-ne","status":"publish","type":"page","link":"http:\/\/guia-prc.recursos.uoc.edu\/bones-practiques\/4-els-imprescindibles-per-cursar-el-practicum-extern-i-gaudir-ne\/","title":{"rendered":"4. Els imprescindibles per cursar el Pr\u00e0cticum extern i gaudir-ne"},"content":{"rendered":"<p>Despr\u00e9s de molts semestres esperant iniciar-vos en el m\u00f3n laboral, a continuaci\u00f3 trobareu un dec\u00e0leg perqu\u00e8 us ajudi a gaudir del Pr\u00e0cticum extern i a poder-ne extreure com m\u00e9s habilitats i aprenentatges millor.<\/p>\n<ol>\n<li><strong> Escolteu i apreneu.<\/strong> El Pr\u00e0cticum \u00e9s una oportunitat per escoltar les persones amb les quals es treballa i per aprendre d\u2019elles i de les seves experi\u00e8ncies. En psicologia, l\u2019escolta activa \u00e9s un dels eixos vertebradors de la disciplina.<\/li>\n<li><strong> No oblideu que l\u2019\u00e8tica regeix la nostra tasca.<\/strong> Un dels punts clau que ha de tenir en compte qualsevol professional de la psicologia \u00e9s el de mantenir la confidencialitat de totes les dades amb les quals es treballa. Tanmateix, en el transcurs del Pr\u00e0cticum poden sorgir q\u00fcestions \u00e8tiques que cal compartir amb l\u2019equip de manera professional i responsable.<\/li>\n<li><strong> Formeu part de l\u2019equip.<\/strong> El treball en equip implica la cooperaci\u00f3, la col\u00b7laboraci\u00f3 i la compartici\u00f3 de coneixements i recursos amb professionals del centre on es duu a terme el Pr\u00e0cticum. Tot i que \u00e9s l\u2019equip qui us permet gaudir d\u2019aquesta experi\u00e8ncia, la vostra actitud \u00e9s indispensable per fer-ho possible.<\/li>\n<li><strong> Sigueu conscients de les vostres habilitats, per\u00f2 tamb\u00e9 de les vostres limitacions. <\/strong>\u00c9s important que reconegueu les pr\u00f2pies limitacions i que tingueu la capacitat de preguntar i demanar ajuda, suport o supervisi\u00f3 en les tasques que desenvolupeu en el Pr\u00e0cticum.<\/li>\n<li><strong> Permeteu que la supervisi\u00f3 millori els aprenentatges.<\/strong> La supervisi\u00f3 us ajudar\u00e0 a prendre consci\u00e8ncia de les vostres habilitats i dels punts que us cal millorar. Recordeu que la supervisi\u00f3 implica una actitud constructiva, oberta i generosa per part de la tutoria i de l\u2019estudiantat.<\/li>\n<li><strong> Feu un diari del Pr\u00e0cticum.<\/strong> Anoteu tots els aprenentatges i totes les experi\u00e8ncies viscudes, perqu\u00e8 aix\u00f2 us permetr\u00e0 enriquir el Pr\u00e0cticum i us ser\u00e0 molt \u00fatil de cara al futur laboral.<\/li>\n<li><strong> Mantingueu els ulls oberts. <\/strong>El Pr\u00e0cticum \u00e9s una oportunitat per demostrar que teniu inter\u00e8s en la psicologia i que esteu motivats per exercir-la. Mostrar una actitud positiva i compromesa pot conduir a experi\u00e8ncies m\u00e9s enriquidores i a oportunitats d\u2019aprenentatge o laborals.<\/li>\n<li><strong> Mostreu capacitat d\u2019adaptaci\u00f3.<\/strong> Prepareu-vos per treballar en diferents contextos, fet que implica desenvolupar flexibilitat, resili\u00e8ncia i habilitats de comunicaci\u00f3.<\/li>\n<\/ol>\n","protected":false},"excerpt":{"rendered":"<p>Despr\u00e9s de molts semestres esperant iniciar-vos en el m\u00f3n laboral, a continuaci\u00f3 trobareu un dec\u00e0leg perqu\u00e8 us ajudi a gaudir del Pr\u00e0cticum extern i a poder-ne extreure com m\u00e9s habilitats i aprenentatges millor. Escolteu i apreneu. El Pr\u00e0cticum \u00e9s una oportunitat per escoltar les persones amb les quals es treballa i per aprendre d\u2019elles i [&hellip;]<\/p>\n","protected":false},"author":1,"featured_media":0,"parent":0,"menu_order":0,"comment_status":"closed","ping_status":"closed","template":"","meta":[],"acf":[],"_links":{"self":[{"href":"http:\/\/guia-prc.recursos.uoc.edu\/bones-practiques\/wp-json\/wp\/v2\/pages\/42"}],"collection":[{"href":"http:\/\/guia-prc.recursos.uoc.edu\/bones-practiques\/wp-json\/wp\/v2\/pages"}],"about":[{"href":"http:\/\/guia-prc.recursos.uoc.edu\/bones-practiques\/wp-json\/wp\/v2\/types\/page"}],"author":[{"embeddable":true,"href":"http:\/\/guia-prc.recursos.uoc.edu\/bones-practiques\/wp-json\/wp\/v2\/users\/1"}],"replies":[{"embeddable":true,"href":"http:\/\/guia-prc.recursos.uoc.edu\/bones-practiques\/wp-json\/wp\/v2\/comments?post=42"}],"version-history":[{"count":3,"href":"http:\/\/guia-prc.recursos.uoc.edu\/bones-practiques\/wp-json\/wp\/v2\/pages\/42\/revisions"}],"predecessor-version":[{"id":105,"href":"http:\/\/guia-prc.recursos.uoc.edu\/bones-practiques\/wp-json\/wp\/v2\/pages\/42\/revisions\/105"}],"wp:attachment":[{"href":"http:\/\/guia-prc.recursos.uoc.edu\/bones-practiques\/wp-json\/wp\/v2\/media?parent=42"}],"curies":[{"name":"wp","href":"https:\/\/api.w.org\/{rel}","templated":true}]}}