{"id":45,"date":"2023-06-19T13:37:47","date_gmt":"2023-06-19T11:37:47","guid":{"rendered":"http:\/\/guia-prc.recursos.uoc.edu\/bones-practiques\/?page_id=45"},"modified":"2025-01-27T18:36:08","modified_gmt":"2025-01-27T16:36:08","slug":"bibliografia","status":"publish","type":"page","link":"http:\/\/guia-prc.recursos.uoc.edu\/bones-practiques\/bibliografia\/","title":{"rendered":"Bibliografia"},"content":{"rendered":"<p>Ardila, R. [Rub\u00e9n]. (2011). Una declaraci\u00f3n de principios \u00e9ticos en psicolog\u00eda para toda la humanidad. <em>Eureka<\/em>, <em>8<\/em>(1), 14-18.<\/p>\n<p>Garc\u00eda, R. [Roberto]. (2024). <em>\u00c8tica i deontolog\u00eda en psicologia<\/em>. [recurs d\u2019aprenentatge]. Fundaci\u00f3 Universitat Oberta de Catalunya (FUOC).<\/p>\n<p>Selva, C. [Clara] i Pina, R. [Roc\u00edo]. (2025). <em>La \u00e9tica en la pr\u00e1ctica psicol\u00f3gica. Dilemas y retos<\/em>. UOC.<\/p>\n","protected":false},"excerpt":{"rendered":"<p>Ardila, R. [Rub\u00e9n]. (2011). Una declaraci\u00f3n de principios \u00e9ticos en psicolog\u00eda para toda la humanidad. Eureka, 8(1), 14-18. Garc\u00eda, R. [Roberto]. (2024). \u00c8tica i deontolog\u00eda en psicologia. [recurs d\u2019aprenentatge]. Fundaci\u00f3 Universitat Oberta de Catalunya (FUOC). Selva, C. [Clara] i Pina, R. [Roc\u00edo]. (2025). La \u00e9tica en la pr\u00e1ctica psicol\u00f3gica. Dilemas y retos. UOC.<\/p>\n","protected":false},"author":1,"featured_media":0,"parent":0,"menu_order":0,"comment_status":"closed","ping_status":"closed","template":"","meta":[],"acf":[],"_links":{"self":[{"href":"http:\/\/guia-prc.recursos.uoc.edu\/bones-practiques\/wp-json\/wp\/v2\/pages\/45"}],"collection":[{"href":"http:\/\/guia-prc.recursos.uoc.edu\/bones-practiques\/wp-json\/wp\/v2\/pages"}],"about":[{"href":"http:\/\/guia-prc.recursos.uoc.edu\/bones-practiques\/wp-json\/wp\/v2\/types\/page"}],"author":[{"embeddable":true,"href":"http:\/\/guia-prc.recursos.uoc.edu\/bones-practiques\/wp-json\/wp\/v2\/users\/1"}],"replies":[{"embeddable":true,"href":"http:\/\/guia-prc.recursos.uoc.edu\/bones-practiques\/wp-json\/wp\/v2\/comments?post=45"}],"version-history":[{"count":2,"href":"http:\/\/guia-prc.recursos.uoc.edu\/bones-practiques\/wp-json\/wp\/v2\/pages\/45\/revisions"}],"predecessor-version":[{"id":119,"href":"http:\/\/guia-prc.recursos.uoc.edu\/bones-practiques\/wp-json\/wp\/v2\/pages\/45\/revisions\/119"}],"wp:attachment":[{"href":"http:\/\/guia-prc.recursos.uoc.edu\/bones-practiques\/wp-json\/wp\/v2\/media?parent=45"}],"curies":[{"name":"wp","href":"https:\/\/api.w.org\/{rel}","templated":true}]}}