{"id":27,"date":"2023-05-15T10:38:54","date_gmt":"2023-05-15T08:38:54","guid":{"rendered":"http:\/\/guia-prc.recursos.uoc.edu\/?page_id=27"},"modified":"2023-10-17T11:05:08","modified_gmt":"2023-10-17T09:05:08","slug":"pagina-dexemple","status":"publish","type":"page","link":"http:\/\/guia-prc.recursos.uoc.edu\/es\/","title":{"rendered":"Introducci\u00f3n"},"content":{"rendered":"<div class=\"videowrapper\">\n                    <div class=\"videocontent\">\n                        <video data-url-desk=\"https:\/\/cdnapisec.kaltura.com\/p\/2453002\/sp\/245300200\/playManifest\/entryId\/1_vibn2xly\/flavorId\/1_djdhx8ux\/format\/url\/protocol\/https\/a.mp4\" data-url-trans=\"\/wp-content\/uploads\/2023\/10\/PRACTICUM-PSICOLOGIA_ES.pdf\" data-url-down=\"http:\/\/uoc.tv.am.uoc.es\/download\/PID_00297224\/PRACTICUM PSICOLOGIA ESP_MOB.mp4\" data-url-mobile=\"https:\/\/cdnapisec.kaltura.com\/p\/2453002\/sp\/245300200\/playManifest\/entryId\/1_vibn2xly\/flavorId\/1_7ou01p69\/format\/url\/protocol\/https\/a.mp4\" id=\"1775296055358\" class=\"video-js vjs-default-skin vjs-big-play-centered video-js-fullscreen\" controls preload=\"metadata\" width=\"auto\" height=\"auto\" poster=\"\/wp-content\/themes\/home\/images\/background.png\"><track kind=\"subtitles\" src=\"\/wp-content\/uploads\/2023\/10\/PRACTICUM-PSICOLOGIA_ES.vtt\" label=\"Subt\u00edtulos\" \/>\n                                <p class=\"vjs-no-js\">error video<\/p>\n                        <\/video>\n                <\/div>\n            <\/div>\n<p>Las asignaturas de pr\u00e1cticas Pr\u00e1cticum I y Pr\u00e1cticum II, del grado de Psicolog\u00eda, son una experiencia profesionalizadora que permite al estudiantado poner en pr\u00e1ctica y consolidar la consecuci\u00f3n de las competencias desarrolladas a lo largo de esta titulaci\u00f3n. Esta gu\u00eda de asignatura tiene por objetivo convertirse en un recurso de aprendizaje \u00fatil para guiaros y orientaros a la hora de solicitar, llevar a cabo, supervisar y evaluar vuestras pr\u00e1cticas curriculares.<\/p>\n","protected":false},"excerpt":{"rendered":"<p>Las asignaturas de pr\u00e1cticas Pr\u00e1cticum I y Pr\u00e1cticum II, del grado de Psicolog\u00eda, son una experiencia profesionalizadora que permite al estudiantado poner en pr\u00e1ctica y consolidar la consecuci\u00f3n de las competencias desarrolladas a lo largo de esta titulaci\u00f3n. Esta gu\u00eda de asignatura tiene por objetivo convertirse en un recurso de aprendizaje \u00fatil para guiaros y [&hellip;]<\/p>\n","protected":false},"author":1,"featured_media":0,"parent":0,"menu_order":0,"comment_status":"closed","ping_status":"open","template":"page-home.php","meta":[],"acf":[],"_links":{"self":[{"href":"http:\/\/guia-prc.recursos.uoc.edu\/es\/wp-json\/wp\/v2\/pages\/27"}],"collection":[{"href":"http:\/\/guia-prc.recursos.uoc.edu\/es\/wp-json\/wp\/v2\/pages"}],"about":[{"href":"http:\/\/guia-prc.recursos.uoc.edu\/es\/wp-json\/wp\/v2\/types\/page"}],"author":[{"embeddable":true,"href":"http:\/\/guia-prc.recursos.uoc.edu\/es\/wp-json\/wp\/v2\/users\/1"}],"replies":[{"embeddable":true,"href":"http:\/\/guia-prc.recursos.uoc.edu\/es\/wp-json\/wp\/v2\/comments?post=27"}],"version-history":[{"count":11,"href":"http:\/\/guia-prc.recursos.uoc.edu\/es\/wp-json\/wp\/v2\/pages\/27\/revisions"}],"predecessor-version":[{"id":50,"href":"http:\/\/guia-prc.recursos.uoc.edu\/es\/wp-json\/wp\/v2\/pages\/27\/revisions\/50"}],"wp:attachment":[{"href":"http:\/\/guia-prc.recursos.uoc.edu\/es\/wp-json\/wp\/v2\/media?parent=27"}],"curies":[{"name":"wp","href":"https:\/\/api.w.org\/{rel}","templated":true}]}}