{"id":102,"date":"2023-06-19T11:44:51","date_gmt":"2023-06-19T09:44:51","guid":{"rendered":"http:\/\/guia-prc.recursos.uoc.edu\/guia-per-a-les-tutories-dels-centres-de-practiques-curriculars\/?page_id=102"},"modified":"2023-07-07T11:14:54","modified_gmt":"2023-07-07T09:14:54","slug":"2-1-introduccion","status":"publish","type":"page","link":"http:\/\/guia-prc.recursos.uoc.edu\/guia-per-a-les-tutories-dels-centres-de-practiques-curriculars\/es\/2-1-introduccion\/","title":{"rendered":"2.1. Introducci\u00f3n"},"content":{"rendered":"<p>La materia del Pr\u00e1cticum en la UOC engloba tres asignaturas: \u00c1mbitos profesionales en psicolog\u00eda, Pr\u00e1cticum I y Pr\u00e1cticum II. A lo largo de estas asignaturas, el estudiantado desarrolla y pone en pr\u00e1ctica una serie de competencias b\u00e1sicas y generales, transversales y espec\u00edficas.<\/p>\n<p>En este apartado se especifican cu\u00e1les son estas competencias.<\/p>\n","protected":false},"excerpt":{"rendered":"<p>La materia del Pr\u00e1cticum en la UOC engloba tres asignaturas: \u00c1mbitos profesionales en psicolog\u00eda, Pr\u00e1cticum I y Pr\u00e1cticum II. A lo largo de estas asignaturas, el estudiantado desarrolla y pone en pr\u00e1ctica una serie de competencias b\u00e1sicas y generales, transversales y espec\u00edficas. En este apartado se especifican cu\u00e1les son estas competencias.<\/p>\n","protected":false},"author":1,"featured_media":0,"parent":0,"menu_order":0,"comment_status":"closed","ping_status":"closed","template":"","meta":[],"acf":[],"_links":{"self":[{"href":"http:\/\/guia-prc.recursos.uoc.edu\/guia-per-a-les-tutories-dels-centres-de-practiques-curriculars\/es\/wp-json\/wp\/v2\/pages\/102"}],"collection":[{"href":"http:\/\/guia-prc.recursos.uoc.edu\/guia-per-a-les-tutories-dels-centres-de-practiques-curriculars\/es\/wp-json\/wp\/v2\/pages"}],"about":[{"href":"http:\/\/guia-prc.recursos.uoc.edu\/guia-per-a-les-tutories-dels-centres-de-practiques-curriculars\/es\/wp-json\/wp\/v2\/types\/page"}],"author":[{"embeddable":true,"href":"http:\/\/guia-prc.recursos.uoc.edu\/guia-per-a-les-tutories-dels-centres-de-practiques-curriculars\/es\/wp-json\/wp\/v2\/users\/1"}],"replies":[{"embeddable":true,"href":"http:\/\/guia-prc.recursos.uoc.edu\/guia-per-a-les-tutories-dels-centres-de-practiques-curriculars\/es\/wp-json\/wp\/v2\/comments?post=102"}],"version-history":[{"count":2,"href":"http:\/\/guia-prc.recursos.uoc.edu\/guia-per-a-les-tutories-dels-centres-de-practiques-curriculars\/es\/wp-json\/wp\/v2\/pages\/102\/revisions"}],"predecessor-version":[{"id":104,"href":"http:\/\/guia-prc.recursos.uoc.edu\/guia-per-a-les-tutories-dels-centres-de-practiques-curriculars\/es\/wp-json\/wp\/v2\/pages\/102\/revisions\/104"}],"wp:attachment":[{"href":"http:\/\/guia-prc.recursos.uoc.edu\/guia-per-a-les-tutories-dels-centres-de-practiques-curriculars\/es\/wp-json\/wp\/v2\/media?parent=102"}],"curies":[{"name":"wp","href":"https:\/\/api.w.org\/{rel}","templated":true}]}}