{"id":118,"date":"2023-06-19T11:51:40","date_gmt":"2023-06-19T09:51:40","guid":{"rendered":"http:\/\/guia-prc.recursos.uoc.edu\/guia-per-a-les-tutories-dels-centres-de-practiques-curriculars\/?page_id=118"},"modified":"2023-07-23T08:41:05","modified_gmt":"2023-07-23T06:41:05","slug":"3-1-introduccion","status":"publish","type":"page","link":"http:\/\/guia-prc.recursos.uoc.edu\/guia-per-a-les-tutories-dels-centres-de-practiques-curriculars\/es\/3-1-introduccion\/","title":{"rendered":"3.1. Introducci\u00f3n"},"content":{"rendered":"<p>Como sab\u00e9is de primera mano, la asignatura del Pr\u00e1cticum requiere una colaboraci\u00f3n que dista de otras asignaturas del grado; por esta raz\u00f3n, <strong>diferentes agentes intervienen en el Pr\u00e1cticum<\/strong> para hacerlo posible. M\u00e1s concretamente, por parte de la UOC interviene la Comisi\u00f3n del Pr\u00e1cticum y el equipo docente, y, por parte del centro de pr\u00e1cticas, la tutor\u00eda del centro.<\/p>\n<p>A continuaci\u00f3n, se detallan las funciones de estos agentes.<\/p>\n<ul>\n<li><strong>Comisi\u00f3n del Pr\u00e1cticum<\/strong>: est\u00e1 formada por profesorado propio de los estudios de Psicolog\u00eda y Ciencias de la Educaci\u00f3n, y tambi\u00e9n por personal de gesti\u00f3n, tanto de los propios estudios como del Servicio de Pr\u00e1cticas y Movilidad.<br \/>\nLa Comisi\u00f3n del Pr\u00e1cticum es la<strong> responsable de gestionar el procedimiento de pr\u00e1cticas <\/strong>y, a su vez, <strong>de velar por el buen funcionamiento<\/strong> en las relaciones entre el estudiantado, el equipo docente y el centro externo.<\/li>\n<li><strong>Equipo docente de la UOC: <\/strong>hay que diferenciar, dentro de este equipo docente, dos figuras. Por un lado, el <strong>profesorado responsable de la asignatura<\/strong>, que coordina la asignatura del Pr\u00e1cticum en un campo de aplicaci\u00f3n espec\u00edfico; por otro, el <strong>personal docente colaborador<\/strong>, que hace referencia a la figura docente que, <strong>desde el aula virtual, acompa\u00f1a al estudiantado en su proceso de aprendizaje<\/strong>. Al iniciar el semestre, el equipo docente contactar\u00e1 con vosotros, como tutor\u00eda del centro de pr\u00e1cticas, para facilitaros toda la informaci\u00f3n necesaria y para poder establecer una v\u00eda de comunicaci\u00f3n directa.<\/li>\n<li><strong>Tutor\u00eda del centro de pr\u00e1cticas:<\/strong> la tutor\u00eda del centro de pr\u00e1cticas debe estar en activo, dentro del ejercicio profesional, y tiene la funci\u00f3n de acompa\u00f1ar al estudiantado durante su estancia en el centro de pr\u00e1cticas. M\u00e1s concretamente, las funciones que lleva a cabo esta figura son las siguientes:\n<ul>\n<li>\n<div>Efectuar la acogida en el centro e informar al estudiante de su funcionamiento.<\/div>\n<\/li>\n<li>Establecer las tareas que el estudiante realizar\u00e1 en el centro (con la validaci\u00f3n posterior del equipo docente de la UOC).<\/li>\n<li>Supervisar la asistencia, la actitud, la participaci\u00f3n y el rendimiento del estudiante.<\/li>\n<li>Atender las consultas, tanto te\u00f3ricas como pr\u00e1cticas, que puedan surgir al estudiante durante su estancia en el centro.<\/li>\n<li>Evaluar al estudiante.<\/li>\n<\/ul>\n<\/li>\n<\/ul>\n<div id=\"gtx-trans\" style=\"position: absolute; left: 692px; top: 560px;\">\n<div class=\"gtx-trans-icon\"><\/div>\n<\/div>\n","protected":false},"excerpt":{"rendered":"<p>Como sab\u00e9is de primera mano, la asignatura del Pr\u00e1cticum requiere una colaboraci\u00f3n que dista de otras asignaturas del grado; por esta raz\u00f3n, diferentes agentes intervienen en el Pr\u00e1cticum para hacerlo posible. M\u00e1s concretamente, por parte de la UOC interviene la Comisi\u00f3n del Pr\u00e1cticum y el equipo docente, y, por parte del centro de pr\u00e1cticas, la [&hellip;]<\/p>\n","protected":false},"author":1,"featured_media":0,"parent":0,"menu_order":0,"comment_status":"closed","ping_status":"closed","template":"","meta":[],"acf":[],"_links":{"self":[{"href":"http:\/\/guia-prc.recursos.uoc.edu\/guia-per-a-les-tutories-dels-centres-de-practiques-curriculars\/es\/wp-json\/wp\/v2\/pages\/118"}],"collection":[{"href":"http:\/\/guia-prc.recursos.uoc.edu\/guia-per-a-les-tutories-dels-centres-de-practiques-curriculars\/es\/wp-json\/wp\/v2\/pages"}],"about":[{"href":"http:\/\/guia-prc.recursos.uoc.edu\/guia-per-a-les-tutories-dels-centres-de-practiques-curriculars\/es\/wp-json\/wp\/v2\/types\/page"}],"author":[{"embeddable":true,"href":"http:\/\/guia-prc.recursos.uoc.edu\/guia-per-a-les-tutories-dels-centres-de-practiques-curriculars\/es\/wp-json\/wp\/v2\/users\/1"}],"replies":[{"embeddable":true,"href":"http:\/\/guia-prc.recursos.uoc.edu\/guia-per-a-les-tutories-dels-centres-de-practiques-curriculars\/es\/wp-json\/wp\/v2\/comments?post=118"}],"version-history":[{"count":4,"href":"http:\/\/guia-prc.recursos.uoc.edu\/guia-per-a-les-tutories-dels-centres-de-practiques-curriculars\/es\/wp-json\/wp\/v2\/pages\/118\/revisions"}],"predecessor-version":[{"id":151,"href":"http:\/\/guia-prc.recursos.uoc.edu\/guia-per-a-les-tutories-dels-centres-de-practiques-curriculars\/es\/wp-json\/wp\/v2\/pages\/118\/revisions\/151"}],"wp:attachment":[{"href":"http:\/\/guia-prc.recursos.uoc.edu\/guia-per-a-les-tutories-dels-centres-de-practiques-curriculars\/es\/wp-json\/wp\/v2\/media?parent=118"}],"curies":[{"name":"wp","href":"https:\/\/api.w.org\/{rel}","templated":true}]}}