{"id":123,"date":"2023-06-19T11:54:39","date_gmt":"2023-06-19T09:54:39","guid":{"rendered":"http:\/\/guia-prc.recursos.uoc.edu\/guia-per-a-les-tutories-dels-centres-de-practiques-curriculars\/?page_id=123"},"modified":"2025-01-27T18:16:42","modified_gmt":"2025-01-27T16:16:42","slug":"3-2-caracteristicas-de-los-centros-de-practicas","status":"publish","type":"page","link":"http:\/\/guia-prc.recursos.uoc.edu\/guia-per-a-les-tutories-dels-centres-de-practiques-curriculars\/es\/3-2-caracteristicas-de-los-centros-de-practicas\/","title":{"rendered":"3.2. Caracter\u00edsticas de los centros de pr\u00e1cticas"},"content":{"rendered":"<p>Dependiendo del campo de aplicaci\u00f3n en el que se sit\u00faa el centro y de las tareas que se pueden llevar a cabo en \u00e9l,<strong> se pide que la tutor\u00eda tenga una titulaci\u00f3n espec\u00edfica para poder acoger a estudiantes en pr\u00e1cticas<\/strong>. Por cada campo de aplicaci\u00f3n, las titulaciones espec\u00edficas son las siguientes:<\/p>\n<ul>\n<li>Psicolog\u00eda cl\u00ednica y de la salud: titulaci\u00f3n en Psicolog\u00eda.<\/li>\n<li>Psicolog\u00eda de la educaci\u00f3n: titulaci\u00f3n en Psicolog\u00eda o Psicopedagog\u00eda.<\/li>\n<li>Psicolog\u00eda de la intervenci\u00f3n social: titulaci\u00f3n en Psicolog\u00eda.<\/li>\n<li>Psicolog\u00eda del trabajo y de las organizaciones: titulaci\u00f3n en Psicolog\u00eda.<\/li>\n<li>Neuropsicolog\u00eda: titulaci\u00f3n en Psicolog\u00eda.<\/li>\n<\/ul>\n<p>Adem\u00e1s, esta figura debe tener, <strong>como m\u00ednimo, dos a\u00f1os de experiencia<\/strong> en el campo de aplicaci\u00f3n en el que se ubica el centro, y tambi\u00e9n debe prever que, durante el semestre en el que el estudiantado realizar\u00e1 las pr\u00e1cticas, seguir\u00e1 manteniendo el v\u00ednculo con este centro de trabajo.<\/p>\n","protected":false},"excerpt":{"rendered":"<p>Dependiendo del campo de aplicaci\u00f3n en el que se sit\u00faa el centro y de las tareas que se pueden llevar a cabo en \u00e9l, se pide que la tutor\u00eda tenga una titulaci\u00f3n espec\u00edfica para poder acoger a estudiantes en pr\u00e1cticas. Por cada campo de aplicaci\u00f3n, las titulaciones espec\u00edficas son las siguientes: Psicolog\u00eda cl\u00ednica y de [&hellip;]<\/p>\n","protected":false},"author":1,"featured_media":0,"parent":0,"menu_order":0,"comment_status":"closed","ping_status":"closed","template":"","meta":[],"acf":[],"_links":{"self":[{"href":"http:\/\/guia-prc.recursos.uoc.edu\/guia-per-a-les-tutories-dels-centres-de-practiques-curriculars\/es\/wp-json\/wp\/v2\/pages\/123"}],"collection":[{"href":"http:\/\/guia-prc.recursos.uoc.edu\/guia-per-a-les-tutories-dels-centres-de-practiques-curriculars\/es\/wp-json\/wp\/v2\/pages"}],"about":[{"href":"http:\/\/guia-prc.recursos.uoc.edu\/guia-per-a-les-tutories-dels-centres-de-practiques-curriculars\/es\/wp-json\/wp\/v2\/types\/page"}],"author":[{"embeddable":true,"href":"http:\/\/guia-prc.recursos.uoc.edu\/guia-per-a-les-tutories-dels-centres-de-practiques-curriculars\/es\/wp-json\/wp\/v2\/users\/1"}],"replies":[{"embeddable":true,"href":"http:\/\/guia-prc.recursos.uoc.edu\/guia-per-a-les-tutories-dels-centres-de-practiques-curriculars\/es\/wp-json\/wp\/v2\/comments?post=123"}],"version-history":[{"count":3,"href":"http:\/\/guia-prc.recursos.uoc.edu\/guia-per-a-les-tutories-dels-centres-de-practiques-curriculars\/es\/wp-json\/wp\/v2\/pages\/123\/revisions"}],"predecessor-version":[{"id":173,"href":"http:\/\/guia-prc.recursos.uoc.edu\/guia-per-a-les-tutories-dels-centres-de-practiques-curriculars\/es\/wp-json\/wp\/v2\/pages\/123\/revisions\/173"}],"wp:attachment":[{"href":"http:\/\/guia-prc.recursos.uoc.edu\/guia-per-a-les-tutories-dels-centres-de-practiques-curriculars\/es\/wp-json\/wp\/v2\/media?parent=123"}],"curies":[{"name":"wp","href":"https:\/\/api.w.org\/{rel}","templated":true}]}}