{"id":127,"date":"2023-06-19T12:04:31","date_gmt":"2023-06-19T10:04:31","guid":{"rendered":"http:\/\/guia-prc.recursos.uoc.edu\/guia-per-a-les-tutories-dels-centres-de-practiques-curriculars\/?page_id=127"},"modified":"2023-09-25T10:14:38","modified_gmt":"2023-09-25T08:14:38","slug":"3-3-beneficios-de-acoger-a-estudiantado-en-practicas","status":"publish","type":"page","link":"http:\/\/guia-prc.recursos.uoc.edu\/guia-per-a-les-tutories-dels-centres-de-practiques-curriculars\/es\/3-3-beneficios-de-acoger-a-estudiantado-en-practicas\/","title":{"rendered":"3.3. Beneficios de acoger a estudiantado en pr\u00e1cticas"},"content":{"rendered":"<p>Por el hecho de acoger a estudiantado en pr\u00e1cticas, las tutor\u00edas tienen algunas ventajas que pod\u00e9is consultar en el portal de la UOC, concretamente en el apartado \u00ab<a href=\"https:\/\/www.uoc.edu\/portal\/es\/universitat\/serveis\/practiques-mobilitat\/empreses\/index.html\" target=\"_blank\" rel=\"noopener\">Ventajas para las empresas y las instituciones<\/a>\u00bb.<\/p>\n<p>Tambi\u00e9n pod\u00e9is obtener un certificado que acredite vuestra tutorizaci\u00f3n, solicit\u00e1ndolo por medio del formulario de contacto para centros que encontrar\u00e9is al final de esta <a href=\"https:\/\/www.uoc.edu\/portal\/es\/universitat\/serveis\/practiques-mobilitat\/empreses\/index.html\" target=\"_blank\" rel=\"noopener\">p\u00e1gina<\/a>.<\/p>\n","protected":false},"excerpt":{"rendered":"<p>Por el hecho de acoger a estudiantado en pr\u00e1cticas, las tutor\u00edas tienen algunas ventajas que pod\u00e9is consultar en el portal de la UOC, concretamente en el apartado \u00abVentajas para las empresas y las instituciones\u00bb. Tambi\u00e9n pod\u00e9is obtener un certificado que acredite vuestra tutorizaci\u00f3n, solicit\u00e1ndolo por medio del formulario de contacto para centros que encontrar\u00e9is al [&hellip;]<\/p>\n","protected":false},"author":1,"featured_media":0,"parent":0,"menu_order":0,"comment_status":"closed","ping_status":"closed","template":"","meta":[],"acf":[],"_links":{"self":[{"href":"http:\/\/guia-prc.recursos.uoc.edu\/guia-per-a-les-tutories-dels-centres-de-practiques-curriculars\/es\/wp-json\/wp\/v2\/pages\/127"}],"collection":[{"href":"http:\/\/guia-prc.recursos.uoc.edu\/guia-per-a-les-tutories-dels-centres-de-practiques-curriculars\/es\/wp-json\/wp\/v2\/pages"}],"about":[{"href":"http:\/\/guia-prc.recursos.uoc.edu\/guia-per-a-les-tutories-dels-centres-de-practiques-curriculars\/es\/wp-json\/wp\/v2\/types\/page"}],"author":[{"embeddable":true,"href":"http:\/\/guia-prc.recursos.uoc.edu\/guia-per-a-les-tutories-dels-centres-de-practiques-curriculars\/es\/wp-json\/wp\/v2\/users\/1"}],"replies":[{"embeddable":true,"href":"http:\/\/guia-prc.recursos.uoc.edu\/guia-per-a-les-tutories-dels-centres-de-practiques-curriculars\/es\/wp-json\/wp\/v2\/comments?post=127"}],"version-history":[{"count":3,"href":"http:\/\/guia-prc.recursos.uoc.edu\/guia-per-a-les-tutories-dels-centres-de-practiques-curriculars\/es\/wp-json\/wp\/v2\/pages\/127\/revisions"}],"predecessor-version":[{"id":162,"href":"http:\/\/guia-prc.recursos.uoc.edu\/guia-per-a-les-tutories-dels-centres-de-practiques-curriculars\/es\/wp-json\/wp\/v2\/pages\/127\/revisions\/162"}],"wp:attachment":[{"href":"http:\/\/guia-prc.recursos.uoc.edu\/guia-per-a-les-tutories-dels-centres-de-practiques-curriculars\/es\/wp-json\/wp\/v2\/media?parent=127"}],"curies":[{"name":"wp","href":"https:\/\/api.w.org\/{rel}","templated":true}]}}