{"id":132,"date":"2023-06-19T12:09:32","date_gmt":"2023-06-19T10:09:32","guid":{"rendered":"http:\/\/guia-prc.recursos.uoc.edu\/guia-per-a-les-tutories-dels-centres-de-practiques-curriculars\/?page_id=132"},"modified":"2023-07-07T11:44:24","modified_gmt":"2023-07-07T09:44:24","slug":"4-1-introduccion","status":"publish","type":"page","link":"http:\/\/guia-prc.recursos.uoc.edu\/guia-per-a-les-tutories-dels-centres-de-practiques-curriculars\/es\/4-1-introduccion\/","title":{"rendered":"4.1. Introducci\u00f3n"},"content":{"rendered":"<p>En las asignaturas de Pr\u00e1cticum el estudiantado recibe <strong>dos valoraciones<\/strong>. Por un lado, la valoraci\u00f3n de las actividades realizadas en el aula y, por otro, la de las participaciones y las tareas llevadas a cabo en el centro de pr\u00e1cticas. <strong>Cada una de estas valoraciones tiene un peso del 50 % respecto a la nota final de la asignatura, y es necesario aprobar ambas partes para poder superar la asignatura<\/strong>.<\/p>\n<p>Estos criterios de evaluaci\u00f3n los establece la Comisi\u00f3n del Pr\u00e1cticum de acuerdo con las directrices facilitadas en las conferencias de vicedeganos de Pr\u00e1cticum de las facultades de Psicolog\u00eda del Estado espa\u00f1ol, y teniendo en cuenta las caracter\u00edsticas propias del modelo pedag\u00f3gico de la UOC.<\/p>\n<p>&nbsp;<\/p>\n<p>&nbsp;<\/p>\n","protected":false},"excerpt":{"rendered":"<p>En las asignaturas de Pr\u00e1cticum el estudiantado recibe dos valoraciones. Por un lado, la valoraci\u00f3n de las actividades realizadas en el aula y, por otro, la de las participaciones y las tareas llevadas a cabo en el centro de pr\u00e1cticas. Cada una de estas valoraciones tiene un peso del 50 % respecto a la nota [&hellip;]<\/p>\n","protected":false},"author":1,"featured_media":0,"parent":0,"menu_order":0,"comment_status":"closed","ping_status":"closed","template":"","meta":[],"acf":[],"_links":{"self":[{"href":"http:\/\/guia-prc.recursos.uoc.edu\/guia-per-a-les-tutories-dels-centres-de-practiques-curriculars\/es\/wp-json\/wp\/v2\/pages\/132"}],"collection":[{"href":"http:\/\/guia-prc.recursos.uoc.edu\/guia-per-a-les-tutories-dels-centres-de-practiques-curriculars\/es\/wp-json\/wp\/v2\/pages"}],"about":[{"href":"http:\/\/guia-prc.recursos.uoc.edu\/guia-per-a-les-tutories-dels-centres-de-practiques-curriculars\/es\/wp-json\/wp\/v2\/types\/page"}],"author":[{"embeddable":true,"href":"http:\/\/guia-prc.recursos.uoc.edu\/guia-per-a-les-tutories-dels-centres-de-practiques-curriculars\/es\/wp-json\/wp\/v2\/users\/1"}],"replies":[{"embeddable":true,"href":"http:\/\/guia-prc.recursos.uoc.edu\/guia-per-a-les-tutories-dels-centres-de-practiques-curriculars\/es\/wp-json\/wp\/v2\/comments?post=132"}],"version-history":[{"count":2,"href":"http:\/\/guia-prc.recursos.uoc.edu\/guia-per-a-les-tutories-dels-centres-de-practiques-curriculars\/es\/wp-json\/wp\/v2\/pages\/132\/revisions"}],"predecessor-version":[{"id":135,"href":"http:\/\/guia-prc.recursos.uoc.edu\/guia-per-a-les-tutories-dels-centres-de-practiques-curriculars\/es\/wp-json\/wp\/v2\/pages\/132\/revisions\/135"}],"wp:attachment":[{"href":"http:\/\/guia-prc.recursos.uoc.edu\/guia-per-a-les-tutories-dels-centres-de-practiques-curriculars\/es\/wp-json\/wp\/v2\/media?parent=132"}],"curies":[{"name":"wp","href":"https:\/\/api.w.org\/{rel}","templated":true}]}}