{"id":136,"date":"2023-06-19T12:13:17","date_gmt":"2023-06-19T10:13:17","guid":{"rendered":"http:\/\/guia-prc.recursos.uoc.edu\/guia-per-a-les-tutories-dels-centres-de-practiques-curriculars\/?page_id=136"},"modified":"2023-09-25T10:15:58","modified_gmt":"2023-09-25T08:15:58","slug":"4-2-evaluacion-del-centro-de-practicas","status":"publish","type":"page","link":"http:\/\/guia-prc.recursos.uoc.edu\/guia-per-a-les-tutories-dels-centres-de-practiques-curriculars\/es\/4-2-evaluacion-del-centro-de-practicas\/","title":{"rendered":"4.2. Evaluaci\u00f3n del centro de pr\u00e1cticas"},"content":{"rendered":"<p>Una vez finalizada la estancia en el centro de pr\u00e1cticas, el equipo docente contactar\u00e1 con vosotros, como tutor\u00eda del centro, con el fin de enviaros el informe de valoraci\u00f3n del estudiantado. Este informe es cuantitativo, aunque tambi\u00e9n podr\u00e9is aportar en \u00e9l la informaci\u00f3n cualitativa que consider\u00e9is relevante.<\/p>\n<div class=\"tabletitle\"><p>Tabla 1. Aspectos que podr\u00e9is valorar como centro de pr\u00e1cticas <\/p>\n<\/div>\n<table>\n<tbody>\n<tr>\n<th scope=\"col\" width=\"50%\">Tareas<\/th>\n<th scope=\"col\">Aspectos a evaluar<\/th>\n<\/tr>\n<tr>\n<td>Cumplimiento, actitudes y predisposici\u00f3n del estudiante<\/td>\n<td>\n<ul>\n<li>Regularidad y puntualidad en la asistencia<\/li>\n<li>Disponibilidad para aprender e inter\u00e9s<\/li>\n<li>Capacidad de adaptaci\u00f3n a las tareas del centro<\/li>\n<li>Habilidades de organizaci\u00f3n y de sistematizaci\u00f3n<\/li>\n<\/ul>\n<\/td>\n<\/tr>\n<tr>\n<td>Conocimientos previos y aportaciones respecto al tema tratado<\/td>\n<td>\n<ul>\n<li>Adecuaci\u00f3n de los conocimientos previos<\/li>\n<li>Pertenencia de las aportaciones<\/li>\n<li>Cumplimiento de las tareas encomendadas<\/li>\n<li>Capacidad de toma de iniciativa<\/li>\n<li>Capacidad de resoluci\u00f3n de problemas<\/li>\n<\/ul>\n<\/td>\n<\/tr>\n<\/tbody>\n<\/table>\n<div class=\"tablefooter\"><p>Fuente: elaboraci\u00f3n propia<\/p>\n<\/div>\n","protected":false},"excerpt":{"rendered":"<p>Una vez finalizada la estancia en el centro de pr\u00e1cticas, el equipo docente contactar\u00e1 con vosotros, como tutor\u00eda del centro, con el fin de enviaros el informe de valoraci\u00f3n del estudiantado. Este informe es cuantitativo, aunque tambi\u00e9n podr\u00e9is aportar en \u00e9l la informaci\u00f3n cualitativa que consider\u00e9is relevante. Tareas Aspectos a evaluar Cumplimiento, actitudes y predisposici\u00f3n [&hellip;]<\/p>\n","protected":false},"author":1,"featured_media":0,"parent":0,"menu_order":0,"comment_status":"closed","ping_status":"closed","template":"","meta":[],"acf":[],"_links":{"self":[{"href":"http:\/\/guia-prc.recursos.uoc.edu\/guia-per-a-les-tutories-dels-centres-de-practiques-curriculars\/es\/wp-json\/wp\/v2\/pages\/136"}],"collection":[{"href":"http:\/\/guia-prc.recursos.uoc.edu\/guia-per-a-les-tutories-dels-centres-de-practiques-curriculars\/es\/wp-json\/wp\/v2\/pages"}],"about":[{"href":"http:\/\/guia-prc.recursos.uoc.edu\/guia-per-a-les-tutories-dels-centres-de-practiques-curriculars\/es\/wp-json\/wp\/v2\/types\/page"}],"author":[{"embeddable":true,"href":"http:\/\/guia-prc.recursos.uoc.edu\/guia-per-a-les-tutories-dels-centres-de-practiques-curriculars\/es\/wp-json\/wp\/v2\/users\/1"}],"replies":[{"embeddable":true,"href":"http:\/\/guia-prc.recursos.uoc.edu\/guia-per-a-les-tutories-dels-centres-de-practiques-curriculars\/es\/wp-json\/wp\/v2\/comments?post=136"}],"version-history":[{"count":4,"href":"http:\/\/guia-prc.recursos.uoc.edu\/guia-per-a-les-tutories-dels-centres-de-practiques-curriculars\/es\/wp-json\/wp\/v2\/pages\/136\/revisions"}],"predecessor-version":[{"id":163,"href":"http:\/\/guia-prc.recursos.uoc.edu\/guia-per-a-les-tutories-dels-centres-de-practiques-curriculars\/es\/wp-json\/wp\/v2\/pages\/136\/revisions\/163"}],"wp:attachment":[{"href":"http:\/\/guia-prc.recursos.uoc.edu\/guia-per-a-les-tutories-dels-centres-de-practiques-curriculars\/es\/wp-json\/wp\/v2\/media?parent=136"}],"curies":[{"name":"wp","href":"https:\/\/api.w.org\/{rel}","templated":true}]}}