{"id":83,"date":"2023-06-19T11:35:26","date_gmt":"2023-06-19T09:35:26","guid":{"rendered":"http:\/\/guia-prc.recursos.uoc.edu\/guia-per-a-les-tutories-dels-centres-de-practiques-curriculars\/?page_id=83"},"modified":"2023-09-22T14:14:52","modified_gmt":"2023-09-22T12:14:52","slug":"introduccion","status":"publish","type":"page","link":"http:\/\/guia-prc.recursos.uoc.edu\/guia-per-a-les-tutories-dels-centres-de-practiques-curriculars\/es\/","title":{"rendered":"Introducci\u00f3n"},"content":{"rendered":"<p>En esta gu\u00eda pod\u00e9is encontrar la <strong>informaci\u00f3n b\u00e1sica de las asignaturas Pr\u00e1cticum I y Pr\u00e1cticum II<\/strong> del grado de Psicolog\u00eda de la Universitat Oberta de Catalunya. Entre otras cosas, en ella se explica qu\u00e9 es el Pr\u00e1cticum, las competencias que se trabajan en la asignatura y el papel imprescindible que juegan los centros de pr\u00e1cticas en el plan de estudios.<\/p>\n<div>Con todo, aprovechamos esta ocasi\u00f3n para <strong>agradecer vuestra colaboraci\u00f3n como centro de pr\u00e1cticas externo<\/strong>.<\/div>\n<div id=\"gtx-trans\" style=\"position: absolute; left: 534px; top: 160px;\">\n<div class=\"gtx-trans-icon\"><\/div>\n<\/div>\n","protected":false},"excerpt":{"rendered":"<p>En esta gu\u00eda pod\u00e9is encontrar la informaci\u00f3n b\u00e1sica de las asignaturas Pr\u00e1cticum I y Pr\u00e1cticum II del grado de Psicolog\u00eda de la Universitat Oberta de Catalunya. Entre otras cosas, en ella se explica qu\u00e9 es el Pr\u00e1cticum, las competencias que se trabajan en la asignatura y el papel imprescindible que juegan los centros de pr\u00e1cticas [&hellip;]<\/p>\n","protected":false},"author":1,"featured_media":0,"parent":0,"menu_order":0,"comment_status":"closed","ping_status":"closed","template":"","meta":[],"acf":[],"_links":{"self":[{"href":"http:\/\/guia-prc.recursos.uoc.edu\/guia-per-a-les-tutories-dels-centres-de-practiques-curriculars\/es\/wp-json\/wp\/v2\/pages\/83"}],"collection":[{"href":"http:\/\/guia-prc.recursos.uoc.edu\/guia-per-a-les-tutories-dels-centres-de-practiques-curriculars\/es\/wp-json\/wp\/v2\/pages"}],"about":[{"href":"http:\/\/guia-prc.recursos.uoc.edu\/guia-per-a-les-tutories-dels-centres-de-practiques-curriculars\/es\/wp-json\/wp\/v2\/types\/page"}],"author":[{"embeddable":true,"href":"http:\/\/guia-prc.recursos.uoc.edu\/guia-per-a-les-tutories-dels-centres-de-practiques-curriculars\/es\/wp-json\/wp\/v2\/users\/1"}],"replies":[{"embeddable":true,"href":"http:\/\/guia-prc.recursos.uoc.edu\/guia-per-a-les-tutories-dels-centres-de-practiques-curriculars\/es\/wp-json\/wp\/v2\/comments?post=83"}],"version-history":[{"count":4,"href":"http:\/\/guia-prc.recursos.uoc.edu\/guia-per-a-les-tutories-dels-centres-de-practiques-curriculars\/es\/wp-json\/wp\/v2\/pages\/83\/revisions"}],"predecessor-version":[{"id":160,"href":"http:\/\/guia-prc.recursos.uoc.edu\/guia-per-a-les-tutories-dels-centres-de-practiques-curriculars\/es\/wp-json\/wp\/v2\/pages\/83\/revisions\/160"}],"wp:attachment":[{"href":"http:\/\/guia-prc.recursos.uoc.edu\/guia-per-a-les-tutories-dels-centres-de-practiques-curriculars\/es\/wp-json\/wp\/v2\/media?parent=83"}],"curies":[{"name":"wp","href":"https:\/\/api.w.org\/{rel}","templated":true}]}}