{"id":87,"date":"2023-06-19T11:36:41","date_gmt":"2023-06-19T09:36:41","guid":{"rendered":"http:\/\/guia-prc.recursos.uoc.edu\/guia-per-a-les-tutories-dels-centres-de-practiques-curriculars\/?page_id=87"},"modified":"2023-07-23T08:33:48","modified_gmt":"2023-07-23T06:33:48","slug":"1-1-introduccion","status":"publish","type":"page","link":"http:\/\/guia-prc.recursos.uoc.edu\/guia-per-a-les-tutories-dels-centres-de-practiques-curriculars\/es\/1-1-introduccion\/","title":{"rendered":"1.1. Introducci\u00f3n"},"content":{"rendered":"<p>El plan de estudios del grado de Psicolog\u00eda contiene dos asignaturas obligatorias, el <strong>Pr\u00e1cticum I y el Pr\u00e1cticum II<\/strong>, de seis cr\u00e9ditos ECTS cada una, <strong>mediante las cuales el estudiantado puede poner en pr\u00e1ctica las competencias que<\/strong>, hasta el momento, <strong>ha estado trabajando y desarrollando a lo largo del grado<\/strong>. As\u00ed pues, dichas asignaturas se convierten en una oportunidad \u00fanica para observar a los profesionales de la psicolog\u00eda y para aprender de ellos de primera mano.<\/p>\n<div class=\"featured featured-blue\"><p>Tal como lo define Zabalza (2016), el Pr\u00e1cticum permite al estudiantado formarse con otras figuras profesionales e instituciones, fuera de la Universidad; enriquecer el contexto en el que se produce esta formaci\u00f3n; adquirir tareas y responsabilidades diferentes de las que ha asumido hasta el momento; y aprender a partir de un trabajo pr\u00e1ctico.<\/p>\n<\/div>\n<p>Cabe destacar que, para poder superar la asignatura del Pr\u00e1cticum,<strong> se requieren noventa horas de actividad en el centro<\/strong>, adem\u00e1s de toda una serie de actividades complementarias, propuestas por el equipo docente, que se realizan en el aula virtual de la UOC.<\/p>\n<p>Las horas de actividad en el centro deben llevarse a cabo dentro del periodo lectivo del semestre, es decir, de manera aproximada entre los meses de septiembre y febrero o de febrero y junio. Adem\u00e1s, es necesario que, como centro de pr\u00e1cticas, design\u00e9is una tutor\u00eda del estudiantado, es decir, una persona que pueda hacer el seguimiento pr\u00e1ctico del estudiantado, que resuelva las dudas que surjan durante las pr\u00e1cticas en vuestro centro y, tambi\u00e9n, que eval\u00fae al estudiantado al finalizar el semestre. Toda la informaci\u00f3n necesaria para desarrollar este rol la encontrar\u00e9is detallada en esta gu\u00eda.<\/p>\n","protected":false},"excerpt":{"rendered":"<p>El plan de estudios del grado de Psicolog\u00eda contiene dos asignaturas obligatorias, el Pr\u00e1cticum I y el Pr\u00e1cticum II, de seis cr\u00e9ditos ECTS cada una, mediante las cuales el estudiantado puede poner en pr\u00e1ctica las competencias que, hasta el momento, ha estado trabajando y desarrollando a lo largo del grado. As\u00ed pues, dichas asignaturas se [&hellip;]<\/p>\n","protected":false},"author":1,"featured_media":0,"parent":0,"menu_order":0,"comment_status":"closed","ping_status":"closed","template":"","meta":[],"acf":[],"_links":{"self":[{"href":"http:\/\/guia-prc.recursos.uoc.edu\/guia-per-a-les-tutories-dels-centres-de-practiques-curriculars\/es\/wp-json\/wp\/v2\/pages\/87"}],"collection":[{"href":"http:\/\/guia-prc.recursos.uoc.edu\/guia-per-a-les-tutories-dels-centres-de-practiques-curriculars\/es\/wp-json\/wp\/v2\/pages"}],"about":[{"href":"http:\/\/guia-prc.recursos.uoc.edu\/guia-per-a-les-tutories-dels-centres-de-practiques-curriculars\/es\/wp-json\/wp\/v2\/types\/page"}],"author":[{"embeddable":true,"href":"http:\/\/guia-prc.recursos.uoc.edu\/guia-per-a-les-tutories-dels-centres-de-practiques-curriculars\/es\/wp-json\/wp\/v2\/users\/1"}],"replies":[{"embeddable":true,"href":"http:\/\/guia-prc.recursos.uoc.edu\/guia-per-a-les-tutories-dels-centres-de-practiques-curriculars\/es\/wp-json\/wp\/v2\/comments?post=87"}],"version-history":[{"count":3,"href":"http:\/\/guia-prc.recursos.uoc.edu\/guia-per-a-les-tutories-dels-centres-de-practiques-curriculars\/es\/wp-json\/wp\/v2\/pages\/87\/revisions"}],"predecessor-version":[{"id":149,"href":"http:\/\/guia-prc.recursos.uoc.edu\/guia-per-a-les-tutories-dels-centres-de-practiques-curriculars\/es\/wp-json\/wp\/v2\/pages\/87\/revisions\/149"}],"wp:attachment":[{"href":"http:\/\/guia-prc.recursos.uoc.edu\/guia-per-a-les-tutories-dels-centres-de-practiques-curriculars\/es\/wp-json\/wp\/v2\/media?parent=87"}],"curies":[{"name":"wp","href":"https:\/\/api.w.org\/{rel}","templated":true}]}}