{"id":91,"date":"2023-06-19T11:40:22","date_gmt":"2023-06-19T09:40:22","guid":{"rendered":"http:\/\/guia-prc.recursos.uoc.edu\/guia-per-a-les-tutories-dels-centres-de-practiques-curriculars\/?page_id=91"},"modified":"2023-07-07T11:10:39","modified_gmt":"2023-07-07T09:10:39","slug":"1-2-cuando-se-cursa-el-practicum","status":"publish","type":"page","link":"http:\/\/guia-prc.recursos.uoc.edu\/guia-per-a-les-tutories-dels-centres-de-practiques-curriculars\/es\/1-2-cuando-se-cursa-el-practicum\/","title":{"rendered":"1.2. \u00bfCu\u00e1ndo se cursa el Pr\u00e1cticum?"},"content":{"rendered":"<p>De acuerdo con el plan de estudios, el Pr\u00e1cticum se lleva a cabo durante <strong>el s\u00e9ptimo y el octavo semestres de la titulaci\u00f3n<\/strong>. As\u00ed pues, la experiencia en el mundo profesional llega despu\u00e9s de un periodo de formaci\u00f3n previa y habiendo cursado todas las asignaturas b\u00e1sicas y obligatorias del grado, excepto una de las asignaturas de ingl\u00e9s.<\/p>\n<p>Pod\u00e9is consultar cu\u00e1les son estas asignaturas y el contenido que se trabaja en ellas en la p\u00e1gina web de la <a href=\"https:\/\/www.uoc.edu\/es\/estudios\/grados\/grado-psicologia\" target=\"_blank\" rel=\"noopener\">UOC<\/a>.<\/p>\n<p>&nbsp;<\/p>\n<p>&nbsp;<\/p>\n","protected":false},"excerpt":{"rendered":"<p>De acuerdo con el plan de estudios, el Pr\u00e1cticum se lleva a cabo durante el s\u00e9ptimo y el octavo semestres de la titulaci\u00f3n. As\u00ed pues, la experiencia en el mundo profesional llega despu\u00e9s de un periodo de formaci\u00f3n previa y habiendo cursado todas las asignaturas b\u00e1sicas y obligatorias del grado, excepto una de las asignaturas [&hellip;]<\/p>\n","protected":false},"author":1,"featured_media":0,"parent":0,"menu_order":0,"comment_status":"closed","ping_status":"closed","template":"","meta":[],"acf":[],"_links":{"self":[{"href":"http:\/\/guia-prc.recursos.uoc.edu\/guia-per-a-les-tutories-dels-centres-de-practiques-curriculars\/es\/wp-json\/wp\/v2\/pages\/91"}],"collection":[{"href":"http:\/\/guia-prc.recursos.uoc.edu\/guia-per-a-les-tutories-dels-centres-de-practiques-curriculars\/es\/wp-json\/wp\/v2\/pages"}],"about":[{"href":"http:\/\/guia-prc.recursos.uoc.edu\/guia-per-a-les-tutories-dels-centres-de-practiques-curriculars\/es\/wp-json\/wp\/v2\/types\/page"}],"author":[{"embeddable":true,"href":"http:\/\/guia-prc.recursos.uoc.edu\/guia-per-a-les-tutories-dels-centres-de-practiques-curriculars\/es\/wp-json\/wp\/v2\/users\/1"}],"replies":[{"embeddable":true,"href":"http:\/\/guia-prc.recursos.uoc.edu\/guia-per-a-les-tutories-dels-centres-de-practiques-curriculars\/es\/wp-json\/wp\/v2\/comments?post=91"}],"version-history":[{"count":2,"href":"http:\/\/guia-prc.recursos.uoc.edu\/guia-per-a-les-tutories-dels-centres-de-practiques-curriculars\/es\/wp-json\/wp\/v2\/pages\/91\/revisions"}],"predecessor-version":[{"id":94,"href":"http:\/\/guia-prc.recursos.uoc.edu\/guia-per-a-les-tutories-dels-centres-de-practiques-curriculars\/es\/wp-json\/wp\/v2\/pages\/91\/revisions\/94"}],"wp:attachment":[{"href":"http:\/\/guia-prc.recursos.uoc.edu\/guia-per-a-les-tutories-dels-centres-de-practiques-curriculars\/es\/wp-json\/wp\/v2\/media?parent=91"}],"curies":[{"name":"wp","href":"https:\/\/api.w.org\/{rel}","templated":true}]}}