{"id":95,"date":"2023-06-19T11:43:01","date_gmt":"2023-06-19T09:43:01","guid":{"rendered":"http:\/\/guia-prc.recursos.uoc.edu\/guia-per-a-les-tutories-dels-centres-de-practiques-curriculars\/?page_id=95"},"modified":"2023-07-07T11:12:25","modified_gmt":"2023-07-07T09:12:25","slug":"1-3-campos-de-aplicacion-del-practicum","status":"publish","type":"page","link":"http:\/\/guia-prc.recursos.uoc.edu\/guia-per-a-les-tutories-dels-centres-de-practiques-curriculars\/es\/1-3-campos-de-aplicacion-del-practicum\/","title":{"rendered":"1.3. Campos de aplicaci\u00f3n del Pr\u00e1cticum"},"content":{"rendered":"<p>En la UOC se ofrecen cinco campos de aplicaci\u00f3n en los que los el estudiantado puede cursar las pr\u00e1cticas. As\u00ed pues, si introduc\u00eds una oferta de pr\u00e1cticas en nuestra herramienta, Xperience, ten\u00e9is que seleccionar en qu\u00e9 campo se sit\u00faa vuestro centro, as\u00ed como las tareas que realizar\u00e1 el estudiantado en pr\u00e1cticas.<\/p>\n<p>Adem\u00e1s, cabe tener presente que se recomienda al estudiantado realizar<strong> las noventa horas de pr\u00e1cticas requeridas de manera distribuida a lo largo de todo el semestre<\/strong>, y no de forma intensiva.<\/p>\n<p>A continuaci\u00f3n, se detallan los campos de aplicaci\u00f3n en los que el estudiantado puede hacer las pr\u00e1cticas.<\/p>\n<p><strong>Psicolog\u00eda cl\u00ednica y de la salud<\/strong><\/p>\n<p>En el \u00e1mbito de la psicolog\u00eda cl\u00ednica y de la salud se pueden diferenciar dos campos de aplicaci\u00f3n.<\/p>\n<ul>\n<li>Por un lado, el campo de la psicolog\u00eda cl\u00ednica, orientado a la intervenci\u00f3n sobre los problemas psicol\u00f3gicos, tanto del individuo como del grupo, en sus diferentes contextos, mediante el an\u00e1lisis, la evaluaci\u00f3n y el tratamiento en ni\u00f1os, adolescentes, adultos o personas mayores.<\/li>\n<li>Del otro, el campo de la psicolog\u00eda de la salud, que interviene en diferentes aspectos de la salud y la enfermedad, y pone especial atenci\u00f3n en el desarrollo de programas de promoci\u00f3n de la salud, de prevenci\u00f3n, de apoyo y de atenci\u00f3n continuada a diferentes colectivos.<\/li>\n<\/ul>\n<p><strong>Neuropsicolog\u00eda<\/strong><\/p>\n<p>Este campo est\u00e1 dirigido a la evaluaci\u00f3n, el diagn\u00f3stico y la intervenci\u00f3n neuropsicol\u00f3gicos.<\/p>\n<p>El objetivo de este campo es poner de manifiesto las competencias de la neuropsicolog\u00eda en los diferentes \u00e1mbitos de intervenci\u00f3n en la poblaci\u00f3n adulta o infantil con afectaciones cognitivas, conductuales o emocionales, acaecidas de enfermedades neurodegenerativas, trastornos del neurodesarrollo, da\u00f1o cerebral adquirido, enfermedades psiqui\u00e1tricas, etc.<\/p>\n<p><strong>Psicolog\u00eda de la educaci\u00f3n<\/strong><\/p>\n<p>El campo de la psicolog\u00eda de la educaci\u00f3n se desarrolla en el marco de los \u00e1mbitos socioeducativos, en un sentido amplio.<\/p>\n<p>M\u00e1s concretamente, eval\u00faa e interviene en los \u00e1mbitos personal, familiar, organizacional, institucional, sociocomunitario y educativo en general, atendiendo a las necesidades de los agentes que integran los contextos socioeducativos a lo largo de todo el ciclo vital.<\/p>\n<p><strong>Psicolog\u00eda de la intervenci\u00f3n social<\/strong><\/p>\n<p>Este campo pone especial atenci\u00f3n en el estudio y el dise\u00f1o de programas de acci\u00f3n e intervenci\u00f3n ante los problemas sociales contempor\u00e1neos, dentro del contexto de la globalizaci\u00f3n y la sociedad de la informaci\u00f3n. Tambi\u00e9n estudia y trabaja la compleja relaci\u00f3n que se establece entre el individuo y su contexto social, y pone el \u00e9nfasis en la manera en que las necesidades, individuales y colectivas, son satisfechas en el entorno social.<\/p>\n<p>Las pr\u00e1cticas se pueden llevar a cabo en los \u00e1mbitos de actuaci\u00f3n siguientes: medios de comunicaci\u00f3n y TIC; atenci\u00f3n a los problemas sociales (procesos de inclusi\u00f3n\/exclusi\u00f3n); gesti\u00f3n de conflictos; formaci\u00f3n y dinamizaci\u00f3n sociolaboral; servicios sociales y trabajo comunitario, y ONG, plataformas de acci\u00f3n c\u00edvica y asociacionismo.<\/p>\n<p><strong>Psicolog\u00eda del trabajo y de las organizaciones<\/strong><\/p>\n<p>Este campo est\u00e1 dirigido a la intervenci\u00f3n sociolaboral en las organizaciones. Por lo tanto, las pr\u00e1cticas suelen girar en torno a tareas relacionadas con la propia organizaci\u00f3n, como el desarrollo y la gesti\u00f3n de los recursos humanos, el consumo y el <em>marketing<\/em>, las condiciones de trabajo y la salud laboral o el conflicto y la gesti\u00f3n comunicativa en el entorno organizativo.<\/p>\n<p>M\u00e1s concretamente, las pr\u00e1cticas se pueden realizar en los \u00e1mbitos de actuaci\u00f3n siguientes:<\/p>\n<ul>\n<li><strong>Organizaci\u00f3n y desarrollo de los recursos humanos:<\/strong> selecci\u00f3n de personal, formaci\u00f3n y desarrollo del talento, intervenci\u00f3n grupal, negociaci\u00f3n de conflictos, an\u00e1lisis de puestos de trabajo y gesti\u00f3n por competencias o cultura organizacional.<\/li>\n<li><strong>Consumo y <em>marketing<\/em>:<\/strong> estudios de mercado (cuantitativos y cualitativos), investigaci\u00f3n de productos y publicidad o comunicaci\u00f3n interna y externa.<\/li>\n<li><strong>Condiciones de trabajo y salud:<\/strong> salud e higiene laboral, prevenci\u00f3n de riesgos laborales o ergonom\u00eda.<\/li>\n<li><strong>Conflicto en las organizaciones:<\/strong> mediaci\u00f3n y resoluci\u00f3n de conflictos.<\/li>\n<\/ul>\n","protected":false},"excerpt":{"rendered":"<p>En la UOC se ofrecen cinco campos de aplicaci\u00f3n en los que los el estudiantado puede cursar las pr\u00e1cticas. As\u00ed pues, si introduc\u00eds una oferta de pr\u00e1cticas en nuestra herramienta, Xperience, ten\u00e9is que seleccionar en qu\u00e9 campo se sit\u00faa vuestro centro, as\u00ed como las tareas que realizar\u00e1 el estudiantado en pr\u00e1cticas. Adem\u00e1s, cabe tener presente [&hellip;]<\/p>\n","protected":false},"author":1,"featured_media":0,"parent":0,"menu_order":0,"comment_status":"closed","ping_status":"closed","template":"","meta":[],"acf":[],"_links":{"self":[{"href":"http:\/\/guia-prc.recursos.uoc.edu\/guia-per-a-les-tutories-dels-centres-de-practiques-curriculars\/es\/wp-json\/wp\/v2\/pages\/95"}],"collection":[{"href":"http:\/\/guia-prc.recursos.uoc.edu\/guia-per-a-les-tutories-dels-centres-de-practiques-curriculars\/es\/wp-json\/wp\/v2\/pages"}],"about":[{"href":"http:\/\/guia-prc.recursos.uoc.edu\/guia-per-a-les-tutories-dels-centres-de-practiques-curriculars\/es\/wp-json\/wp\/v2\/types\/page"}],"author":[{"embeddable":true,"href":"http:\/\/guia-prc.recursos.uoc.edu\/guia-per-a-les-tutories-dels-centres-de-practiques-curriculars\/es\/wp-json\/wp\/v2\/users\/1"}],"replies":[{"embeddable":true,"href":"http:\/\/guia-prc.recursos.uoc.edu\/guia-per-a-les-tutories-dels-centres-de-practiques-curriculars\/es\/wp-json\/wp\/v2\/comments?post=95"}],"version-history":[{"count":3,"href":"http:\/\/guia-prc.recursos.uoc.edu\/guia-per-a-les-tutories-dels-centres-de-practiques-curriculars\/es\/wp-json\/wp\/v2\/pages\/95\/revisions"}],"predecessor-version":[{"id":99,"href":"http:\/\/guia-prc.recursos.uoc.edu\/guia-per-a-les-tutories-dels-centres-de-practiques-curriculars\/es\/wp-json\/wp\/v2\/pages\/95\/revisions\/99"}],"wp:attachment":[{"href":"http:\/\/guia-prc.recursos.uoc.edu\/guia-per-a-les-tutories-dels-centres-de-practiques-curriculars\/es\/wp-json\/wp\/v2\/media?parent=95"}],"curies":[{"name":"wp","href":"https:\/\/api.w.org\/{rel}","templated":true}]}}