{"id":25,"date":"2023-06-19T11:35:26","date_gmt":"2023-06-19T09:35:26","guid":{"rendered":"http:\/\/guia-prc.recursos.uoc.edu\/guia-per-a-les-tutories-dels-centres-de-practiques-curriculars\/?page_id=25"},"modified":"2023-07-22T17:06:51","modified_gmt":"2023-07-22T15:06:51","slug":"introduccio","status":"publish","type":"page","link":"http:\/\/guia-prc.recursos.uoc.edu\/guia-per-a-les-tutories-dels-centres-de-practiques-curriculars\/","title":{"rendered":"Introducci\u00f3"},"content":{"rendered":"<p>En aquesta guia podeu trobar la <strong>informaci\u00f3 b\u00e0sica de les assignatures Pr\u00e0cticum I i Pr\u00e0cticum II<\/strong> del grau de Psicologia de la Universitat Oberta de Catalunya. Entre altres coses, s\u2019hi explica qu\u00e8 \u00e9s el Pr\u00e0cticum, les compet\u00e8ncies que s\u2019hi treballen i el paper imprescindible que juguen els centres de pr\u00e0ctiques en el pla d\u2019estudis.<\/p>\n<p>Amb tot, aprofitem aquesta ocasi\u00f3 per <strong>agrair-vos la vostra col\u00b7laboraci\u00f3 com a centre de pr\u00e0ctiques extern<\/strong>.<\/p>\n","protected":false},"excerpt":{"rendered":"<p>En aquesta guia podeu trobar la informaci\u00f3 b\u00e0sica de les assignatures Pr\u00e0cticum I i Pr\u00e0cticum II del grau de Psicologia de la Universitat Oberta de Catalunya. Entre altres coses, s\u2019hi explica qu\u00e8 \u00e9s el Pr\u00e0cticum, les compet\u00e8ncies que s\u2019hi treballen i el paper imprescindible que juguen els centres de pr\u00e0ctiques en el pla d\u2019estudis. Amb [&hellip;]<\/p>\n","protected":false},"author":1,"featured_media":0,"parent":0,"menu_order":0,"comment_status":"closed","ping_status":"closed","template":"","meta":[],"acf":[],"_links":{"self":[{"href":"http:\/\/guia-prc.recursos.uoc.edu\/guia-per-a-les-tutories-dels-centres-de-practiques-curriculars\/wp-json\/wp\/v2\/pages\/25"}],"collection":[{"href":"http:\/\/guia-prc.recursos.uoc.edu\/guia-per-a-les-tutories-dels-centres-de-practiques-curriculars\/wp-json\/wp\/v2\/pages"}],"about":[{"href":"http:\/\/guia-prc.recursos.uoc.edu\/guia-per-a-les-tutories-dels-centres-de-practiques-curriculars\/wp-json\/wp\/v2\/types\/page"}],"author":[{"embeddable":true,"href":"http:\/\/guia-prc.recursos.uoc.edu\/guia-per-a-les-tutories-dels-centres-de-practiques-curriculars\/wp-json\/wp\/v2\/users\/1"}],"replies":[{"embeddable":true,"href":"http:\/\/guia-prc.recursos.uoc.edu\/guia-per-a-les-tutories-dels-centres-de-practiques-curriculars\/wp-json\/wp\/v2\/comments?post=25"}],"version-history":[{"count":3,"href":"http:\/\/guia-prc.recursos.uoc.edu\/guia-per-a-les-tutories-dels-centres-de-practiques-curriculars\/wp-json\/wp\/v2\/pages\/25\/revisions"}],"predecessor-version":[{"id":143,"href":"http:\/\/guia-prc.recursos.uoc.edu\/guia-per-a-les-tutories-dels-centres-de-practiques-curriculars\/wp-json\/wp\/v2\/pages\/25\/revisions\/143"}],"wp:attachment":[{"href":"http:\/\/guia-prc.recursos.uoc.edu\/guia-per-a-les-tutories-dels-centres-de-practiques-curriculars\/wp-json\/wp\/v2\/media?parent=25"}],"curies":[{"name":"wp","href":"https:\/\/api.w.org\/{rel}","templated":true}]}}