{"id":27,"date":"2023-06-19T11:36:41","date_gmt":"2023-06-19T09:36:41","guid":{"rendered":"http:\/\/guia-prc.recursos.uoc.edu\/guia-per-a-les-tutories-dels-centres-de-practiques-curriculars\/?page_id=27"},"modified":"2023-07-22T17:08:42","modified_gmt":"2023-07-22T15:08:42","slug":"1-1-introduccio","status":"publish","type":"page","link":"http:\/\/guia-prc.recursos.uoc.edu\/guia-per-a-les-tutories-dels-centres-de-practiques-curriculars\/1-1-introduccio\/","title":{"rendered":"1.1. Introducci\u00f3"},"content":{"rendered":"<p>El pla d\u2019estudis del grau de Psicologia cont\u00e9 dues assignatures obligat\u00f2ries, el <strong>Pr\u00e0cticum I i el Pr\u00e0cticum II<\/strong>, de sis cr\u00e8dits ECTS cadascuna, <strong>mitjan\u00e7ant les quals l\u2019estudiantat pot posar en pr\u00e0ctica les compet\u00e8ncies<\/strong> <strong>que<\/strong>, fins al moment, <strong>ha estat treballant i desenvolupant al llarg del grau<\/strong>. Aix\u00ed doncs, aquestes assignatures esdevenen una oportunitat \u00fanica per observar els professionals de la psicologia i per aprendre\u2019n de primera m\u00e0.<\/p>\n<div class=\"featured featured-blue\"><p>Tal com el defineix Zabalza (2016), el Pr\u00e0cticum permet a l\u2019estudiantat formar-se amb altres figures professionals i institucions, fora de la Universitat; enriquir el context on es produeix aquesta formaci\u00f3; adquirir tasques i responsabilitats diferents de les que ha assumit fins ara; i aprendre a partir d\u2019un treball pr\u00e0ctic.<\/p>\n<\/div>\n<p>Cal destacar que, per poder superar l\u2019assignatura del Pr\u00e0cticum,<strong> es requereixen noranta hores d\u2019activitat al centre<\/strong>, a m\u00e9s de tota una s\u00e8rie d\u2019activitats complement\u00e0ries, proposades per l\u2019equip docent, que es fan a l\u2019aula virtual de la UOC.<\/p>\n<p>Les hores d\u2019activitat al centre s\u2019han de dur a terme dins del per\u00edode lectiu del semestre, \u00e9s a dir, de manera aproximada entre els mesos de setembre i febrer o de febrer i juny. A m\u00e9s, cal que, com a centre de pr\u00e0ctiques, designeu una tutoria de l\u2019estudiantat, \u00e9s a dir, una persona que pugui fer el seguiment pr\u00e0ctic de l\u2019estudiantat, que resolgui els dubtes que sorgeixin durant les pr\u00e0ctiques al vostre centre i, tamb\u00e9, que avalu\u00ef l\u2019estudiantat en finalitzar el semestre. Tota la informaci\u00f3 necess\u00e0ria per desenvolupar aquest rol la trobareu detallada en aquesta guia.<\/p>\n","protected":false},"excerpt":{"rendered":"<p>El pla d\u2019estudis del grau de Psicologia cont\u00e9 dues assignatures obligat\u00f2ries, el Pr\u00e0cticum I i el Pr\u00e0cticum II, de sis cr\u00e8dits ECTS cadascuna, mitjan\u00e7ant les quals l\u2019estudiantat pot posar en pr\u00e0ctica les compet\u00e8ncies que, fins al moment, ha estat treballant i desenvolupant al llarg del grau. Aix\u00ed doncs, aquestes assignatures esdevenen una oportunitat \u00fanica per [&hellip;]<\/p>\n","protected":false},"author":1,"featured_media":0,"parent":0,"menu_order":0,"comment_status":"closed","ping_status":"closed","template":"","meta":[],"acf":[],"_links":{"self":[{"href":"http:\/\/guia-prc.recursos.uoc.edu\/guia-per-a-les-tutories-dels-centres-de-practiques-curriculars\/wp-json\/wp\/v2\/pages\/27"}],"collection":[{"href":"http:\/\/guia-prc.recursos.uoc.edu\/guia-per-a-les-tutories-dels-centres-de-practiques-curriculars\/wp-json\/wp\/v2\/pages"}],"about":[{"href":"http:\/\/guia-prc.recursos.uoc.edu\/guia-per-a-les-tutories-dels-centres-de-practiques-curriculars\/wp-json\/wp\/v2\/types\/page"}],"author":[{"embeddable":true,"href":"http:\/\/guia-prc.recursos.uoc.edu\/guia-per-a-les-tutories-dels-centres-de-practiques-curriculars\/wp-json\/wp\/v2\/users\/1"}],"replies":[{"embeddable":true,"href":"http:\/\/guia-prc.recursos.uoc.edu\/guia-per-a-les-tutories-dels-centres-de-practiques-curriculars\/wp-json\/wp\/v2\/comments?post=27"}],"version-history":[{"count":2,"href":"http:\/\/guia-prc.recursos.uoc.edu\/guia-per-a-les-tutories-dels-centres-de-practiques-curriculars\/wp-json\/wp\/v2\/pages\/27\/revisions"}],"predecessor-version":[{"id":144,"href":"http:\/\/guia-prc.recursos.uoc.edu\/guia-per-a-les-tutories-dels-centres-de-practiques-curriculars\/wp-json\/wp\/v2\/pages\/27\/revisions\/144"}],"wp:attachment":[{"href":"http:\/\/guia-prc.recursos.uoc.edu\/guia-per-a-les-tutories-dels-centres-de-practiques-curriculars\/wp-json\/wp\/v2\/media?parent=27"}],"curies":[{"name":"wp","href":"https:\/\/api.w.org\/{rel}","templated":true}]}}