{"id":36,"date":"2023-06-19T11:43:01","date_gmt":"2023-06-19T09:43:01","guid":{"rendered":"http:\/\/guia-prc.recursos.uoc.edu\/guia-per-a-les-tutories-dels-centres-de-practiques-curriculars\/?page_id=36"},"modified":"2023-06-19T11:43:01","modified_gmt":"2023-06-19T09:43:01","slug":"1-3-camps-daplicacio-del-practicum","status":"publish","type":"page","link":"http:\/\/guia-prc.recursos.uoc.edu\/guia-per-a-les-tutories-dels-centres-de-practiques-curriculars\/1-3-camps-daplicacio-del-practicum\/","title":{"rendered":"1.3. Camps d\u2019aplicaci\u00f3 del Pr\u00e0cticum"},"content":{"rendered":"<p>A la UOC s\u2019ofereixen cinc camps d\u2019aplicaci\u00f3 en els quals l\u2019estudiantat pot cursar les pr\u00e0ctiques. Aix\u00ed doncs, si introdu\u00efu una oferta de pr\u00e0ctiques a la nostra eina, Xperience, heu de seleccionar en quin camp se situa el vostre centre, i tamb\u00e9 les tasques que hi dur\u00e0 a terme l\u2019estudiantat en pr\u00e0ctiques.<\/p>\n<p>A m\u00e9s, cal que tingueu present que es recomana a l\u2019estudiantat fer <strong>les noranta hores de pr\u00e0ctiques requerides de manera distribu\u00efda al llarg de tot el semestre<\/strong>, i no pas de forma intensiva.<\/p>\n<p>A continuaci\u00f3, es detallen els camps d\u2019aplicaci\u00f3 en els quals l\u2019estudiantat pot fer les pr\u00e0ctiques.<\/p>\n<p><strong>Psicologia cl\u00ednica i de la salut<\/strong><\/p>\n<p>En l\u2019\u00e0mbit de la psicologia cl\u00ednica i de la salut es poden diferenciar dos camps d\u2019aplicaci\u00f3.<\/p>\n<ul>\n<li>D\u2019una banda, el camp de la psicologia cl\u00ednica, orientat a la intervenci\u00f3 sobre els problemes psicol\u00f2gics, tant de l\u2019individu com del grup, en els seus diferents contextos, mitjan\u00e7ant l\u2019an\u00e0lisi, l\u2019avaluaci\u00f3 i el tractament en infants, adolescents, adults o gent gran.<\/li>\n<li>De l\u2019altre, el camp de la psicologia de la salut, que interv\u00e9 en diferents aspectes de la salut i la malaltia, i fa una atenci\u00f3 especial al desenvolupament de programes de promoci\u00f3 de la salut, de prevenci\u00f3, de suport i d\u2019atenci\u00f3 continuada a diferents col\u00b7lectius.<\/li>\n<\/ul>\n<p><strong>Neuropsicologia<\/strong><\/p>\n<p>Aquest camp est\u00e0 dirigit a l\u2019avaluaci\u00f3, el diagn\u00f2stic i la intervenci\u00f3 neuropsicol\u00f2gics.<\/p>\n<p>L\u2019objectiu d\u2019aquest camp \u00e9s posar de manifest les compet\u00e8ncies de la neuropsicologia en els diferents \u00e0mbits d\u2019intervenci\u00f3 en la poblaci\u00f3 adulta o infantil amb afectacions cognitives, conductuals o emocionals, esdevingudes de malalties neurodegeneratives, trastorns del neurodesenvolupament, dany cerebral adquirit, malalties psiqui\u00e0triques, etc.<\/p>\n<p><strong>Psicologia de l\u2019educaci\u00f3<\/strong><\/p>\n<p>El camp de la psicologia de l\u2019educaci\u00f3 es desenvolupa en el marc dels \u00e0mbits socioeducatius, en un sentit ampli.<\/p>\n<p>M\u00e9s concretament, avalua i interv\u00e9 en els \u00e0mbits personal, familiar, organitzacional, institucional, sociocomunitari i educatiu en general, atenent les necessitats dels agents que integren els contextos socioeducatius al llarg de tot el cicle vital.<\/p>\n<p><strong>Psicologia de la intervenci\u00f3 social<\/strong><\/p>\n<p>Aquest camp posa una atenci\u00f3 especial en l\u2019estudi i el disseny de programes d\u2019acci\u00f3 i intervenci\u00f3 davant dels problemes socials contemporanis, dins del context de la globalitzaci\u00f3 i la societat de la informaci\u00f3. Tamb\u00e9 estudia i treballa la complexa relaci\u00f3 que s\u2019estableix entre l\u2019individu i el seu context social, i posa l\u2019\u00e8mfasi en la manera en qu\u00e8 les necessitats, individuals i col\u00b7lectives, s\u00f3n satisfetes en l\u2019entorn social.<\/p>\n<p>Les pr\u00e0ctiques es poden dur a terme en els \u00e0mbits d\u2019actuaci\u00f3 seg\u00fcents: mitjans de comunicaci\u00f3 i TIC; atenci\u00f3 als problemes socials (processos d\u2019inclusi\u00f3\/exclusi\u00f3); gesti\u00f3 de conflictes; formaci\u00f3 i dinamitzaci\u00f3 sociolaboral; serveis socials i treball comunitari, i ONG, plataformes d\u2019acci\u00f3 c\u00edvica i associacionisme.<\/p>\n<p><strong>Psicologia del treball i de les organitzacions<\/strong><\/p>\n<p>Aquest camp est\u00e0 dirigit a la intervenci\u00f3 sociolaboral a les organitzacions. Per tant, les pr\u00e0ctiques solen girar al voltant de tasques relacionades amb la mateixa organitzaci\u00f3, com ara el desenvolupament i la gesti\u00f3 dels recursos humans, el consum i el m\u00e0rqueting, les condicions de treball i la salut laboral o el conflicte i la gesti\u00f3 comunicativa en l\u2019entorn organitzatiu.<\/p>\n<p>M\u00e9s concretament, les pr\u00e0ctiques es poden fer en els \u00e0mbits d\u2019actuaci\u00f3 seg\u00fcents:<\/p>\n<ul>\n<li><strong>Organitzaci\u00f3 i desenvolupament dels recursos humans:<\/strong> selecci\u00f3 de personal, formaci\u00f3 i desenvolupament del talent, intervenci\u00f3 grupal, negociaci\u00f3 de conflictes, an\u00e0lisi de llocs de treball i gesti\u00f3 per compet\u00e8ncies o cultura organitzacional.<\/li>\n<li><strong>Consum i m\u00e0rqueting:<\/strong> estudis de mercat (quantitatius i qualitatius), investigaci\u00f3 de productes i publicitat o comunicaci\u00f3 interna i externa.<\/li>\n<li><strong>Condicions de treball i salut:<\/strong> salut i higiene laboral, prevenci\u00f3 de riscos laborals o ergonomia.<\/li>\n<li><strong>Conflicte en les organitzacions:<\/strong> mediaci\u00f3 i resoluci\u00f3 de conflictes.<\/li>\n<\/ul>\n","protected":false},"excerpt":{"rendered":"<p>A la UOC s\u2019ofereixen cinc camps d\u2019aplicaci\u00f3 en els quals l\u2019estudiantat pot cursar les pr\u00e0ctiques. Aix\u00ed doncs, si introdu\u00efu una oferta de pr\u00e0ctiques a la nostra eina, Xperience, heu de seleccionar en quin camp se situa el vostre centre, i tamb\u00e9 les tasques que hi dur\u00e0 a terme l\u2019estudiantat en pr\u00e0ctiques. A m\u00e9s, cal que [&hellip;]<\/p>\n","protected":false},"author":1,"featured_media":0,"parent":0,"menu_order":0,"comment_status":"closed","ping_status":"closed","template":"","meta":[],"acf":[],"_links":{"self":[{"href":"http:\/\/guia-prc.recursos.uoc.edu\/guia-per-a-les-tutories-dels-centres-de-practiques-curriculars\/wp-json\/wp\/v2\/pages\/36"}],"collection":[{"href":"http:\/\/guia-prc.recursos.uoc.edu\/guia-per-a-les-tutories-dels-centres-de-practiques-curriculars\/wp-json\/wp\/v2\/pages"}],"about":[{"href":"http:\/\/guia-prc.recursos.uoc.edu\/guia-per-a-les-tutories-dels-centres-de-practiques-curriculars\/wp-json\/wp\/v2\/types\/page"}],"author":[{"embeddable":true,"href":"http:\/\/guia-prc.recursos.uoc.edu\/guia-per-a-les-tutories-dels-centres-de-practiques-curriculars\/wp-json\/wp\/v2\/users\/1"}],"replies":[{"embeddable":true,"href":"http:\/\/guia-prc.recursos.uoc.edu\/guia-per-a-les-tutories-dels-centres-de-practiques-curriculars\/wp-json\/wp\/v2\/comments?post=36"}],"version-history":[{"count":2,"href":"http:\/\/guia-prc.recursos.uoc.edu\/guia-per-a-les-tutories-dels-centres-de-practiques-curriculars\/wp-json\/wp\/v2\/pages\/36\/revisions"}],"predecessor-version":[{"id":39,"href":"http:\/\/guia-prc.recursos.uoc.edu\/guia-per-a-les-tutories-dels-centres-de-practiques-curriculars\/wp-json\/wp\/v2\/pages\/36\/revisions\/39"}],"wp:attachment":[{"href":"http:\/\/guia-prc.recursos.uoc.edu\/guia-per-a-les-tutories-dels-centres-de-practiques-curriculars\/wp-json\/wp\/v2\/media?parent=36"}],"curies":[{"name":"wp","href":"https:\/\/api.w.org\/{rel}","templated":true}]}}