{"id":41,"date":"2023-06-19T11:44:51","date_gmt":"2023-06-19T09:44:51","guid":{"rendered":"http:\/\/guia-prc.recursos.uoc.edu\/guia-per-a-les-tutories-dels-centres-de-practiques-curriculars\/?page_id=41"},"modified":"2023-06-19T11:44:51","modified_gmt":"2023-06-19T09:44:51","slug":"2-1-introduccio","status":"publish","type":"page","link":"http:\/\/guia-prc.recursos.uoc.edu\/guia-per-a-les-tutories-dels-centres-de-practiques-curriculars\/2-1-introduccio\/","title":{"rendered":"2.1. Introducci\u00f3"},"content":{"rendered":"<p>La mat\u00e8ria del Pr\u00e0cticum a la UOC engloba tres assignatures: \u00c0mbits professionals en psicologia, Pr\u00e0cticum I i Pr\u00e0cticum II. Al llarg d\u2019aquestes assignatures, l\u2019estudiantat desenvolupa i posa en pr\u00e0ctica una s\u00e8rie de compet\u00e8ncies b\u00e0siques i generals, transversals i espec\u00edfiques.<\/p>\n<p>En aquest apartat s\u2019especifiquen quines s\u00f3n aquestes compet\u00e8ncies.<\/p>\n","protected":false},"excerpt":{"rendered":"<p>La mat\u00e8ria del Pr\u00e0cticum a la UOC engloba tres assignatures: \u00c0mbits professionals en psicologia, Pr\u00e0cticum I i Pr\u00e0cticum II. Al llarg d\u2019aquestes assignatures, l\u2019estudiantat desenvolupa i posa en pr\u00e0ctica una s\u00e8rie de compet\u00e8ncies b\u00e0siques i generals, transversals i espec\u00edfiques. En aquest apartat s\u2019especifiquen quines s\u00f3n aquestes compet\u00e8ncies.<\/p>\n","protected":false},"author":1,"featured_media":0,"parent":0,"menu_order":0,"comment_status":"closed","ping_status":"closed","template":"","meta":[],"acf":[],"_links":{"self":[{"href":"http:\/\/guia-prc.recursos.uoc.edu\/guia-per-a-les-tutories-dels-centres-de-practiques-curriculars\/wp-json\/wp\/v2\/pages\/41"}],"collection":[{"href":"http:\/\/guia-prc.recursos.uoc.edu\/guia-per-a-les-tutories-dels-centres-de-practiques-curriculars\/wp-json\/wp\/v2\/pages"}],"about":[{"href":"http:\/\/guia-prc.recursos.uoc.edu\/guia-per-a-les-tutories-dels-centres-de-practiques-curriculars\/wp-json\/wp\/v2\/types\/page"}],"author":[{"embeddable":true,"href":"http:\/\/guia-prc.recursos.uoc.edu\/guia-per-a-les-tutories-dels-centres-de-practiques-curriculars\/wp-json\/wp\/v2\/users\/1"}],"replies":[{"embeddable":true,"href":"http:\/\/guia-prc.recursos.uoc.edu\/guia-per-a-les-tutories-dels-centres-de-practiques-curriculars\/wp-json\/wp\/v2\/comments?post=41"}],"version-history":[{"count":1,"href":"http:\/\/guia-prc.recursos.uoc.edu\/guia-per-a-les-tutories-dels-centres-de-practiques-curriculars\/wp-json\/wp\/v2\/pages\/41\/revisions"}],"predecessor-version":[{"id":42,"href":"http:\/\/guia-prc.recursos.uoc.edu\/guia-per-a-les-tutories-dels-centres-de-practiques-curriculars\/wp-json\/wp\/v2\/pages\/41\/revisions\/42"}],"wp:attachment":[{"href":"http:\/\/guia-prc.recursos.uoc.edu\/guia-per-a-les-tutories-dels-centres-de-practiques-curriculars\/wp-json\/wp\/v2\/media?parent=41"}],"curies":[{"name":"wp","href":"https:\/\/api.w.org\/{rel}","templated":true}]}}