{"id":43,"date":"2023-06-19T11:46:20","date_gmt":"2023-06-19T09:46:20","guid":{"rendered":"http:\/\/guia-prc.recursos.uoc.edu\/guia-per-a-les-tutories-dels-centres-de-practiques-curriculars\/?page_id=43"},"modified":"2023-06-19T11:46:20","modified_gmt":"2023-06-19T09:46:20","slug":"2-2-competencies-basiques-i-generals","status":"publish","type":"page","link":"http:\/\/guia-prc.recursos.uoc.edu\/guia-per-a-les-tutories-dels-centres-de-practiques-curriculars\/2-2-competencies-basiques-i-generals\/","title":{"rendered":"2.2. Compet\u00e8ncies b\u00e0siques i generals"},"content":{"rendered":"<p><strong>CB2<\/strong> &#8211; Saber aplicar, de manera professional, els propis coneixements al treball o a la vocaci\u00f3, i posseir les compet\u00e8ncies que solen demostrar-se per mitj\u00e0 de l\u2019elaboraci\u00f3 i la defensa d\u2019arguments i la resoluci\u00f3 de problemes dins de la pr\u00f2pia \u00e0rea d&#8217;estudi.<\/p>\n<p><strong>CB3<\/strong> &#8211; Tenir la capacitat de reunir i d\u2019interpretar dades rellevants (normalment, dins de la pr\u00f2pia \u00e0rea d&#8217;estudi) per emetre judicis que incloguin una reflexi\u00f3 sobre temes rellevants d\u2019\u00edndole social, cient\u00edfica o \u00e8tica.<\/p>\n<p><strong>CB4<\/strong> &#8211; Transmetre informaci\u00f3, idees, problemes i solucions a un p\u00fablic tant especialitzat com no especialitzat.<\/p>\n<p><strong>CG1<\/strong> &#8211; Escriure i parlar de manera correcta, clara i adequada als diversos contextos acad\u00e8mics o professionals.<\/p>\n<p><strong>CG2 <\/strong>&#8211; Aprendre a aprendre: conduir el propi aprenentatge de manera autoregulada i essent conscient de les pr\u00f2pies habilitats, capacitats i motivacions, amb un objectiu determinat i en funci\u00f3 dels contextos especificoacad\u00e8mic, professional i personal.<\/p>\n<p><strong>CG5<\/strong> &#8211; Analitzar, sintetitzar i fer judicis fonamentats en criteris autocorrectius i sensibles al context.<\/p>\n<p><strong>CG6<\/strong> &#8211; Identificar, organitzar i planificar les accions per assegurar que un objectiu s\u2019aconsegueix de manera eficient.<\/p>\n<p><strong>CG7<\/strong> &#8211; Resoldre situacions complexes tot analitzant comportaments, trobant alternatives de resoluci\u00f3 i arribant al consens sobre l\u2019aplicaci\u00f3 d\u2019aquestes alternatives, i avaluar-ne els resultats.<\/p>\n<p><strong>CG8<\/strong> &#8211; Recon\u00e8ixer, comprendre i respectar la complexitat de la diversitat.<\/p>\n<p><strong>CG9<\/strong> &#8211; Ser sensible a les necessitats i a les expectatives dels altres, i als contextos i a les influ\u00e8ncies que es puguin produir.<\/p>\n<p><strong>CG10<\/strong> &#8211; Treballar en xarxa.<\/p>\n","protected":false},"excerpt":{"rendered":"<p>CB2 &#8211; Saber aplicar, de manera professional, els propis coneixements al treball o a la vocaci\u00f3, i posseir les compet\u00e8ncies que solen demostrar-se per mitj\u00e0 de l\u2019elaboraci\u00f3 i la defensa d\u2019arguments i la resoluci\u00f3 de problemes dins de la pr\u00f2pia \u00e0rea d&#8217;estudi. CB3 &#8211; Tenir la capacitat de reunir i d\u2019interpretar dades rellevants (normalment, dins [&hellip;]<\/p>\n","protected":false},"author":1,"featured_media":0,"parent":0,"menu_order":0,"comment_status":"closed","ping_status":"closed","template":"","meta":[],"acf":[],"_links":{"self":[{"href":"http:\/\/guia-prc.recursos.uoc.edu\/guia-per-a-les-tutories-dels-centres-de-practiques-curriculars\/wp-json\/wp\/v2\/pages\/43"}],"collection":[{"href":"http:\/\/guia-prc.recursos.uoc.edu\/guia-per-a-les-tutories-dels-centres-de-practiques-curriculars\/wp-json\/wp\/v2\/pages"}],"about":[{"href":"http:\/\/guia-prc.recursos.uoc.edu\/guia-per-a-les-tutories-dels-centres-de-practiques-curriculars\/wp-json\/wp\/v2\/types\/page"}],"author":[{"embeddable":true,"href":"http:\/\/guia-prc.recursos.uoc.edu\/guia-per-a-les-tutories-dels-centres-de-practiques-curriculars\/wp-json\/wp\/v2\/users\/1"}],"replies":[{"embeddable":true,"href":"http:\/\/guia-prc.recursos.uoc.edu\/guia-per-a-les-tutories-dels-centres-de-practiques-curriculars\/wp-json\/wp\/v2\/comments?post=43"}],"version-history":[{"count":1,"href":"http:\/\/guia-prc.recursos.uoc.edu\/guia-per-a-les-tutories-dels-centres-de-practiques-curriculars\/wp-json\/wp\/v2\/pages\/43\/revisions"}],"predecessor-version":[{"id":46,"href":"http:\/\/guia-prc.recursos.uoc.edu\/guia-per-a-les-tutories-dels-centres-de-practiques-curriculars\/wp-json\/wp\/v2\/pages\/43\/revisions\/46"}],"wp:attachment":[{"href":"http:\/\/guia-prc.recursos.uoc.edu\/guia-per-a-les-tutories-dels-centres-de-practiques-curriculars\/wp-json\/wp\/v2\/media?parent=43"}],"curies":[{"name":"wp","href":"https:\/\/api.w.org\/{rel}","templated":true}]}}