{"id":47,"date":"2023-06-19T11:47:23","date_gmt":"2023-06-19T09:47:23","guid":{"rendered":"http:\/\/guia-prc.recursos.uoc.edu\/guia-per-a-les-tutories-dels-centres-de-practiques-curriculars\/?page_id=47"},"modified":"2023-06-19T11:47:23","modified_gmt":"2023-06-19T09:47:23","slug":"2-3-competencies-transversals","status":"publish","type":"page","link":"http:\/\/guia-prc.recursos.uoc.edu\/guia-per-a-les-tutories-dels-centres-de-practiques-curriculars\/2-3-competencies-transversals\/","title":{"rendered":"2.3. Compet\u00e8ncies transversals"},"content":{"rendered":"<p><strong>CT3<\/strong> &#8211; Actuar de manera honesta, \u00e8tica, sostenible, socialment responsable i respectuosa amb els drets humans i la diversitat, tant en la pr\u00e0ctica acad\u00e8mica com en la professional.<\/p>\n","protected":false},"excerpt":{"rendered":"<p>CT3 &#8211; Actuar de manera honesta, \u00e8tica, sostenible, socialment responsable i respectuosa amb els drets humans i la diversitat, tant en la pr\u00e0ctica acad\u00e8mica com en la professional.<\/p>\n","protected":false},"author":1,"featured_media":0,"parent":0,"menu_order":0,"comment_status":"closed","ping_status":"closed","template":"","meta":[],"acf":[],"_links":{"self":[{"href":"http:\/\/guia-prc.recursos.uoc.edu\/guia-per-a-les-tutories-dels-centres-de-practiques-curriculars\/wp-json\/wp\/v2\/pages\/47"}],"collection":[{"href":"http:\/\/guia-prc.recursos.uoc.edu\/guia-per-a-les-tutories-dels-centres-de-practiques-curriculars\/wp-json\/wp\/v2\/pages"}],"about":[{"href":"http:\/\/guia-prc.recursos.uoc.edu\/guia-per-a-les-tutories-dels-centres-de-practiques-curriculars\/wp-json\/wp\/v2\/types\/page"}],"author":[{"embeddable":true,"href":"http:\/\/guia-prc.recursos.uoc.edu\/guia-per-a-les-tutories-dels-centres-de-practiques-curriculars\/wp-json\/wp\/v2\/users\/1"}],"replies":[{"embeddable":true,"href":"http:\/\/guia-prc.recursos.uoc.edu\/guia-per-a-les-tutories-dels-centres-de-practiques-curriculars\/wp-json\/wp\/v2\/comments?post=47"}],"version-history":[{"count":1,"href":"http:\/\/guia-prc.recursos.uoc.edu\/guia-per-a-les-tutories-dels-centres-de-practiques-curriculars\/wp-json\/wp\/v2\/pages\/47\/revisions"}],"predecessor-version":[{"id":49,"href":"http:\/\/guia-prc.recursos.uoc.edu\/guia-per-a-les-tutories-dels-centres-de-practiques-curriculars\/wp-json\/wp\/v2\/pages\/47\/revisions\/49"}],"wp:attachment":[{"href":"http:\/\/guia-prc.recursos.uoc.edu\/guia-per-a-les-tutories-dels-centres-de-practiques-curriculars\/wp-json\/wp\/v2\/media?parent=47"}],"curies":[{"name":"wp","href":"https:\/\/api.w.org\/{rel}","templated":true}]}}