{"id":54,"date":"2023-06-19T11:51:40","date_gmt":"2023-06-19T09:51:40","guid":{"rendered":"http:\/\/guia-prc.recursos.uoc.edu\/guia-per-a-les-tutories-dels-centres-de-practiques-curriculars\/?page_id=54"},"modified":"2023-07-22T17:21:02","modified_gmt":"2023-07-22T15:21:02","slug":"3-1-introduccio","status":"publish","type":"page","link":"http:\/\/guia-prc.recursos.uoc.edu\/guia-per-a-les-tutories-dels-centres-de-practiques-curriculars\/3-1-introduccio\/","title":{"rendered":"3.1. Introducci\u00f3"},"content":{"rendered":"<p>Com sabeu de primera m\u00e0, l\u2019assignatura del Pr\u00e0cticum requereix una col\u00b7laboraci\u00f3 que dista d\u2019altres assignatures del grau; per aquesta ra\u00f3, <strong>diferents agents intervenen en el Pr\u00e0cticum <\/strong>per fer-lo possible. M\u00e9s concretament, per part de la UOC hi interv\u00e9 la Comissi\u00f3 del Pr\u00e0cticum i l\u2019equip docent, i, per part del centre de pr\u00e0ctiques, la tutoria del centre.<\/p>\n<p>A continuaci\u00f3, es detallen les funcions d\u2019aquests agents.<\/p>\n<ul>\n<li><strong>Comissi\u00f3 del Pr\u00e0cticum<\/strong>: est\u00e0 formada per professorat propi dels estudis de Psicologia i Ci\u00e8ncies de l\u2019Educaci\u00f3, i tamb\u00e9 per personal de gesti\u00f3, tant dels mateixos estudis com del Servei de Pr\u00e0ctiques i Mobilitat.<br \/>\nLa Comissi\u00f3 del Pr\u00e0cticum \u00e9s la <strong>responsable de gestionar el procediment de pr\u00e0ctiques <\/strong>i, al seu torn, <strong>de vetllar pel bon funcionament<\/strong> en les relacions entre l\u2019estudiantat, l\u2019equip docent i el centre extern.<\/li>\n<li><strong>Equip docent de la UOC: <\/strong>cal diferenciar, dins d\u2019aquest equip docent, dues figures. D\u2019una banda, el <strong>professorat responsable de l\u2019assignatura<\/strong>, que coordina l\u2019assignatura del Pr\u00e0cticum en un camp d\u2019aplicaci\u00f3 espec\u00edfic; de l\u2019altra, el <strong>personal docent col\u00b7laborador<\/strong>, que fa refer\u00e8ncia a la figura docent que, <strong>des de l\u2019aula virtual, acompanya l\u2019estudiantat en el proc\u00e9s d\u2019aprenentatge<\/strong>. A l\u2019inici del semestre, l\u2019equip docent contactar\u00e0 amb vosaltres, com a tutoria del centre de pr\u00e0ctiques, per facilitar-vos tota la informaci\u00f3 necess\u00e0ria i per poder establir una via de comunicaci\u00f3 directa.<\/li>\n<li><strong>Tutoria del centre de pr\u00e0ctiques:<\/strong> la tutoria del centre de pr\u00e0ctiques ha d\u2019estar en actiu, dins de l\u2019exercici professional, i t\u00e9 la funci\u00f3 d\u2019acompanyar l\u2019estudiantat durant l\u2019estada al centre de pr\u00e0ctiques. M\u00e9s concretament, les funcions que porta a terme aquesta figura s\u00f3n les seg\u00fcents:\n<ul>\n<li>Fer l\u2019acollida al centre i informar l\u2019estudiant del seu funcionament.<\/li>\n<li>Establir les tasques que l\u2019estudiant dur\u00e0 a terme al centre (amb la validaci\u00f3 posterior de l\u2019equip docent de la UOC).<\/li>\n<li>Supervisar l\u2019assist\u00e8ncia, l\u2019actitud, la participaci\u00f3 i el rendiment de l\u2019estudiant.<\/li>\n<li>Atendre les consultes, tant te\u00f2riques com pr\u00e0ctiques, que puguin sorgir a l\u2019estudiant durant la seva estada al centre.<\/li>\n<li>Avaluar l\u2019estudiant.<\/li>\n<\/ul>\n<\/li>\n<\/ul>\n","protected":false},"excerpt":{"rendered":"<p>Com sabeu de primera m\u00e0, l\u2019assignatura del Pr\u00e0cticum requereix una col\u00b7laboraci\u00f3 que dista d\u2019altres assignatures del grau; per aquesta ra\u00f3, diferents agents intervenen en el Pr\u00e0cticum per fer-lo possible. M\u00e9s concretament, per part de la UOC hi interv\u00e9 la Comissi\u00f3 del Pr\u00e0cticum i l\u2019equip docent, i, per part del centre de pr\u00e0ctiques, la tutoria del [&hellip;]<\/p>\n","protected":false},"author":1,"featured_media":0,"parent":0,"menu_order":0,"comment_status":"closed","ping_status":"closed","template":"","meta":[],"acf":[],"_links":{"self":[{"href":"http:\/\/guia-prc.recursos.uoc.edu\/guia-per-a-les-tutories-dels-centres-de-practiques-curriculars\/wp-json\/wp\/v2\/pages\/54"}],"collection":[{"href":"http:\/\/guia-prc.recursos.uoc.edu\/guia-per-a-les-tutories-dels-centres-de-practiques-curriculars\/wp-json\/wp\/v2\/pages"}],"about":[{"href":"http:\/\/guia-prc.recursos.uoc.edu\/guia-per-a-les-tutories-dels-centres-de-practiques-curriculars\/wp-json\/wp\/v2\/types\/page"}],"author":[{"embeddable":true,"href":"http:\/\/guia-prc.recursos.uoc.edu\/guia-per-a-les-tutories-dels-centres-de-practiques-curriculars\/wp-json\/wp\/v2\/users\/1"}],"replies":[{"embeddable":true,"href":"http:\/\/guia-prc.recursos.uoc.edu\/guia-per-a-les-tutories-dels-centres-de-practiques-curriculars\/wp-json\/wp\/v2\/comments?post=54"}],"version-history":[{"count":4,"href":"http:\/\/guia-prc.recursos.uoc.edu\/guia-per-a-les-tutories-dels-centres-de-practiques-curriculars\/wp-json\/wp\/v2\/pages\/54\/revisions"}],"predecessor-version":[{"id":146,"href":"http:\/\/guia-prc.recursos.uoc.edu\/guia-per-a-les-tutories-dels-centres-de-practiques-curriculars\/wp-json\/wp\/v2\/pages\/54\/revisions\/146"}],"wp:attachment":[{"href":"http:\/\/guia-prc.recursos.uoc.edu\/guia-per-a-les-tutories-dels-centres-de-practiques-curriculars\/wp-json\/wp\/v2\/media?parent=54"}],"curies":[{"name":"wp","href":"https:\/\/api.w.org\/{rel}","templated":true}]}}