{"id":60,"date":"2023-06-19T11:54:39","date_gmt":"2023-06-19T09:54:39","guid":{"rendered":"http:\/\/guia-prc.recursos.uoc.edu\/guia-per-a-les-tutories-dels-centres-de-practiques-curriculars\/?page_id=60"},"modified":"2025-01-27T18:17:06","modified_gmt":"2025-01-27T16:17:06","slug":"3-2-caracteristiques-dels-centres-de-practiques","status":"publish","type":"page","link":"http:\/\/guia-prc.recursos.uoc.edu\/guia-per-a-les-tutories-dels-centres-de-practiques-curriculars\/3-2-caracteristiques-dels-centres-de-practiques\/","title":{"rendered":"3.2. Caracter\u00edstiques dels centres de pr\u00e0ctiques"},"content":{"rendered":"<p>Depenent del camp d\u2019aplicaci\u00f3 en el qual se situa el centre i de les tasques que s\u2019hi poden dur a terme,<strong> es demana que la tutoria tingui una titulaci\u00f3 espec\u00edfica per poder acollir estudiants en pr\u00e0ctiques<\/strong>. Per cada camp d\u2019aplicaci\u00f3, les titulacions espec\u00edfiques s\u00f3n les seg\u00fcents:<\/p>\n<ul>\n<li>Psicologia cl\u00ednica i de la salut: titulaci\u00f3 en Psicologia.<\/li>\n<li>Psicologia de l\u2019educaci\u00f3: titulaci\u00f3 en Psicologia o Psicopedagogia.<\/li>\n<li>Psicologia de la intervenci\u00f3 social: titulaci\u00f3 en Psicologia.<\/li>\n<li>Psicologia del treball i de les organitzacions: titulaci\u00f3 en Psicologia.<\/li>\n<li>Neuropsicologia: titulaci\u00f3 en Psicologia.<\/li>\n<\/ul>\n<p>A m\u00e9s, aquesta figura ha de tenir, <strong>com a m\u00ednim, dos anys d\u2019experi\u00e8ncia<\/strong> en el camp d\u2019aplicaci\u00f3 en el qual s\u2019ubica el centre, i tamb\u00e9 ha de preveure que, durant el semestre en qu\u00e8 l\u2019estudiantat far\u00e0 les pr\u00e0ctiques, continuar\u00e0 mantenint el vincle amb aquest centre de treball.<\/p>\n","protected":false},"excerpt":{"rendered":"<p>Depenent del camp d\u2019aplicaci\u00f3 en el qual se situa el centre i de les tasques que s\u2019hi poden dur a terme, es demana que la tutoria tingui una titulaci\u00f3 espec\u00edfica per poder acollir estudiants en pr\u00e0ctiques. Per cada camp d\u2019aplicaci\u00f3, les titulacions espec\u00edfiques s\u00f3n les seg\u00fcents: Psicologia cl\u00ednica i de la salut: titulaci\u00f3 en Psicologia. [&hellip;]<\/p>\n","protected":false},"author":1,"featured_media":0,"parent":0,"menu_order":0,"comment_status":"closed","ping_status":"closed","template":"","meta":[],"acf":[],"_links":{"self":[{"href":"http:\/\/guia-prc.recursos.uoc.edu\/guia-per-a-les-tutories-dels-centres-de-practiques-curriculars\/wp-json\/wp\/v2\/pages\/60"}],"collection":[{"href":"http:\/\/guia-prc.recursos.uoc.edu\/guia-per-a-les-tutories-dels-centres-de-practiques-curriculars\/wp-json\/wp\/v2\/pages"}],"about":[{"href":"http:\/\/guia-prc.recursos.uoc.edu\/guia-per-a-les-tutories-dels-centres-de-practiques-curriculars\/wp-json\/wp\/v2\/types\/page"}],"author":[{"embeddable":true,"href":"http:\/\/guia-prc.recursos.uoc.edu\/guia-per-a-les-tutories-dels-centres-de-practiques-curriculars\/wp-json\/wp\/v2\/users\/1"}],"replies":[{"embeddable":true,"href":"http:\/\/guia-prc.recursos.uoc.edu\/guia-per-a-les-tutories-dels-centres-de-practiques-curriculars\/wp-json\/wp\/v2\/comments?post=60"}],"version-history":[{"count":2,"href":"http:\/\/guia-prc.recursos.uoc.edu\/guia-per-a-les-tutories-dels-centres-de-practiques-curriculars\/wp-json\/wp\/v2\/pages\/60\/revisions"}],"predecessor-version":[{"id":174,"href":"http:\/\/guia-prc.recursos.uoc.edu\/guia-per-a-les-tutories-dels-centres-de-practiques-curriculars\/wp-json\/wp\/v2\/pages\/60\/revisions\/174"}],"wp:attachment":[{"href":"http:\/\/guia-prc.recursos.uoc.edu\/guia-per-a-les-tutories-dels-centres-de-practiques-curriculars\/wp-json\/wp\/v2\/media?parent=60"}],"curies":[{"name":"wp","href":"https:\/\/api.w.org\/{rel}","templated":true}]}}