{"id":70,"date":"2023-06-19T12:09:32","date_gmt":"2023-06-19T10:09:32","guid":{"rendered":"http:\/\/guia-prc.recursos.uoc.edu\/guia-per-a-les-tutories-dels-centres-de-practiques-curriculars\/?page_id=70"},"modified":"2023-06-19T12:09:32","modified_gmt":"2023-06-19T10:09:32","slug":"4-1-introduccio","status":"publish","type":"page","link":"http:\/\/guia-prc.recursos.uoc.edu\/guia-per-a-les-tutories-dels-centres-de-practiques-curriculars\/4-1-introduccio\/","title":{"rendered":"4.1. Introducci\u00f3"},"content":{"rendered":"<p>En les assignatures de Pr\u00e0cticum l\u2019estudiantat rep <strong>dues valoracions<\/strong>. D\u2019una banda, la valoraci\u00f3 de les activitats fetes a l\u2019aula i, de l\u2019altra, la de les participacions i les tasques dutes a terme al centre de pr\u00e0ctiques. <strong>Cadascuna d\u2019aquestes valoracions t\u00e9 un pes del 50 % respecte a la nota final de l\u2019assignatura, i \u00e9s necessari aprovar totes dues parts per poder superar l\u2019assignatura<\/strong>.<\/p>\n<p>Aquests criteris d\u2019avaluaci\u00f3 els estableix la Comissi\u00f3 del Pr\u00e0cticum d\u2019acord amb les directrius facilitades a les confer\u00e8ncies de vicedegans de Pr\u00e0cticum de les facultats de Psicologia de l\u2019Estat espanyol, i tenint en compte les caracter\u00edstiques pr\u00f2pies del model pedag\u00f2gic de la UOC.<\/p>\n","protected":false},"excerpt":{"rendered":"<p>En les assignatures de Pr\u00e0cticum l\u2019estudiantat rep dues valoracions. D\u2019una banda, la valoraci\u00f3 de les activitats fetes a l\u2019aula i, de l\u2019altra, la de les participacions i les tasques dutes a terme al centre de pr\u00e0ctiques. Cadascuna d\u2019aquestes valoracions t\u00e9 un pes del 50 % respecte a la nota final de l\u2019assignatura, i \u00e9s necessari [&hellip;]<\/p>\n","protected":false},"author":1,"featured_media":0,"parent":0,"menu_order":0,"comment_status":"closed","ping_status":"closed","template":"","meta":[],"acf":[],"_links":{"self":[{"href":"http:\/\/guia-prc.recursos.uoc.edu\/guia-per-a-les-tutories-dels-centres-de-practiques-curriculars\/wp-json\/wp\/v2\/pages\/70"}],"collection":[{"href":"http:\/\/guia-prc.recursos.uoc.edu\/guia-per-a-les-tutories-dels-centres-de-practiques-curriculars\/wp-json\/wp\/v2\/pages"}],"about":[{"href":"http:\/\/guia-prc.recursos.uoc.edu\/guia-per-a-les-tutories-dels-centres-de-practiques-curriculars\/wp-json\/wp\/v2\/types\/page"}],"author":[{"embeddable":true,"href":"http:\/\/guia-prc.recursos.uoc.edu\/guia-per-a-les-tutories-dels-centres-de-practiques-curriculars\/wp-json\/wp\/v2\/users\/1"}],"replies":[{"embeddable":true,"href":"http:\/\/guia-prc.recursos.uoc.edu\/guia-per-a-les-tutories-dels-centres-de-practiques-curriculars\/wp-json\/wp\/v2\/comments?post=70"}],"version-history":[{"count":2,"href":"http:\/\/guia-prc.recursos.uoc.edu\/guia-per-a-les-tutories-dels-centres-de-practiques-curriculars\/wp-json\/wp\/v2\/pages\/70\/revisions"}],"predecessor-version":[{"id":74,"href":"http:\/\/guia-prc.recursos.uoc.edu\/guia-per-a-les-tutories-dels-centres-de-practiques-curriculars\/wp-json\/wp\/v2\/pages\/70\/revisions\/74"}],"wp:attachment":[{"href":"http:\/\/guia-prc.recursos.uoc.edu\/guia-per-a-les-tutories-dels-centres-de-practiques-curriculars\/wp-json\/wp\/v2\/media?parent=70"}],"curies":[{"name":"wp","href":"https:\/\/api.w.org\/{rel}","templated":true}]}}