{"id":73,"date":"2023-06-19T12:13:17","date_gmt":"2023-06-19T10:13:17","guid":{"rendered":"http:\/\/guia-prc.recursos.uoc.edu\/guia-per-a-les-tutories-dels-centres-de-practiques-curriculars\/?page_id=73"},"modified":"2023-06-22T12:33:10","modified_gmt":"2023-06-22T10:33:10","slug":"4-2-avaluacio-del-centre-de-practiques","status":"publish","type":"page","link":"http:\/\/guia-prc.recursos.uoc.edu\/guia-per-a-les-tutories-dels-centres-de-practiques-curriculars\/4-2-avaluacio-del-centre-de-practiques\/","title":{"rendered":"4.2. Avaluaci\u00f3 del centre de pr\u00e0ctiques"},"content":{"rendered":"<p>Un cop finalitzada l\u2019estada al centre de pr\u00e0ctiques, l\u2019equip docent contactar\u00e0 amb vosaltres, com a tutoria del centre, per tal d\u2019enviar-vos l\u2019informe de valoraci\u00f3 de l\u2019estudiantat. Aquest informe \u00e9s quantitatiu, tot i que tamb\u00e9 hi podreu aportar la informaci\u00f3 qualitativa que considereu rellevant.<\/p>\n<div class=\"tabletitle\"><p>Taula 1. Aspectes que podreu valorar com a centre de pr\u00e0ctiques <\/p>\n<\/div>\n<table>\n<tbody>\n<tr>\n<th scope=\"col\" width=\"50%\">Tasques<\/th>\n<th scope=\"col\">Aspectes a avaluar<\/th>\n<\/tr>\n<tr>\n<td>Compliment, actituds i predisposici\u00f3 de l\u2019estudiant<\/td>\n<td>\n<ul>\n<li>Regularitat i puntualitat en l\u2019assist\u00e8ncia<\/li>\n<li>Disponibilitat i inter\u00e8s per aprendre<\/li>\n<li>Capacitat d\u2019adaptaci\u00f3 a les tasques del centre<\/li>\n<li>Habilitats d\u2019organitzaci\u00f3 i de sistematitzaci\u00f3<\/li>\n<\/ul>\n<\/td>\n<\/tr>\n<tr>\n<td>Coneixements previs i aportacions respecte al tema tractat<\/td>\n<td>\n<ul>\n<li>Adequaci\u00f3 dels coneixements previs<\/li>\n<li>Pertinen\u00e7a de les aportacions<\/li>\n<li>Acompliment de les tasques encomanades<\/li>\n<li>Capacitat de presa d\u2019iniciativa<\/li>\n<li>Capacitat de resoluci\u00f3 de problemes<\/li>\n<\/ul>\n<\/td>\n<\/tr>\n<\/tbody>\n<\/table>\n<div class=\"tablefooter\"><p>Font: elaboraci\u00f3 pr\u00f2pia<\/p>\n<\/div>\n","protected":false},"excerpt":{"rendered":"<p>Un cop finalitzada l\u2019estada al centre de pr\u00e0ctiques, l\u2019equip docent contactar\u00e0 amb vosaltres, com a tutoria del centre, per tal d\u2019enviar-vos l\u2019informe de valoraci\u00f3 de l\u2019estudiantat. Aquest informe \u00e9s quantitatiu, tot i que tamb\u00e9 hi podreu aportar la informaci\u00f3 qualitativa que considereu rellevant. Tasques Aspectes a avaluar Compliment, actituds i predisposici\u00f3 de l\u2019estudiant Regularitat i [&hellip;]<\/p>\n","protected":false},"author":1,"featured_media":0,"parent":0,"menu_order":0,"comment_status":"closed","ping_status":"closed","template":"","meta":[],"acf":[],"_links":{"self":[{"href":"http:\/\/guia-prc.recursos.uoc.edu\/guia-per-a-les-tutories-dels-centres-de-practiques-curriculars\/wp-json\/wp\/v2\/pages\/73"}],"collection":[{"href":"http:\/\/guia-prc.recursos.uoc.edu\/guia-per-a-les-tutories-dels-centres-de-practiques-curriculars\/wp-json\/wp\/v2\/pages"}],"about":[{"href":"http:\/\/guia-prc.recursos.uoc.edu\/guia-per-a-les-tutories-dels-centres-de-practiques-curriculars\/wp-json\/wp\/v2\/types\/page"}],"author":[{"embeddable":true,"href":"http:\/\/guia-prc.recursos.uoc.edu\/guia-per-a-les-tutories-dels-centres-de-practiques-curriculars\/wp-json\/wp\/v2\/users\/1"}],"replies":[{"embeddable":true,"href":"http:\/\/guia-prc.recursos.uoc.edu\/guia-per-a-les-tutories-dels-centres-de-practiques-curriculars\/wp-json\/wp\/v2\/comments?post=73"}],"version-history":[{"count":3,"href":"http:\/\/guia-prc.recursos.uoc.edu\/guia-per-a-les-tutories-dels-centres-de-practiques-curriculars\/wp-json\/wp\/v2\/pages\/73\/revisions"}],"predecessor-version":[{"id":81,"href":"http:\/\/guia-prc.recursos.uoc.edu\/guia-per-a-les-tutories-dels-centres-de-practiques-curriculars\/wp-json\/wp\/v2\/pages\/73\/revisions\/81"}],"wp:attachment":[{"href":"http:\/\/guia-prc.recursos.uoc.edu\/guia-per-a-les-tutories-dels-centres-de-practiques-curriculars\/wp-json\/wp\/v2\/media?parent=73"}],"curies":[{"name":"wp","href":"https:\/\/api.w.org\/{rel}","templated":true}]}}