{"id":173,"date":"2023-06-16T12:02:40","date_gmt":"2023-06-16T10:02:40","guid":{"rendered":"http:\/\/guia-prc.recursos.uoc.edu\/guia-practiques-curriculars-estudiantat\/?page_id=173"},"modified":"2023-07-23T07:42:03","modified_gmt":"2023-07-23T05:42:03","slug":"introduccion","status":"publish","type":"page","link":"http:\/\/guia-prc.recursos.uoc.edu\/guia-practiques-curriculars-estudiantat\/es\/","title":{"rendered":"Introducci\u00f3n"},"content":{"rendered":"<p>En esta gu\u00eda pod\u00e9is encontrar la <strong>informaci\u00f3n b\u00e1sica de las asignaturas Pr\u00e1cticum I y Pr\u00e1cticum II<\/strong> del grado de Psicolog\u00eda de la Universitat Oberta de Catalunya. En ella se explica qu\u00e9 es el Pr\u00e1cticum, las modalidades en las que se ofrece, los requisitos necesarios, las competencias que se trabajan y el proceso o el procedimiento a seguir para poder cursar dichas asignaturas, entre otros aspectos.<\/p>\n<p>Con todo, recordad que ten\u00e9is que<strong> tomar esta gu\u00eda como referente<\/strong> y consultar a vuestra tutor\u00eda del grado cualquier duda que os pueda generar.<\/p>\n<div id=\"gtx-trans\" style=\"position: absolute; left: 332px; top: 120px;\">\n<div class=\"gtx-trans-icon\"><\/div>\n<\/div>\n","protected":false},"excerpt":{"rendered":"<p>En esta gu\u00eda pod\u00e9is encontrar la informaci\u00f3n b\u00e1sica de las asignaturas Pr\u00e1cticum I y Pr\u00e1cticum II del grado de Psicolog\u00eda de la Universitat Oberta de Catalunya. En ella se explica qu\u00e9 es el Pr\u00e1cticum, las modalidades en las que se ofrece, los requisitos necesarios, las competencias que se trabajan y el proceso o el procedimiento [&hellip;]<\/p>\n","protected":false},"author":1,"featured_media":0,"parent":0,"menu_order":0,"comment_status":"closed","ping_status":"closed","template":"","meta":[],"acf":[],"_links":{"self":[{"href":"http:\/\/guia-prc.recursos.uoc.edu\/guia-practiques-curriculars-estudiantat\/es\/wp-json\/wp\/v2\/pages\/173"}],"collection":[{"href":"http:\/\/guia-prc.recursos.uoc.edu\/guia-practiques-curriculars-estudiantat\/es\/wp-json\/wp\/v2\/pages"}],"about":[{"href":"http:\/\/guia-prc.recursos.uoc.edu\/guia-practiques-curriculars-estudiantat\/es\/wp-json\/wp\/v2\/types\/page"}],"author":[{"embeddable":true,"href":"http:\/\/guia-prc.recursos.uoc.edu\/guia-practiques-curriculars-estudiantat\/es\/wp-json\/wp\/v2\/users\/1"}],"replies":[{"embeddable":true,"href":"http:\/\/guia-prc.recursos.uoc.edu\/guia-practiques-curriculars-estudiantat\/es\/wp-json\/wp\/v2\/comments?post=173"}],"version-history":[{"count":2,"href":"http:\/\/guia-prc.recursos.uoc.edu\/guia-practiques-curriculars-estudiantat\/es\/wp-json\/wp\/v2\/pages\/173\/revisions"}],"predecessor-version":[{"id":313,"href":"http:\/\/guia-prc.recursos.uoc.edu\/guia-practiques-curriculars-estudiantat\/es\/wp-json\/wp\/v2\/pages\/173\/revisions\/313"}],"wp:attachment":[{"href":"http:\/\/guia-prc.recursos.uoc.edu\/guia-practiques-curriculars-estudiantat\/es\/wp-json\/wp\/v2\/media?parent=173"}],"curies":[{"name":"wp","href":"https:\/\/api.w.org\/{rel}","templated":true}]}}