{"id":234,"date":"2023-06-19T10:34:10","date_gmt":"2023-06-19T08:34:10","guid":{"rendered":"http:\/\/guia-prc.recursos.uoc.edu\/guia-practiques-curriculars-estudiantat\/?page_id=234"},"modified":"2023-07-07T10:08:28","modified_gmt":"2023-07-07T08:08:28","slug":"3-1-introduccion","status":"publish","type":"page","link":"http:\/\/guia-prc.recursos.uoc.edu\/guia-practiques-curriculars-estudiantat\/es\/3-1-introduccion\/","title":{"rendered":"3.1. Introducci\u00f3n"},"content":{"rendered":"<p>La materia del Pr\u00e1cticum engloba tres asignaturas: \u00c1mbitos profesionales en psicolog\u00eda, Pr\u00e1cticum I y Pr\u00e1cticum II. A lo largo de estas asignaturas desarrollar\u00e9is y pondr\u00e9is en pr\u00e1ctica una serie de competencias b\u00e1sicas y generales, transversales y espec\u00edficas.<\/p>\n<p>En este apartado, pod\u00e9is saber cu\u00e1les son estas competencias, y en los planes docentes de las asignaturas, se especifican las competencias que se trabajan en cada una.<\/p>\n","protected":false},"excerpt":{"rendered":"<p>La materia del Pr\u00e1cticum engloba tres asignaturas: \u00c1mbitos profesionales en psicolog\u00eda, Pr\u00e1cticum I y Pr\u00e1cticum II. A lo largo de estas asignaturas desarrollar\u00e9is y pondr\u00e9is en pr\u00e1ctica una serie de competencias b\u00e1sicas y generales, transversales y espec\u00edficas. En este apartado, pod\u00e9is saber cu\u00e1les son estas competencias, y en los planes docentes de las asignaturas, se [&hellip;]<\/p>\n","protected":false},"author":1,"featured_media":0,"parent":0,"menu_order":0,"comment_status":"closed","ping_status":"closed","template":"","meta":[],"acf":[],"_links":{"self":[{"href":"http:\/\/guia-prc.recursos.uoc.edu\/guia-practiques-curriculars-estudiantat\/es\/wp-json\/wp\/v2\/pages\/234"}],"collection":[{"href":"http:\/\/guia-prc.recursos.uoc.edu\/guia-practiques-curriculars-estudiantat\/es\/wp-json\/wp\/v2\/pages"}],"about":[{"href":"http:\/\/guia-prc.recursos.uoc.edu\/guia-practiques-curriculars-estudiantat\/es\/wp-json\/wp\/v2\/types\/page"}],"author":[{"embeddable":true,"href":"http:\/\/guia-prc.recursos.uoc.edu\/guia-practiques-curriculars-estudiantat\/es\/wp-json\/wp\/v2\/users\/1"}],"replies":[{"embeddable":true,"href":"http:\/\/guia-prc.recursos.uoc.edu\/guia-practiques-curriculars-estudiantat\/es\/wp-json\/wp\/v2\/comments?post=234"}],"version-history":[{"count":3,"href":"http:\/\/guia-prc.recursos.uoc.edu\/guia-practiques-curriculars-estudiantat\/es\/wp-json\/wp\/v2\/pages\/234\/revisions"}],"predecessor-version":[{"id":239,"href":"http:\/\/guia-prc.recursos.uoc.edu\/guia-practiques-curriculars-estudiantat\/es\/wp-json\/wp\/v2\/pages\/234\/revisions\/239"}],"wp:attachment":[{"href":"http:\/\/guia-prc.recursos.uoc.edu\/guia-practiques-curriculars-estudiantat\/es\/wp-json\/wp\/v2\/media?parent=234"}],"curies":[{"name":"wp","href":"https:\/\/api.w.org\/{rel}","templated":true}]}}