{"id":241,"date":"2023-06-19T10:36:10","date_gmt":"2023-06-19T08:36:10","guid":{"rendered":"http:\/\/guia-prc.recursos.uoc.edu\/guia-practiques-curriculars-estudiantat\/?page_id=241"},"modified":"2023-07-07T10:11:29","modified_gmt":"2023-07-07T08:11:29","slug":"3-2-competencias-basicas-y-generales","status":"publish","type":"page","link":"http:\/\/guia-prc.recursos.uoc.edu\/guia-practiques-curriculars-estudiantat\/es\/3-2-competencias-basicas-y-generales\/","title":{"rendered":"3.2. Competencias b\u00e1sicas y generales"},"content":{"rendered":"<p><strong>CB2<\/strong> &#8211; Aplicar, de manera profesional, los propios conocimientos al trabajo o a la vocaci\u00f3n, y poseer las competencias que suelen demostrarse por medio de la elaboraci\u00f3n y la defensa de argumentos y la resoluci\u00f3n de problemas dentro de la propia \u00e1rea de estudio.<\/p>\n<p><strong>CB3<\/strong> &#8211; Tener la capacidad de reunir y de interpretar datos relevantes (normalmente, dentro de la propia \u00e1rea de estudio) para emitir juicios que incluyan una reflexi\u00f3n sobre temas relevantes de \u00edndole social, cient\u00edfica o \u00e9tica.<\/p>\n<p><strong>CB4<\/strong> &#8211; Transmitir informaci\u00f3n, ideas, problemas y soluciones a un p\u00fablico tanto especializado como no especializado.<\/p>\n<p><strong>CG1<\/strong> &#8211; Escribir y hablar de manera correcta, clara y adecuada a los diversos contextos acad\u00e9micos o profesionales.<\/p>\n<p><strong>CG2 <\/strong>&#8211; Aprender a aprender: conducir el propio aprendizaje de manera autorregulada y siendo consciente de las propias habilidades, capacidades y motivaciones, con un objetivo determinado y en funci\u00f3n de los contextos especificoacad\u00e9mico, profesional y personal.<\/p>\n<p><strong>CG5<\/strong> &#8211; Analizar, sintetizar y hacer juicios fundamentados en criterios autocorrectivos y sensibles al contexto.<\/p>\n<p><strong>CG6<\/strong> &#8211; Identificar, organizar y planificar las acciones para asegurar que un objetivo se consigue de manera eficiente.<\/p>\n<p><strong>CG7<\/strong> &#8211; Resolver situaciones complejas analizando comportamientos, encontrando alternativas de resoluci\u00f3n y llegando al consenso sobre la aplicaci\u00f3n de estas alternativas, y evaluar los resultados.<\/p>\n<p><strong>CG8<\/strong> &#8211; Reconocer, comprender y respetar la complejidad de la diversidad.<\/p>\n<p><strong>CG9<\/strong> &#8211; Ser sensible a las necesidades y a las expectativas de los dem\u00e1s, as\u00ed como a los contextos y a las influencias que se puedan producir.<\/p>\n<p><strong>CG10<\/strong> &#8211; Trabajar en red.<\/p>\n","protected":false},"excerpt":{"rendered":"<p>CB2 &#8211; Aplicar, de manera profesional, los propios conocimientos al trabajo o a la vocaci\u00f3n, y poseer las competencias que suelen demostrarse por medio de la elaboraci\u00f3n y la defensa de argumentos y la resoluci\u00f3n de problemas dentro de la propia \u00e1rea de estudio. CB3 &#8211; Tener la capacidad de reunir y de interpretar datos [&hellip;]<\/p>\n","protected":false},"author":1,"featured_media":0,"parent":0,"menu_order":0,"comment_status":"closed","ping_status":"closed","template":"","meta":[],"acf":[],"_links":{"self":[{"href":"http:\/\/guia-prc.recursos.uoc.edu\/guia-practiques-curriculars-estudiantat\/es\/wp-json\/wp\/v2\/pages\/241"}],"collection":[{"href":"http:\/\/guia-prc.recursos.uoc.edu\/guia-practiques-curriculars-estudiantat\/es\/wp-json\/wp\/v2\/pages"}],"about":[{"href":"http:\/\/guia-prc.recursos.uoc.edu\/guia-practiques-curriculars-estudiantat\/es\/wp-json\/wp\/v2\/types\/page"}],"author":[{"embeddable":true,"href":"http:\/\/guia-prc.recursos.uoc.edu\/guia-practiques-curriculars-estudiantat\/es\/wp-json\/wp\/v2\/users\/1"}],"replies":[{"embeddable":true,"href":"http:\/\/guia-prc.recursos.uoc.edu\/guia-practiques-curriculars-estudiantat\/es\/wp-json\/wp\/v2\/comments?post=241"}],"version-history":[{"count":2,"href":"http:\/\/guia-prc.recursos.uoc.edu\/guia-practiques-curriculars-estudiantat\/es\/wp-json\/wp\/v2\/pages\/241\/revisions"}],"predecessor-version":[{"id":243,"href":"http:\/\/guia-prc.recursos.uoc.edu\/guia-practiques-curriculars-estudiantat\/es\/wp-json\/wp\/v2\/pages\/241\/revisions\/243"}],"wp:attachment":[{"href":"http:\/\/guia-prc.recursos.uoc.edu\/guia-practiques-curriculars-estudiantat\/es\/wp-json\/wp\/v2\/media?parent=241"}],"curies":[{"name":"wp","href":"https:\/\/api.w.org\/{rel}","templated":true}]}}