{"id":101,"date":"2023-06-19T10:34:10","date_gmt":"2023-06-19T08:34:10","guid":{"rendered":"http:\/\/guia-prc.recursos.uoc.edu\/guia-practiques-curriculars-estudiantat\/?page_id=101"},"modified":"2023-06-19T10:34:10","modified_gmt":"2023-06-19T08:34:10","slug":"3-1-introduccio","status":"publish","type":"page","link":"http:\/\/guia-prc.recursos.uoc.edu\/guia-practiques-curriculars-estudiantat\/3-1-introduccio\/","title":{"rendered":"3.1. Introducci\u00f3"},"content":{"rendered":"<p>La mat\u00e8ria del Pr\u00e0cticum engloba tres assignatures: \u00c0mbits professionals en psicologia, Pr\u00e0cticum I i Pr\u00e0cticum II. Al llarg d\u2019aquestes assignatures desenvolupareu i posareu en pr\u00e0ctica una s\u00e8rie de compet\u00e8ncies b\u00e0siques i generals, transversals i espec\u00edfiques.<\/p>\n<p>En aquest apartat, podeu saber quines s\u00f3n aquestes compet\u00e8ncies, i en els plans docents de les assignatures, s\u2019hi especifiquen les compet\u00e8ncies que es treballen en cadascuna.<\/p>\n","protected":false},"excerpt":{"rendered":"<p>La mat\u00e8ria del Pr\u00e0cticum engloba tres assignatures: \u00c0mbits professionals en psicologia, Pr\u00e0cticum I i Pr\u00e0cticum II. Al llarg d\u2019aquestes assignatures desenvolupareu i posareu en pr\u00e0ctica una s\u00e8rie de compet\u00e8ncies b\u00e0siques i generals, transversals i espec\u00edfiques. En aquest apartat, podeu saber quines s\u00f3n aquestes compet\u00e8ncies, i en els plans docents de les assignatures, s\u2019hi especifiquen les [&hellip;]<\/p>\n","protected":false},"author":1,"featured_media":0,"parent":0,"menu_order":0,"comment_status":"closed","ping_status":"closed","template":"","meta":[],"acf":[],"_links":{"self":[{"href":"http:\/\/guia-prc.recursos.uoc.edu\/guia-practiques-curriculars-estudiantat\/wp-json\/wp\/v2\/pages\/101"}],"collection":[{"href":"http:\/\/guia-prc.recursos.uoc.edu\/guia-practiques-curriculars-estudiantat\/wp-json\/wp\/v2\/pages"}],"about":[{"href":"http:\/\/guia-prc.recursos.uoc.edu\/guia-practiques-curriculars-estudiantat\/wp-json\/wp\/v2\/types\/page"}],"author":[{"embeddable":true,"href":"http:\/\/guia-prc.recursos.uoc.edu\/guia-practiques-curriculars-estudiantat\/wp-json\/wp\/v2\/users\/1"}],"replies":[{"embeddable":true,"href":"http:\/\/guia-prc.recursos.uoc.edu\/guia-practiques-curriculars-estudiantat\/wp-json\/wp\/v2\/comments?post=101"}],"version-history":[{"count":2,"href":"http:\/\/guia-prc.recursos.uoc.edu\/guia-practiques-curriculars-estudiantat\/wp-json\/wp\/v2\/pages\/101\/revisions"}],"predecessor-version":[{"id":104,"href":"http:\/\/guia-prc.recursos.uoc.edu\/guia-practiques-curriculars-estudiantat\/wp-json\/wp\/v2\/pages\/101\/revisions\/104"}],"wp:attachment":[{"href":"http:\/\/guia-prc.recursos.uoc.edu\/guia-practiques-curriculars-estudiantat\/wp-json\/wp\/v2\/media?parent=101"}],"curies":[{"name":"wp","href":"https:\/\/api.w.org\/{rel}","templated":true}]}}