{"id":134,"date":"2023-06-19T10:52:56","date_gmt":"2023-06-19T08:52:56","guid":{"rendered":"http:\/\/guia-prc.recursos.uoc.edu\/guia-practiques-curriculars-estudiantat\/?page_id=134"},"modified":"2023-07-22T14:19:34","modified_gmt":"2023-07-22T12:19:34","slug":"6-proces-i-procediment","status":"publish","type":"page","link":"http:\/\/guia-prc.recursos.uoc.edu\/guia-practiques-curriculars-estudiantat\/6-proces-i-procediment\/","title":{"rendered":"6. Proc\u00e9s i procediment"},"content":{"rendered":"<p>Com heu pogut veure al llarg d\u2019aquesta guia, les assignatures del Pr\u00e0cticum tenen unes casu\u00edstiques que difereixen de la resta d\u2019assignatures del grau i, per aquesta mateixa ra\u00f3, cal un proc\u00e9s i un procediment concrets per poder-vos assignar un centre de pr\u00e0ctiques o una pla\u00e7a de recerca.<\/p>\n<div class=\"featured featured-blue\"><p>Per tant, \u00e9s imprescindible que reviseu amb deteniment tota la informaci\u00f3 d\u2019aquest proc\u00e9s, que est\u00e0 disponible a: \u00abCampus \/<em> Tr\u00e0mits <\/em>\/<em> Pr\u00e0ctiques a empreses <\/em>\/<em> Pr\u00e0ctiques curriculars <\/em>\/<em> Psicologia<\/em>\u00bb.<\/p>\n<\/div>\n<p>En aquest apartat del campus, s\u2019hi detallen tant els passos que cal dur a terme com les dates concretes per fer-los. Addicionalment, si teniu qualsevol dubte, recordeu que tamb\u00e9 podeu posar-vos en contacte amb la vostra tutoria del grau.<\/p>\n<p>No obstant aix\u00f2, <strong>en aquesta guia es faciliten alguns consells pr\u00e0ctics per tenir presents a l\u2019hora de llegir el proc\u00e9s descrit al campus i d\u2019efectuar les gestions corresponents<\/strong>:<\/p>\n<ul>\n<li>Existeixen dos tipus de centres externs, aquells amb qui la UOC ja col\u00b7labora (centres d\u2019agrupament) i aquells que podeu proposar vosaltres mateixos (centres directes). Tots dos han de complir les caracter\u00edstiques especificades en aquesta guia. En qualsevol cas, la UOC tamb\u00e9 revisar\u00e0 que aquestes caracter\u00edstiques es compleixen.<\/li>\n<li>\u00c9s imprescindible inscriure\u2019s a la convocat\u00f2ria de pr\u00e0ctiques de l\u2019eina Xperience i sol\u00b7licitar les places que us interessen. En fer-ho, fixeu-vos b\u00e9 en l\u2019\u00e0mbit d\u2019aplicaci\u00f3 i, si es tracta d\u2019un centre extern, en la localitzaci\u00f3 i l\u2019horari. Tamb\u00e9 \u00e9s summament important que reviseu amb atenci\u00f3 les tasques del centre, de manera que s\u2019ajustin al que esteu buscant.<\/li>\n<li>Podeu fer la sol\u00b7licitud si ja us heu matriculat a les assignatures requisit que us manquen i les esteu cursant. En qualsevol cas, si posteriorment no supereu aquestes assignatures requisit, no podreu cursar el Pr\u00e0cticum.<\/li>\n<li>Si voleu proposar un centre en mode directe, a l\u2019apartat de \u00abCampus \/ <em>Tr\u00e0mits<\/em> \/ <em>Pr\u00e0ctiques a empreses<\/em> \/ <em>Pr\u00e0ctiques curriculars<\/em> \/ <em>Psicologia<\/em>\u00bb, en el qual s\u2019explica el procediment per sol\u00b7licitar les pr\u00e0ctiques, trobareu una carta de presentaci\u00f3 per compartir amb els centres que us interessen.<\/li>\n<li>Les pr\u00e0ctiques en un centre extern no es podran comen\u00e7ar fins que totes les parts no hagin signat el conveni, i tampoc no es podran comen\u00e7ar si no s\u2019ha iniciat el semestre lectiu. La informaci\u00f3 sobre el conveni la trobareu detallada al Campus i, tamb\u00e9, a les notificacions que rebreu quan se us assigni un centre o una pla\u00e7a de recerca.<\/li>\n<li>L\u2019assist\u00e8ncia tutoritzada de noranta hores de pr\u00e0ctiques als centres externs forma part de l\u2019assignatura i, per tant, est\u00e0 inclosa en la matr\u00edcula del Pr\u00e0cticum. Aix\u00ed doncs, la Comissi\u00f3 del Pr\u00e0cticum no us recomana que feu cap pagament addicional als centres de pr\u00e0ctiques.<\/li>\n<li>D\u2019acord amb la Llei 26\/2015, de 28 de juliol, de modificaci\u00f3 del sistema de protecci\u00f3 a la inf\u00e0ncia i l\u2019adolesc\u00e8ncia, els centres poden demanar a l\u2019estudiantat en pr\u00e0ctiques un certificat negatiu de condemna per delictes contra la llibertat i la indemnitat sexuals.<\/li>\n<\/ul>\n","protected":false},"excerpt":{"rendered":"<p>Com heu pogut veure al llarg d\u2019aquesta guia, les assignatures del Pr\u00e0cticum tenen unes casu\u00edstiques que difereixen de la resta d\u2019assignatures del grau i, per aquesta mateixa ra\u00f3, cal un proc\u00e9s i un procediment concrets per poder-vos assignar un centre de pr\u00e0ctiques o una pla\u00e7a de recerca. En aquest apartat del campus, s\u2019hi detallen tant [&hellip;]<\/p>\n","protected":false},"author":1,"featured_media":0,"parent":0,"menu_order":0,"comment_status":"closed","ping_status":"closed","template":"","meta":[],"acf":[],"_links":{"self":[{"href":"http:\/\/guia-prc.recursos.uoc.edu\/guia-practiques-curriculars-estudiantat\/wp-json\/wp\/v2\/pages\/134"}],"collection":[{"href":"http:\/\/guia-prc.recursos.uoc.edu\/guia-practiques-curriculars-estudiantat\/wp-json\/wp\/v2\/pages"}],"about":[{"href":"http:\/\/guia-prc.recursos.uoc.edu\/guia-practiques-curriculars-estudiantat\/wp-json\/wp\/v2\/types\/page"}],"author":[{"embeddable":true,"href":"http:\/\/guia-prc.recursos.uoc.edu\/guia-practiques-curriculars-estudiantat\/wp-json\/wp\/v2\/users\/1"}],"replies":[{"embeddable":true,"href":"http:\/\/guia-prc.recursos.uoc.edu\/guia-practiques-curriculars-estudiantat\/wp-json\/wp\/v2\/comments?post=134"}],"version-history":[{"count":8,"href":"http:\/\/guia-prc.recursos.uoc.edu\/guia-practiques-curriculars-estudiantat\/wp-json\/wp\/v2\/pages\/134\/revisions"}],"predecessor-version":[{"id":309,"href":"http:\/\/guia-prc.recursos.uoc.edu\/guia-practiques-curriculars-estudiantat\/wp-json\/wp\/v2\/pages\/134\/revisions\/309"}],"wp:attachment":[{"href":"http:\/\/guia-prc.recursos.uoc.edu\/guia-practiques-curriculars-estudiantat\/wp-json\/wp\/v2\/media?parent=134"}],"curies":[{"name":"wp","href":"https:\/\/api.w.org\/{rel}","templated":true}]}}