{"id":140,"date":"2023-06-19T10:59:00","date_gmt":"2023-06-19T08:59:00","guid":{"rendered":"http:\/\/guia-prc.recursos.uoc.edu\/guia-practiques-curriculars-estudiantat\/?page_id=140"},"modified":"2025-03-11T09:27:07","modified_gmt":"2025-03-11T07:27:07","slug":"7-recursos","status":"publish","type":"page","link":"http:\/\/guia-prc.recursos.uoc.edu\/guia-practiques-curriculars-estudiantat\/7-recursos\/","title":{"rendered":"7. Recursos"},"content":{"rendered":"<p>Quan comenci el semestre, a l\u2019aula virtual tindreu acc\u00e9s a diferents recursos d\u2019aprenentatge d\u2019acord amb el camp d\u2019aplicaci\u00f3 que haureu triat.<\/p>\n<p>Tanmateix, es recomana que consulteu els enlla\u00e7os seg\u00fcents on, en primer lloc, trobareu una introducci\u00f3 al Pr\u00e0cticum i, tot seguit, un llistat de <em>posts<\/em> en qu\u00e8 diferents companyes i companys expliquen les seves experi\u00e8ncies cursant aquestes assignatures:<\/p>\n<p>On tot comen\u00e7a: el Pr\u00e0cticum del grau en Psicologia.<br \/>\n&lt;<a href=\"https:\/\/blogs.uoc.edu\/epce\/practicum-grau-psicologia-uoc-online\/\" target=\"_blank\" rel=\"noopener\">https:\/\/blogs.uoc.edu\/epce\/practicum-grau-psicologia-uoc-online\/<\/a>&gt;<\/p>\n<p>El Pr\u00e0cticum en Psicologia del treball i de les organitzacions: \u00abun descobriment total\u00bb, segons V\u00edctor Garcia. &lt;<a href=\"https:\/\/blogs.uoc.edu\/epce\/el-practicum-un-descobriment-total\/\" target=\"_blank\" rel=\"noopener\">https:\/\/blogs.uoc.edu\/epce\/el-practicum-un-descobriment-total\/<\/a>&gt;<\/p>\n<p>El Pr\u00e0cticum en Psicologia cl\u00ednica i de la salut: \u00abuna mirada de futur\u00bb, segons Luis Fernando. &lt;<a href=\"https:\/\/blogs.uoc.edu\/epce\/una-mirada-de-futur\/\" target=\"_blank\" rel=\"noopener\">https:\/\/blogs.uoc.edu\/epce\/una-mirada-de-futur\/<\/a>&gt;<\/p>\n<p>El Pr\u00e0cticum en Psicologia de la intervenci\u00f3 social: \u00abtrencar la por de la primera vegada\u00bb, segons Anna Torre. &lt;<a href=\"https:\/\/blogs.uoc.edu\/epce\/el-practicum-trencar-la-por-de-la-primera-vegada\/\" target=\"_blank\" rel=\"noopener\">https:\/\/blogs.uoc.edu\/epce\/el-practicum-trencar-la-por-de-la-primera-vegada\/<\/a>&gt;<\/p>\n<p>El Pr\u00e0cticum en Psicologia de l\u2019educaci\u00f3: \u00abl\u2019educaci\u00f3 del ser i no del saber\u00bb, segons Alba Camacho. &lt;<a href=\"https:\/\/blogs.uoc.edu\/epce\/el-practicum-va-ser-decisiu-per-saber-el-que-realment-momplia\/\" target=\"_blank\" rel=\"noopener\">https:\/\/blogs.uoc.edu\/epce\/el-practicum-va-ser-decisiu-per-saber-el-que-realment-momplia\/<\/a>&gt;<\/p>\n<p>El Pr\u00e0cticum: \u00ab\u00c9s un m\u00f3n que se t\u2019obre, que descobreixes\u00bb, segons Laura Valls. &lt;<a href=\"https:\/\/blogs.uoc.edu\/epce\/el-practicum-es-un-mon-que-se-tobre-que-descobreixes-segons-la-laura-valls\/\" target=\"_blank\" rel=\"noopener\">https:\/\/blogs.uoc.edu\/epce\/el-practicum-es-un-mon-que-se-tobre-que-descobreixes-segons-la-laura-valls\/<\/a>&gt;<\/p>\n<p>&nbsp;<\/p>\n","protected":false},"excerpt":{"rendered":"<p>Quan comenci el semestre, a l\u2019aula virtual tindreu acc\u00e9s a diferents recursos d\u2019aprenentatge d\u2019acord amb el camp d\u2019aplicaci\u00f3 que haureu triat. Tanmateix, es recomana que consulteu els enlla\u00e7os seg\u00fcents on, en primer lloc, trobareu una introducci\u00f3 al Pr\u00e0cticum i, tot seguit, un llistat de posts en qu\u00e8 diferents companyes i companys expliquen les seves experi\u00e8ncies [&hellip;]<\/p>\n","protected":false},"author":1,"featured_media":0,"parent":0,"menu_order":0,"comment_status":"closed","ping_status":"closed","template":"","meta":[],"acf":[],"_links":{"self":[{"href":"http:\/\/guia-prc.recursos.uoc.edu\/guia-practiques-curriculars-estudiantat\/wp-json\/wp\/v2\/pages\/140"}],"collection":[{"href":"http:\/\/guia-prc.recursos.uoc.edu\/guia-practiques-curriculars-estudiantat\/wp-json\/wp\/v2\/pages"}],"about":[{"href":"http:\/\/guia-prc.recursos.uoc.edu\/guia-practiques-curriculars-estudiantat\/wp-json\/wp\/v2\/types\/page"}],"author":[{"embeddable":true,"href":"http:\/\/guia-prc.recursos.uoc.edu\/guia-practiques-curriculars-estudiantat\/wp-json\/wp\/v2\/users\/1"}],"replies":[{"embeddable":true,"href":"http:\/\/guia-prc.recursos.uoc.edu\/guia-practiques-curriculars-estudiantat\/wp-json\/wp\/v2\/comments?post=140"}],"version-history":[{"count":6,"href":"http:\/\/guia-prc.recursos.uoc.edu\/guia-practiques-curriculars-estudiantat\/wp-json\/wp\/v2\/pages\/140\/revisions"}],"predecessor-version":[{"id":406,"href":"http:\/\/guia-prc.recursos.uoc.edu\/guia-practiques-curriculars-estudiantat\/wp-json\/wp\/v2\/pages\/140\/revisions\/406"}],"wp:attachment":[{"href":"http:\/\/guia-prc.recursos.uoc.edu\/guia-practiques-curriculars-estudiantat\/wp-json\/wp\/v2\/media?parent=140"}],"curies":[{"name":"wp","href":"https:\/\/api.w.org\/{rel}","templated":true}]}}