{"id":30,"date":"2023-06-16T12:08:43","date_gmt":"2023-06-16T10:08:43","guid":{"rendered":"http:\/\/guia-prc.recursos.uoc.edu\/guia-practiques-curriculars-estudiantat\/?page_id=30"},"modified":"2025-03-10T19:05:04","modified_gmt":"2025-03-10T17:05:04","slug":"1-1-introduccio","status":"publish","type":"page","link":"http:\/\/guia-prc.recursos.uoc.edu\/guia-practiques-curriculars-estudiantat\/1-1-introduccio\/","title":{"rendered":"1.1. Introducci\u00f3"},"content":{"rendered":"<p>El pla d\u2019estudis del grau de Psicologia cont\u00e9 <strong>dues assignatures obligat\u00f2ries, el Pr\u00e0cticum I i el Pr\u00e0cticum II<\/strong>, de sis cr\u00e8dits ECTS cadascuna, mitjan\u00e7ant les quals<strong> posareu en pr\u00e0ctica les compet\u00e8ncies<\/strong> que, fins a aquest moment, heu estat <strong>treballant i desenvolupant en les assignatures del grau.<\/strong><\/p>\n<p>Abans d\u2019aquestes dues assignatures, i com a requisit per poder-les cursar, s\u2019haur\u00e0 d\u2019aprobar l\u2019assignatura d\u2019\u00c0mbits professionals en psicologia, la qual t\u00e9 per objectiu apropar-vos a les diferents sortides professionals d\u2019aquesta disciplina i, amb tot, facilitar-vos la tria del camp o dels camps d\u2019aplicaci\u00f3 en els quals voleu cursar el Pr\u00e0cticum.<\/p>\n<p>Centrem-nos ara en la descripci\u00f3 del Pr\u00e0cticum.<\/p>\n<div class=\"featured featured-blue\"><p>Tal com el defineix Zabalza (2016), el Pr\u00e0cticum us permet, com a estudiants, formar-vos amb altres figures professionals i institucions fora de la universitat; enriquir el context on es produeix aquesta formaci\u00f3; adquirir tasques i responsabilitats diferents de les que heu assumit fins ara; i aprendre a partir d\u2019un treball pr\u00e0ctic.<\/p>\n<\/div>\n<p>Aix\u00ed doncs, l\u2019<strong>objectiu general del Pr\u00e0cticum \u00e9s apropar-vos al m\u00f3n professiona<\/strong>l de la psicologia per tal que pugueu aplicar les compet\u00e8ncies i el coneixement te\u00f2ric que heu adquirit al llarg de tota la titulaci\u00f3.<\/p>\n<p>En aquest sentit, els objectius espec\u00edfics del Pr\u00e0cticum s\u00f3n els seg\u00fcents (Moreno, 2002):<\/p>\n<ul>\n<li>Adquirir i consolidar coneixements i habilitats.<\/li>\n<li>Aprendre el rol de les persones professionals de la psicologia.<\/li>\n<li>Iniciar la inserci\u00f3 professional.<\/li>\n<\/ul>\n<p>A l\u2019apartat \u00ab<a href=\"https:\/\/guia-prc.recursos.uoc.edu\/guia-practiques-curriculars-estudiantat\/3-1-introduccio\/\" target=\"_blank\" rel=\"noopener\">Perfil competencial<\/a>\u00bb podeu informar-vos millor de quines compet\u00e8ncies treballareu i desenvolupareu quan curseu el Pr\u00e0cticum.<\/p>\n<p>&nbsp;<\/p>\n","protected":false},"excerpt":{"rendered":"<p>El pla d\u2019estudis del grau de Psicologia cont\u00e9 dues assignatures obligat\u00f2ries, el Pr\u00e0cticum I i el Pr\u00e0cticum II, de sis cr\u00e8dits ECTS cadascuna, mitjan\u00e7ant les quals posareu en pr\u00e0ctica les compet\u00e8ncies que, fins a aquest moment, heu estat treballant i desenvolupant en les assignatures del grau. Abans d\u2019aquestes dues assignatures, i com a requisit per [&hellip;]<\/p>\n","protected":false},"author":1,"featured_media":0,"parent":0,"menu_order":0,"comment_status":"closed","ping_status":"closed","template":"","meta":[],"acf":[],"_links":{"self":[{"href":"http:\/\/guia-prc.recursos.uoc.edu\/guia-practiques-curriculars-estudiantat\/wp-json\/wp\/v2\/pages\/30"}],"collection":[{"href":"http:\/\/guia-prc.recursos.uoc.edu\/guia-practiques-curriculars-estudiantat\/wp-json\/wp\/v2\/pages"}],"about":[{"href":"http:\/\/guia-prc.recursos.uoc.edu\/guia-practiques-curriculars-estudiantat\/wp-json\/wp\/v2\/types\/page"}],"author":[{"embeddable":true,"href":"http:\/\/guia-prc.recursos.uoc.edu\/guia-practiques-curriculars-estudiantat\/wp-json\/wp\/v2\/users\/1"}],"replies":[{"embeddable":true,"href":"http:\/\/guia-prc.recursos.uoc.edu\/guia-practiques-curriculars-estudiantat\/wp-json\/wp\/v2\/comments?post=30"}],"version-history":[{"count":6,"href":"http:\/\/guia-prc.recursos.uoc.edu\/guia-practiques-curriculars-estudiantat\/wp-json\/wp\/v2\/pages\/30\/revisions"}],"predecessor-version":[{"id":396,"href":"http:\/\/guia-prc.recursos.uoc.edu\/guia-practiques-curriculars-estudiantat\/wp-json\/wp\/v2\/pages\/30\/revisions\/396"}],"wp:attachment":[{"href":"http:\/\/guia-prc.recursos.uoc.edu\/guia-practiques-curriculars-estudiantat\/wp-json\/wp\/v2\/media?parent=30"}],"curies":[{"name":"wp","href":"https:\/\/api.w.org\/{rel}","templated":true}]}}