{"id":33,"date":"2023-06-16T12:14:48","date_gmt":"2023-06-16T10:14:48","guid":{"rendered":"http:\/\/guia-prc.recursos.uoc.edu\/guia-practiques-curriculars-estudiantat\/?page_id=33"},"modified":"2023-07-26T08:05:53","modified_gmt":"2023-07-26T06:05:53","slug":"1-2-quan-es-cursa-el-practicum","status":"publish","type":"page","link":"http:\/\/guia-prc.recursos.uoc.edu\/guia-practiques-curriculars-estudiantat\/1-2-quan-es-cursa-el-practicum\/","title":{"rendered":"1.2. Quan es cursa el Pr\u00e0cticum?"},"content":{"rendered":"<p>D\u2019acord amb el pla d\u2019estudis, que podeu trobar a l\u2019apartat \u00abM\u00e9s UOC \/ <em>Plans d\u2019estudi<\/em>\u00bb, el Pr\u00e0cticum es duu a terme durant <strong>el set\u00e8 i el vuit\u00e8 semestres de la titulaci\u00f3<\/strong>. Aix\u00ed doncs, l\u2019experi\u00e8ncia en el m\u00f3n professional arriba despr\u00e9s d\u2019un per\u00edode de formaci\u00f3 pr\u00e8via i havent cursat i superat totes les assignatures b\u00e0siques i obligat\u00f2ries del grau, excepte l\u2019Angl\u00e8s B2.1. A l\u2019apartat seg\u00fcent es detallen els requisits per cursar aquestes assignatures de Pr\u00e0cticum.<\/p>\n<div class=\"featured featured-grey\"><p><strong>M\u00e9s informaci\u00f3<\/strong><\/p>\n<p>Podeu trobar el contingut referent al pla d\u2019estudis a l\u2019apartat \u00abM\u00e9s UOC \/ <em>Plans d\u2019estudi<\/em>\u00bb.<\/p>\n<\/div>\n","protected":false},"excerpt":{"rendered":"<p>D\u2019acord amb el pla d\u2019estudis, que podeu trobar a l\u2019apartat \u00abM\u00e9s UOC \/ Plans d\u2019estudi\u00bb, el Pr\u00e0cticum es duu a terme durant el set\u00e8 i el vuit\u00e8 semestres de la titulaci\u00f3. Aix\u00ed doncs, l\u2019experi\u00e8ncia en el m\u00f3n professional arriba despr\u00e9s d\u2019un per\u00edode de formaci\u00f3 pr\u00e8via i havent cursat i superat totes les assignatures b\u00e0siques i [&hellip;]<\/p>\n","protected":false},"author":1,"featured_media":0,"parent":0,"menu_order":0,"comment_status":"closed","ping_status":"closed","template":"","meta":[],"acf":[],"_links":{"self":[{"href":"http:\/\/guia-prc.recursos.uoc.edu\/guia-practiques-curriculars-estudiantat\/wp-json\/wp\/v2\/pages\/33"}],"collection":[{"href":"http:\/\/guia-prc.recursos.uoc.edu\/guia-practiques-curriculars-estudiantat\/wp-json\/wp\/v2\/pages"}],"about":[{"href":"http:\/\/guia-prc.recursos.uoc.edu\/guia-practiques-curriculars-estudiantat\/wp-json\/wp\/v2\/types\/page"}],"author":[{"embeddable":true,"href":"http:\/\/guia-prc.recursos.uoc.edu\/guia-practiques-curriculars-estudiantat\/wp-json\/wp\/v2\/users\/1"}],"replies":[{"embeddable":true,"href":"http:\/\/guia-prc.recursos.uoc.edu\/guia-practiques-curriculars-estudiantat\/wp-json\/wp\/v2\/comments?post=33"}],"version-history":[{"count":7,"href":"http:\/\/guia-prc.recursos.uoc.edu\/guia-practiques-curriculars-estudiantat\/wp-json\/wp\/v2\/pages\/33\/revisions"}],"predecessor-version":[{"id":333,"href":"http:\/\/guia-prc.recursos.uoc.edu\/guia-practiques-curriculars-estudiantat\/wp-json\/wp\/v2\/pages\/33\/revisions\/333"}],"wp:attachment":[{"href":"http:\/\/guia-prc.recursos.uoc.edu\/guia-practiques-curriculars-estudiantat\/wp-json\/wp\/v2\/media?parent=33"}],"curies":[{"name":"wp","href":"https:\/\/api.w.org\/{rel}","templated":true}]}}