{"id":35,"date":"2023-06-16T13:11:09","date_gmt":"2023-06-16T11:11:09","guid":{"rendered":"http:\/\/guia-prc.recursos.uoc.edu\/guia-practiques-curriculars-estudiantat\/?page_id=35"},"modified":"2025-06-27T09:17:51","modified_gmt":"2025-06-27T07:17:51","slug":"1-3-requisits-i-recomanacions","status":"publish","type":"page","link":"http:\/\/guia-prc.recursos.uoc.edu\/guia-practiques-curriculars-estudiantat\/1-3-requisits-i-recomanacions\/","title":{"rendered":"1.3. Requisits i recomanacions"},"content":{"rendered":"<p>Les assignatures de Pr\u00e0cticum tenen uns requisits que heu de complir per tal de poder-les cursar. Per aquest motiu, \u00e9s imprescindible que els tingueu en compte a l\u2019hora de fer les matr\u00edcules dels semestres anteriors al semestre en qu\u00e8 cursareu el Pr\u00e0cticum i, a m\u00e9s, que feu els passos que queden descrits, en detall, a l\u2019apartat \u00ab<a href=\"https:\/\/guia-prc.recursos.uoc.edu\/guia-practiques-curriculars-estudiantat\/6-proces-i-procediment\/\" target=\"_blank\" rel=\"noopener\">Proc\u00e9s i procediment<\/a>\u00bb.<\/p>\n<p>En relaci\u00f3 amb els <strong>requisits acad\u00e8mics<\/strong>, heu de tenir present que:<\/p>\n<div class=\"featured featured-blue\"><p>Per cursar el Pr\u00e0cticum I cal haver aprovat i incorporat a l\u2019expedient les assignatures b\u00e0siques i obligat\u00f2ries que constitueixen els sis primers semestres de la titulaci\u00f3 del grau, excepte l\u2019assignatura d\u2019Angl\u00e8s B2.1.<\/p>\n<\/div>\n<div class=\"featured featured-blue\"><p>Per cursar el Pr\u00e0cticum II cal haver aprovat i incorporat a l\u2019expedient les assignatures b\u00e0siques i obligat\u00f2ries que constitueixen els sis primers semestres de la titulaci\u00f3 del grau, excepte l\u2019assignatura d\u2019Angl\u00e8s B2.1, i, tamb\u00e9, l\u2019assignatura de Pr\u00e0cticum I.<\/p>\n<\/div>\n<p>Si voleu consultar quines s\u00f3n aquestes assignatures requisit, \u00e9s recomanable que reviseu l\u2019apartat \u00ab<a href=\"https:\/\/guia-prc.recursos.uoc.edu\/guia-practiques-curriculars-estudiantat\/annexos\/\" target=\"_blank\" rel=\"noopener\">Annexos<\/a>\u00bb d\u2019aquesta guia <span style=\"font-weight: 400;\">i, tamb\u00e9, el document de FAQs.\u00a0<\/span><\/p>\n<p>En relaci\u00f3 amb els altres requisits, heu de tenir molt en compte que, tant per cursar el Pr\u00e0cticum I com per cursar el Pr\u00e0cticum II, <strong>us heu d\u2019inscriure a la convocat\u00f2ria de pr\u00e0ctiques, dins de l\u2019eina Xperience, i sol\u00b7licitar-ne les places<\/strong>. Si no teniu una pla\u00e7a assignada, en cap cas podreu cursar l\u2019assignatura de Pr\u00e0cticum. Tota aquesta informaci\u00f3 la trobareu detallada a l\u2019apartat \u00ab<a href=\"https:\/\/guia-prc.recursos.uoc.edu\/guia-practiques-curriculars-estudiantat\/6-proces-i-procediment\/\" target=\"_blank\" rel=\"noopener\">Proc\u00e9s i procediment<\/a>\u00bb d\u2019aquesta guia i, per tant, \u00e9s imprescindible que la consulteu.<\/p>\n<p>A m\u00e9s, heu de tenir molt present que el Pr\u00e0cticum I i el Pr\u00e0cticum II no es poden cursar al mateix temps, at\u00e8s que, per cursar i superar el Pr\u00e0cticum II, cal haver integrat i consolidat les compet\u00e8ncies que es treballen en el Pr\u00e0cticum I.<\/p>\n<div class=\"featured featured-blue\"><p><strong>Tingueu en compte que\u2026<\/strong><strong>\u00a0<\/strong><\/p>\n<p>\u00c9s altament recomanable que consulteu, de manera peri\u00f2dica, la informaci\u00f3 que hi ha a \u00abCampus \/ <em>Tr\u00e0mits<\/em> \/ <em>Pr\u00e0ctiques a empreses<\/em> \/\u00a0<em>Pr\u00e0ctiques curriculars<\/em> \/ <em>Psicologia<\/em>\u00bb, apartat en el qual s\u2019indica quan s\u2019inicia el proc\u00e9s de sol\u00b7licitud per cursar el Pr\u00e0cticum cada semestre. A m\u00e9s, a l\u2019aula de tutoria tamb\u00e9 se us informar\u00e0 de l\u2019obertura del proc\u00e9s de sol\u00b7licitud. Per altra banda, heu de tenir en compte que aquesta sol\u00b7licitud s\u2019obrir\u00e0 cap a mitjan semestre anterior al Pr\u00e0cticum i, per tant, \u00e9s possible que estigueu cursant les assignatures requisit en aquell moment. Aquest fet no \u00e9s cap impediment i, conseq\u00fcentment, heu de fer la sol\u00b7licitud si ja esteu cursant (i us heu matriculat, per tant) les assignatures requisit que us manquen. En qualsevol cas, si posteriorment no supereu aquestes assignatures requisit, no podreu cursar el Pr\u00e0cticum.<\/p>\n<\/div>\n<p>&nbsp;<\/p>\n<p>&nbsp;<\/p>\n","protected":false},"excerpt":{"rendered":"<p>Les assignatures de Pr\u00e0cticum tenen uns requisits que heu de complir per tal de poder-les cursar. Per aquest motiu, \u00e9s imprescindible que els tingueu en compte a l\u2019hora de fer les matr\u00edcules dels semestres anteriors al semestre en qu\u00e8 cursareu el Pr\u00e0cticum i, a m\u00e9s, que feu els passos que queden descrits, en detall, a [&hellip;]<\/p>\n","protected":false},"author":1,"featured_media":0,"parent":0,"menu_order":0,"comment_status":"closed","ping_status":"closed","template":"","meta":[],"acf":[],"_links":{"self":[{"href":"http:\/\/guia-prc.recursos.uoc.edu\/guia-practiques-curriculars-estudiantat\/wp-json\/wp\/v2\/pages\/35"}],"collection":[{"href":"http:\/\/guia-prc.recursos.uoc.edu\/guia-practiques-curriculars-estudiantat\/wp-json\/wp\/v2\/pages"}],"about":[{"href":"http:\/\/guia-prc.recursos.uoc.edu\/guia-practiques-curriculars-estudiantat\/wp-json\/wp\/v2\/types\/page"}],"author":[{"embeddable":true,"href":"http:\/\/guia-prc.recursos.uoc.edu\/guia-practiques-curriculars-estudiantat\/wp-json\/wp\/v2\/users\/1"}],"replies":[{"embeddable":true,"href":"http:\/\/guia-prc.recursos.uoc.edu\/guia-practiques-curriculars-estudiantat\/wp-json\/wp\/v2\/comments?post=35"}],"version-history":[{"count":22,"href":"http:\/\/guia-prc.recursos.uoc.edu\/guia-practiques-curriculars-estudiantat\/wp-json\/wp\/v2\/pages\/35\/revisions"}],"predecessor-version":[{"id":407,"href":"http:\/\/guia-prc.recursos.uoc.edu\/guia-practiques-curriculars-estudiantat\/wp-json\/wp\/v2\/pages\/35\/revisions\/407"}],"wp:attachment":[{"href":"http:\/\/guia-prc.recursos.uoc.edu\/guia-practiques-curriculars-estudiantat\/wp-json\/wp\/v2\/media?parent=35"}],"curies":[{"name":"wp","href":"https:\/\/api.w.org\/{rel}","templated":true}]}}