{"id":60,"date":"2023-06-16T13:23:34","date_gmt":"2023-06-16T11:23:34","guid":{"rendered":"http:\/\/guia-prc.recursos.uoc.edu\/guia-practiques-curriculars-estudiantat\/?page_id=60"},"modified":"2023-09-25T09:53:47","modified_gmt":"2023-09-25T07:53:47","slug":"1-4-modalitats-de-practicum","status":"publish","type":"page","link":"http:\/\/guia-prc.recursos.uoc.edu\/guia-practiques-curriculars-estudiantat\/1-4-modalitats-de-practicum\/","title":{"rendered":"1.4. Modalitats de Pr\u00e0cticum"},"content":{"rendered":"<p>Tant el Pr\u00e0cticum I com el Pr\u00e0cticum II es poden cursar en dues modalitats. No es fa refer\u00e8ncia aqu\u00ed a l\u2019\u00e0mbit d\u2019aplicaci\u00f3 (aquesta informaci\u00f3 la podeu consultar a l\u2019apartat \u00ab<a href=\"http:\/\/guia-prc.recursos.uoc.edu\/guia-practiques-curriculars-estudiantat\/2-1-introduccio\/\" target=\"_blank\" rel=\"noopener\">Camps d\u2019aplicaci\u00f3<\/a>\u00bb), sin\u00f3 al tipus de pr\u00e0ctiques que podeu dur a terme.<\/p>\n<p>M\u00e9s concretament, a la UOC podeu cursar el Pr\u00e0cticum en un centre extern o podeu fer un Pr\u00e0cticum de recerca. Vegeu amb detall qu\u00e8 implica cadascuna d\u2019aquestes modalitats de Pr\u00e0cticum.<\/p>\n<h3><strong>Pr\u00e0cticum en un centre extern<\/strong><\/h3>\n<p>Aquesta modalitat de Pr\u00e0cticum requereix <strong>noranta hores d\u2019activitat presencial en un centre col\u00b7laborador<\/strong>. El centre, que pot ser de qualsevol \u00edndole (instituci\u00f3 privada, p\u00fablica o concertada, una empresa, una associaci\u00f3, una organitzaci\u00f3 no governamental, etc.), designa <strong>una tutoria, la qual us guiar\u00e0 i us acompanyar\u00e0 al llarg de l\u2019activitat que desenvolupeu en aquest centre<\/strong>. Els requisits i les tasques d\u2019aquesta tutoritzaci\u00f3 es detallen a l\u2019apartat \u00ab<a href=\"http:\/\/guia-prc.recursos.uoc.edu\/guia-practiques-curriculars-estudiantat\/4-agents-interventors\/\" target=\"_blank\" rel=\"noopener\">Agents interventors<\/a>\u00bb.<\/p>\n<p><div class=\"featured featured-blue\"><p>En aquesta modalitat de Pr\u00e0cticum podreu:<\/p>\n<ul>\n<li>Posar-vos en contacte amb un entorn en el qual podreu desenvolupar un assessorament psicol\u00f2gic en relaci\u00f3 amb els camps d\u2019aplicaci\u00f3 escollits.<\/li>\n<li>Adquirir eines per treballar conjuntament amb equips multidisciplinaris des de la perspectiva de la persona professional de la psicologia.<br \/>\n<\/div><\/li>\n<\/ul>\n<p>Per a la modalitat de Pr\u00e0cticum extern, podeu escollir una de les places que ofereix la UOC, provinents dels centres que col\u00b7laboren habitualment amb la Universitat, o, si ho preferiu, podeu proposar un centre de pr\u00e0ctiques que us interessi, el qual ha de tenir uns requisits que es descriuen a l\u2019apartat \u00ab<a href=\"http:\/\/guia-prc.recursos.uoc.edu\/guia-practiques-curriculars-estudiantat\/4-agents-interventors\/\" target=\"_blank\" rel=\"noopener\">Agents interventors<\/a>\u00bb.<\/p>\n<p>En qualsevol dels dos casos, heu de tenir en compte tant la informaci\u00f3 que consta en aquesta guia, a l\u2019apartat \u00ab<a href=\"http:\/\/guia-prc.recursos.uoc.edu\/guia-practiques-curriculars-estudiantat\/6-proces-i-procediment\/\" target=\"_blank\" rel=\"noopener\">Proc\u00e9s i procediment<\/a>\u00bb, com la que consta al campus.<\/p>\n<h3><strong>Pr\u00e0cticum de recerca<\/strong><\/h3>\n<p>En tant que el Pr\u00e0cticum de recerca nom\u00e9s s\u2019ofereix des dels Estudis de Psicologia i Ci\u00e8ncies de l\u2019Educaci\u00f3 de la UOC, <strong>no podreu proposar cap centre de pr\u00e0ctiques per cursar l\u2019assignatura en aquesta modalitat<\/strong>.<\/p>\n<p>El Pr\u00e0cticum de recerca t\u00e9 un <strong>nombre de places limitat<\/strong> que va en funci\u00f3 de les propostes que estan desenvolupant els grups de recerca dels mateixos Estudis de Psicologia i Ci\u00e8ncies de l\u2019Educaci\u00f3. A m\u00e9s, el grau de presencialitat, el nombre i la varietat de les tasques que s\u2019han de dur a terme i el grau de participaci\u00f3 en projectes actius d\u2019aquest \u00e0mbit varien segons la l\u00ednia escollida. En qualsevol cas, tot aix\u00f2 queda detallat a l\u2019oferta de la pla\u00e7a.<\/p>\n<p><div class=\"featured featured-blue\"><p>En aquesta modalitat de Pr\u00e0cticum podreu:<\/p>\n<ul>\n<li>Iniciar-vos en el disseny i l\u2019aplicaci\u00f3 d\u2019un projecte de recerca en psicologia.<\/li>\n<li>Familiaritzar-vos amb les dificultats principals que comporta l\u2019aplicaci\u00f3 i el seguiment del proc\u00e9s de recerca.<\/li>\n<li>Orientar-vos a trobar estrat\u00e8gies de treball i s\u00edntesi en el desenvolupament de les diferents etapes del proc\u00e9s de recerca.<br \/>\n<\/div><\/li>\n<\/ul>\n","protected":false},"excerpt":{"rendered":"<p>Tant el Pr\u00e0cticum I com el Pr\u00e0cticum II es poden cursar en dues modalitats. No es fa refer\u00e8ncia aqu\u00ed a l\u2019\u00e0mbit d\u2019aplicaci\u00f3 (aquesta informaci\u00f3 la podeu consultar a l\u2019apartat \u00abCamps d\u2019aplicaci\u00f3\u00bb), sin\u00f3 al tipus de pr\u00e0ctiques que podeu dur a terme. M\u00e9s concretament, a la UOC podeu cursar el Pr\u00e0cticum en un centre extern o [&hellip;]<\/p>\n","protected":false},"author":1,"featured_media":0,"parent":0,"menu_order":0,"comment_status":"closed","ping_status":"closed","template":"","meta":[],"acf":[],"_links":{"self":[{"href":"http:\/\/guia-prc.recursos.uoc.edu\/guia-practiques-curriculars-estudiantat\/wp-json\/wp\/v2\/pages\/60"}],"collection":[{"href":"http:\/\/guia-prc.recursos.uoc.edu\/guia-practiques-curriculars-estudiantat\/wp-json\/wp\/v2\/pages"}],"about":[{"href":"http:\/\/guia-prc.recursos.uoc.edu\/guia-practiques-curriculars-estudiantat\/wp-json\/wp\/v2\/types\/page"}],"author":[{"embeddable":true,"href":"http:\/\/guia-prc.recursos.uoc.edu\/guia-practiques-curriculars-estudiantat\/wp-json\/wp\/v2\/users\/1"}],"replies":[{"embeddable":true,"href":"http:\/\/guia-prc.recursos.uoc.edu\/guia-practiques-curriculars-estudiantat\/wp-json\/wp\/v2\/comments?post=60"}],"version-history":[{"count":16,"href":"http:\/\/guia-prc.recursos.uoc.edu\/guia-practiques-curriculars-estudiantat\/wp-json\/wp\/v2\/pages\/60\/revisions"}],"predecessor-version":[{"id":358,"href":"http:\/\/guia-prc.recursos.uoc.edu\/guia-practiques-curriculars-estudiantat\/wp-json\/wp\/v2\/pages\/60\/revisions\/358"}],"wp:attachment":[{"href":"http:\/\/guia-prc.recursos.uoc.edu\/guia-practiques-curriculars-estudiantat\/wp-json\/wp\/v2\/media?parent=60"}],"curies":[{"name":"wp","href":"https:\/\/api.w.org\/{rel}","templated":true}]}}