{"id":62,"date":"2023-06-19T12:54:30","date_gmt":"2023-06-19T10:54:30","guid":{"rendered":"http:\/\/guia-prc.recursos.uoc.edu\/preguntes-frequents\/?page_id=62"},"modified":"2023-07-07T11:55:15","modified_gmt":"2023-07-07T09:55:15","slug":"introduccion","status":"publish","type":"page","link":"http:\/\/guia-prc.recursos.uoc.edu\/preguntes-frequents\/es\/","title":{"rendered":"Introducci\u00f3n"},"content":{"rendered":"<p>En este m\u00f3dulo pod\u00e9is encontrar un listado de preguntas frecuentes que os pueden ser \u00fatiles a la hora de solicitar el Pr\u00e1cticum o de hacer las gestiones oportunas con respecto a los centros de pr\u00e1cticas y los convenios.<\/p>\n<p>En cualquier caso, si vuestra duda no queda recogida en ninguno de los m\u00f3dulos de este recurso, recordad que pod\u00e9is poneros en contacto con vuestra tutor\u00eda del grado para que os oriente en la consulta.<\/p>\n","protected":false},"excerpt":{"rendered":"<p>En este m\u00f3dulo pod\u00e9is encontrar un listado de preguntas frecuentes que os pueden ser \u00fatiles a la hora de solicitar el Pr\u00e1cticum o de hacer las gestiones oportunas con respecto a los centros de pr\u00e1cticas y los convenios. En cualquier caso, si vuestra duda no queda recogida en ninguno de los m\u00f3dulos de este recurso, [&hellip;]<\/p>\n","protected":false},"author":1,"featured_media":0,"parent":0,"menu_order":0,"comment_status":"closed","ping_status":"closed","template":"","meta":[],"acf":[],"_links":{"self":[{"href":"http:\/\/guia-prc.recursos.uoc.edu\/preguntes-frequents\/es\/wp-json\/wp\/v2\/pages\/62"}],"collection":[{"href":"http:\/\/guia-prc.recursos.uoc.edu\/preguntes-frequents\/es\/wp-json\/wp\/v2\/pages"}],"about":[{"href":"http:\/\/guia-prc.recursos.uoc.edu\/preguntes-frequents\/es\/wp-json\/wp\/v2\/types\/page"}],"author":[{"embeddable":true,"href":"http:\/\/guia-prc.recursos.uoc.edu\/preguntes-frequents\/es\/wp-json\/wp\/v2\/users\/1"}],"replies":[{"embeddable":true,"href":"http:\/\/guia-prc.recursos.uoc.edu\/preguntes-frequents\/es\/wp-json\/wp\/v2\/comments?post=62"}],"version-history":[{"count":2,"href":"http:\/\/guia-prc.recursos.uoc.edu\/preguntes-frequents\/es\/wp-json\/wp\/v2\/pages\/62\/revisions"}],"predecessor-version":[{"id":65,"href":"http:\/\/guia-prc.recursos.uoc.edu\/preguntes-frequents\/es\/wp-json\/wp\/v2\/pages\/62\/revisions\/65"}],"wp:attachment":[{"href":"http:\/\/guia-prc.recursos.uoc.edu\/preguntes-frequents\/es\/wp-json\/wp\/v2\/media?parent=62"}],"curies":[{"name":"wp","href":"https:\/\/api.w.org\/{rel}","templated":true}]}}