{"id":67,"date":"2023-06-19T12:57:54","date_gmt":"2023-06-19T10:57:54","guid":{"rendered":"http:\/\/guia-prc.recursos.uoc.edu\/preguntes-frequents\/?page_id=67"},"modified":"2025-01-27T18:26:34","modified_gmt":"2025-01-27T16:26:34","slug":"1-dudas-generales","status":"publish","type":"page","link":"http:\/\/guia-prc.recursos.uoc.edu\/preguntes-frequents\/es\/1-dudas-generales\/","title":{"rendered":"1. Dudas generales"},"content":{"rendered":"<p><strong>\u00bfPuedo empezar a hacer el Pr\u00e1cticum antes de matricularme?<\/strong><\/p>\n<p>No, para poder empezar las pr\u00e1cticas os ten\u00e9is que haber matriculado en la asignatura, y tambi\u00e9n es necesario que el semestre lectivo haya comenzado y que el convenio haya sido firmado por todas las partes.<\/p>\n<p>Adem\u00e1s, se recomienda empezar las pr\u00e1cticas entre dos y tres semanas despu\u00e9s del inicio de la docencia. En cualquier caso, en la \u00ab<a href=\"https:\/\/guia-prc.recursos.uoc.edu\/guia-practiques-curriculars-estudiantat\/es\/\" target=\"_blank\" rel=\"noopener\">Gu\u00eda de pr\u00e1cticas curriculares para el estudiantado<\/a>\u00bb se especifican las recomendaciones en relaci\u00f3n con el inicio y la distribuci\u00f3n de las horas de pr\u00e1cticas, por cada campo de aplicaci\u00f3n.<\/p>\n<p><strong>\u00bfPuedo hacer las horas de pr\u00e1cticas en un centro de manera intensiva, concentradas en pocas semanas? <\/strong><\/p>\n<p>Esta informaci\u00f3n queda detallada en la \u00ab<a href=\"https:\/\/guia-prc.recursos.uoc.edu\/guia-practiques-curriculars-estudiantat\/es\/\" target=\"_blank\" rel=\"noopener\">Gu\u00eda de pr\u00e1cticas curriculares para el estudiantado<\/a>\u00bb, en la que se especifican las recomendaciones en relaci\u00f3n con el inicio y la distribuci\u00f3n de las horas de pr\u00e1cticas, por cada campo de aplicaci\u00f3n.<\/p>\n<p><strong>\u00bfPuedo hacer el Pr\u00e1cticum en verano? <\/strong><\/p>\n<p>No, la asignatura de Pr\u00e1cticum est\u00e1 ligada a la actividad docente que se lleva a cabo en el aula virtual y, por tanto, para iniciar las pr\u00e1cticas es necesario haberse matriculado en la asignatura de Pr\u00e1cticum, que el semestre lectivo haya comenzado y que el convenio est\u00e9 firmado por todas las partes.<\/p>\n<p><strong>\u00bfEn qu\u00e9 horario se deben hacer las pr\u00e1cticas en el centro?<\/strong><\/p>\n<p>En el caso de que solicit\u00e9is un centro de pr\u00e1cticas de agrupamiento, deb\u00e9is revisar el horario propuesto por el centro y tenerlo muy presente. Si hab\u00e9is buscado un centro por cuenta propia, en modalidad directa, pod\u00e9is pactar directamente los horarios en funci\u00f3n de las posibilidades del centro. Sea como fuere, desde la UOC no hay ninguna consigna respecto al horario y, por tanto, el estudiantado y el centro pod\u00e9is llegar a un acuerdo sobre esta cuesti\u00f3n. Asimismo, recordad que podr\u00e9is hablar con el centro una vez se os haya asignado la plaza de pr\u00e1cticas.<\/p>\n<p><strong>\u00bfPuedo hacer m\u00e1s de noventa horas de pr\u00e1cticas en el centro? <\/strong><\/p>\n<p>No, el convenio firmado para realizar las pr\u00e1cticas es un convenio de pr\u00e1cticas curriculares, es decir, un convenio relacionado con la asignatura de Pr\u00e1cticum que, por tanto, solo cubre las horas concretas que deb\u00e9is hacer.<\/p>\n<p>Si una vez terminadas las noventa horas obligatorias del Pr\u00e1cticum quer\u00e9is hacer m\u00e1s horas de pr\u00e1cticas en el centro, os ten\u00e9is que dirigir al Servicio de Pr\u00e1cticas y Movilidad con el fin de gestionar un convenio de pr\u00e1cticas no curriculares, que deb\u00e9is pedir por medio del Servicio de Atenci\u00f3n. Ten\u00e9is informaci\u00f3n sobre todo ello en el apartado \u00abServicios\u00bb del campus virtual.<\/p>\n<p><strong>\u00bfPuedo cursar el Pr\u00e1cticum I y el Pr\u00e1cticum II a la vez? <\/strong><\/p>\n<p>No, es posible cursar ambas asignaturas en semestres consecutivos o bien dejando transcurrir alg\u00fan semestre entre una y otra, pero nunca se pueden cursar al mismo tiempo. Aunque las competencias, los objetivos y los contenidos que se trabajan pueden ser similares, el nivel de profundizaci\u00f3n y de exigencia en la actividad es superior en el Pr\u00e1cticum II, dado que el estudiantado est\u00e1 m\u00e1s formado y ha pasado por una experiencia previa en el Pr\u00e1cticum I.<\/p>\n<p><strong>\u00bfPuedo hacer un pr\u00e1cticum de investigaci\u00f3n y otro pr\u00e1cticum en un centro? \u00bfSe pueden hacer ambos pr\u00e1cticums en \u00e1mbitos diferentes? <\/strong><\/p>\n<p>S\u00ed, pod\u00e9is hacer las combinaciones que quer\u00e1is entre ambos pr\u00e1cticums en cuanto a la investigaci\u00f3n, el centro y el campo de aplicaci\u00f3n. Adem\u00e1s, deb\u00e9is tener en cuenta que la asignatura de Pr\u00e1cticum no computa a la hora de obtener una menci\u00f3n u otra.<\/p>\n<p><strong>\u00bfEl Pr\u00e1cticum II se debe solicitar necesariamente en el mismo centro que el Pr\u00e1cticum I? <\/strong><\/p>\n<p>No, no es necesario que el Pr\u00e1cticum I y el Pr\u00e1cticum II se hagan en el mismo centro, excepto si el centro de pr\u00e1cticas lo explicita en la oferta o si solo admite estudiantado de Pr\u00e1cticum II que haya cursado el Pr\u00e1cticum I en el mismo centro. En cualquier caso, este punto siempre se explicita en la descripci\u00f3n de la oferta del centro de pr\u00e1cticas.<\/p>\n<p><strong>En caso de que quiera realizar el Pr\u00e1cticum II en el mismo centro que el Pr\u00e1cticum I, \u00bftengo que hacer una solicitud? <\/strong><\/p>\n<p>S\u00ed, en caso de que quer\u00e1is continuar el Pr\u00e1cticum II en el mismo centro donde hab\u00e9is realizado el Pr\u00e1cticum I, deb\u00e9is tener presente que:<\/p>\n<ul>\n<li>Si es una plaza en modo agrupamiento, ten\u00e9is que hacer la inscripci\u00f3n en la herramienta Xperience y ten\u00e9is que volver a solicitar la plaza.<\/li>\n<li>Si es una plaza en modo directo, deb\u00e9is hacer la inscripci\u00f3n en la convocatoria y <strong>confirmar que el centro de pr\u00e1cticas ha informado a la Universidad de que continuar\u00e9is haciendo pr\u00e1cticas en el mismo centro<\/strong>. Si el centro no lo ha indicado, la persona responsable lo puede hacer mediante el <a href=\"https:\/\/www.uoc.edu\/portal\/es\/universitat\/serveis\/estudiantat\/practiques-mobilitat\/empreses\/index.html\" target=\"_blank\" rel=\"noopener\">formulario de contacto para centros de pr\u00e1cticas<\/a>.<\/li>\n<li>En el caso de las plazas de investigaci\u00f3n, tendr\u00e1s que elegir la oferta del mismo \u00e1mbito de investigaci\u00f3n. Si escoges una investigaci\u00f3n de un \u00e1mbito diferente al que has cursado en el Pr\u00e1cticum I, no tendr\u00e1s preferencia en la asignaci\u00f3n y esta se har\u00e1 seg\u00fan la nota media del expediente acad\u00e9mico.<\/li>\n<\/ul>\n<p><strong>\u00bfPuedo solicitar un centro propuesto por m\u00ed (modo directo) aunque tambi\u00e9n haya solicitado una plaza o un centro propuesto por la UOC (modo agrupamiento)?<\/strong><\/p>\n<p>No, si hac\u00e9is una solicitud en modo agrupamiento, deb\u00e9is esperar la resoluci\u00f3n de esta asignaci\u00f3n. Si se os ha asignado un centro o una plaza, no podr\u00e9is solicitar un centro en modo directo. Si no se os ha podido asignar ning\u00fan centro o plaza (recordad que la asignaci\u00f3n se hace a partir de la nota media del expediente acad\u00e9mico), entonces podr\u00e9is proponer el centro en modo directo.<\/p>\n<p><strong>\u00bfQu\u00e9 puedo hacer si se me deniegan todas las solicitudes que he hecho en modo agrupamiento? <\/strong><\/p>\n<p>Podr\u00e9is proponer un centro en modo directo en el plazo definido.<\/p>\n<p><strong>\u00a0<\/strong><strong>\u00bfSi vivo en el extranjero, puedo hacer las pr\u00e1cticas en un centro del pa\u00eds donde resido? <\/strong><\/p>\n<p>S\u00ed, pod\u00e9is solicitar un centro en modo directo del pa\u00eds donde resid\u00eds. Por otra parte, tened presente que la UOC ofrece pr\u00e1cticas no presenciales en las l\u00edneas de investigaci\u00f3n que se proponen (recordad que la asignaci\u00f3n de las plazas que ofrece la UOC se hace a partir de la nota media del expediente acad\u00e9mico).<\/p>\n<p>En caso de que quer\u00e1is solicitar un centro en modo directo, ten\u00e9is que contactar vosotros mismos con un centro de pr\u00e1cticas que cumpla los requisitos y, despu\u00e9s, os ten\u00e9is que inscribir en la convocatoria. El centro de pr\u00e1cticas debe entrar en la herramienta para crear una oferta y proponeros como persona candidata (es necesario que indiqu\u00e9is vuestro nombre y vuestro DNI). Posteriormente, esta oferta debe validarse acad\u00e9micamente.<\/p>\n<p><strong>\u00bfSi no puedo hacer pr\u00e1cticas presenciales, qu\u00e9 opciones tengo para poder cursar el Pr\u00e1cticum? <\/strong><\/p>\n<p>La UOC ofrece la posibilidad de realizar las pr\u00e1cticas de investigaci\u00f3n en algunas \u00e1reas de pericia del profesorado propio de la Universidad. Estas pr\u00e1cticas son virtuales, y, si en alg\u00fan caso se requiere presencialidad, esta informaci\u00f3n queda detallada en la misma oferta de pr\u00e1cticas.<\/p>\n<p>Tened cuenta que las plazas de investigaci\u00f3n son limitadas y que la asignaci\u00f3n tambi\u00e9n se hace de acuerdo con la nota media del expediente.<\/p>\n<p><strong>Curso el Pr\u00e1cticum, pero veo que no podr\u00e9 acabar la actividad presencial antes de que termine el semestre. \u00bfQu\u00e9 repercusi\u00f3n tiene esto? <\/strong><\/p>\n<p>Superar la asignatura de Pr\u00e1cticum implica, necesariamente, haber realizado noventa horas de pr\u00e1cticas en el centro. Si, por alg\u00fan motivo, no pod\u00e9is hacer estas horas, no podr\u00e9is superar la asignatura y, por tanto, tendr\u00e9is que volver a solicitar el Pr\u00e1cticum en una de las pr\u00f3ximas convocatorias y matricularos nuevamente en la asignatura.<\/p>\n<p><strong>Si estoy cursando el Pr\u00e1cticum II, me puedo inscribir a la convocatoria y solicitar plazas de agrupamiento o proponer un centro directo?<\/strong><\/p>\n<p>No, si ya est\u00e1s cursando el Pr\u00e1cticum II no te puedes inscribir a la convocatoria ni hacer ninguna solicitud de un centro de agrupamiento ni proponer un centro directo. Sin embargo, si por cuestiones acad\u00e9micas o personales crees que no superar\u00e1s la asignatura del Pr\u00e1cticum II, puedes ponerte en contacto con el Servicio de Atenci\u00f3n para que la Comisi\u00f3n del Pr\u00e1cticum pueda valorar tu situaci\u00f3n.<\/p>\n<p><strong>\u00bfPuedo proponer un centro penitenciario para hacer las pr\u00e1cticas? <\/strong><\/p>\n<p>No, la oferta de plazas de los centros penitenciarios se coordina desde el Centro de Estudios Jur\u00eddicos y Formaci\u00f3n Especializada (CEJFE). Por este motivo, solo pod\u00e9is optar a estas plazas si las ofrece la UOC en modo agrupamiento. En ning\u00fan caso las pod\u00e9is proponer como centro en modo directo y, por lo tanto, tampoco pod\u00e9is contactar con estos centros previamente. Cada curso acad\u00e9mico, el CEFJE pone a disposici\u00f3n de las universidades el n\u00famero de plazas que puede ofrecer, y se puede dar el caso de que un semestre no se puedan ofrecer estas plazas. Al igual que con las plazas de agrupamiento, la asignaci\u00f3n de plazas a centros penitenciarios se hace por riguroso orden de expediente acad\u00e9mico.<\/p>\n<p><strong>\u00bfQu\u00e9 debo hacer si quiero realizar las pr\u00e1cticas en un centro educativo p\u00fablico o concertado que no ofrece la UOC? <\/strong><\/p>\n<p>Cada comunidad aut\u00f3noma tiene sus propias regulaciones con respecto a estos centros educativos; por este motivo, la UOC no puede garantizar, en ning\u00fan caso, que los centros quieran acoger a estudiantado en pr\u00e1cticas. Antes de solicitar un centro educativo, p\u00fablico o concertado, deb\u00e9is revisar la informaci\u00f3n que hay en el campus virtual referente a este tipo de centros en vuestra comunidad aut\u00f3noma.<\/p>\n<p>En el caso de Catalu\u00f1a, por orden del Departamento de Educaci\u00f3n, no pod\u00e9is contactar directamente con sus centros. Si quer\u00e9is realizar las pr\u00e1cticas en un centro del Departamento de Educaci\u00f3n, deb\u00e9is elegir la oferta de plazas en centros educativos p\u00fablicos y concertados del Departamento de Educaci\u00f3n de la convocatoria, y esperar a que la Universidad haga la asignaci\u00f3n. Revisad atentamente la descripci\u00f3n de las pr\u00e1cticas que encontrar\u00e9is en la oferta del centro.<\/p>\n<p>Tened en cuenta que, en caso de que el centro cumpla los requisitos, la solicitud que formalic\u00e9is deber\u00e1 pasar la validaci\u00f3n acad\u00e9mica del profesorado responsable de la asignatura.<\/p>\n","protected":false},"excerpt":{"rendered":"<p>\u00bfPuedo empezar a hacer el Pr\u00e1cticum antes de matricularme? No, para poder empezar las pr\u00e1cticas os ten\u00e9is que haber matriculado en la asignatura, y tambi\u00e9n es necesario que el semestre lectivo haya comenzado y que el convenio haya sido firmado por todas las partes. Adem\u00e1s, se recomienda empezar las pr\u00e1cticas entre dos y tres semanas [&hellip;]<\/p>\n","protected":false},"author":1,"featured_media":0,"parent":0,"menu_order":0,"comment_status":"closed","ping_status":"closed","template":"","meta":[],"acf":[],"_links":{"self":[{"href":"http:\/\/guia-prc.recursos.uoc.edu\/preguntes-frequents\/es\/wp-json\/wp\/v2\/pages\/67"}],"collection":[{"href":"http:\/\/guia-prc.recursos.uoc.edu\/preguntes-frequents\/es\/wp-json\/wp\/v2\/pages"}],"about":[{"href":"http:\/\/guia-prc.recursos.uoc.edu\/preguntes-frequents\/es\/wp-json\/wp\/v2\/types\/page"}],"author":[{"embeddable":true,"href":"http:\/\/guia-prc.recursos.uoc.edu\/preguntes-frequents\/es\/wp-json\/wp\/v2\/users\/1"}],"replies":[{"embeddable":true,"href":"http:\/\/guia-prc.recursos.uoc.edu\/preguntes-frequents\/es\/wp-json\/wp\/v2\/comments?post=67"}],"version-history":[{"count":8,"href":"http:\/\/guia-prc.recursos.uoc.edu\/preguntes-frequents\/es\/wp-json\/wp\/v2\/pages\/67\/revisions"}],"predecessor-version":[{"id":132,"href":"http:\/\/guia-prc.recursos.uoc.edu\/preguntes-frequents\/es\/wp-json\/wp\/v2\/pages\/67\/revisions\/132"}],"wp:attachment":[{"href":"http:\/\/guia-prc.recursos.uoc.edu\/preguntes-frequents\/es\/wp-json\/wp\/v2\/media?parent=67"}],"curies":[{"name":"wp","href":"https:\/\/api.w.org\/{rel}","templated":true}]}}