{"id":71,"date":"2023-06-19T12:59:51","date_gmt":"2023-06-19T10:59:51","guid":{"rendered":"http:\/\/guia-prc.recursos.uoc.edu\/preguntes-frequents\/?page_id=71"},"modified":"2023-07-07T12:05:52","modified_gmt":"2023-07-07T10:05:52","slug":"2-dudas-sobre-la-solicitud-y-el-convenio","status":"publish","type":"page","link":"http:\/\/guia-prc.recursos.uoc.edu\/preguntes-frequents\/es\/2-dudas-sobre-la-solicitud-y-el-convenio\/","title":{"rendered":"2. Dudas sobre la solicitud y el convenio"},"content":{"rendered":"<p><strong>\u00bfQu\u00e9 diferencia hay entre un centro en modo agrupamiento y un centro en modo directo?<\/strong><\/p>\n<p>A la hora de hacer las pr\u00e1cticas, no hay ninguna diferencia. Sin embargo, la solicitud de estas plazas se formaliza de manera diferente. Un centro en modo agrupamiento ya ha establecido una relaci\u00f3n previa con la UOC y, por tanto, las tareas y la tutor\u00eda del centro ya se han validado. Adem\u00e1s, estas plazas se otorgan por orden de la nota media del expediente.<\/p>\n<p>Los centros en modo directo, en cambio, no han establecido una colaboraci\u00f3n previa con la UOC, sino que es el estudiantado el que contacta con el centro y, una vez el centro ha entrado la oferta de pr\u00e1cticas en la herramienta Xperience, la UOC valida tanto las tareas como la tutor\u00eda del centro. En estos casos, la nota media del expediente no representa ning\u00fan papel en la asignaci\u00f3n de la plaza, ya que es el estudiantado el que ha buscado un centro de manera proactiva y de acuerdo con sus intereses personales o profesionales.<\/p>\n<p><strong>\u00a0<\/strong><strong>Si no puedo entrar en la herramienta para solicitar las pr\u00e1cticas, \u00bfqu\u00e9 he de hacer? <\/strong><\/p>\n<p>A la convocatoria de pr\u00e1cticas solo puede acceder el estudiantado que tiene los requisitos acad\u00e9micos necesarios para hacer el Pr\u00e1cticum, o bien el estudiantado que est\u00e1 cursando las asignaturas requisito que le faltan. Si, aunque os encontr\u00e9is en alguna de estas dos situaciones, no pod\u00e9is acceder a la herramienta, poneos en contacto con el Servicio de Atenci\u00f3n.<\/p>\n<p><strong>Al registrar la solicitud, la herramienta me dice que no tengo los requisitos para solicitar el Pr\u00e1cticum I. \u00bfExiste la posibilidad de hacer alguna excepci\u00f3n? <\/strong><\/p>\n<p>Es imprescindible que, en el momento de hacer la solicitud, las asignaturas requisito est\u00e9n superadas en el expediente, o bien que os hay\u00e1is matriculado en estas asignaturas en el semestre en curso.<\/p>\n<p>Solo se valorar\u00e1 la posibilidad de hacer una excepci\u00f3n si os falta cursar una asignatura requisito, las dos asignaturas del Pr\u00e1cticum (el Pr\u00e1cticum I y el Pr\u00e1cticum II) y el TFG, y, por lo tanto, os pod\u00e9is graduar al cabo de dos semestres. En este caso, la Comisi\u00f3n de Pr\u00e1cticum valorar\u00e1 la posibilidad de que os pod\u00e1is matricular en el Pr\u00e1cticum I a la vez que en la asignatura requisito. Ahora bien, en ning\u00fan caso os podr\u00e9is matricular en el Pr\u00e1cticum II sin haber superado los requisitos y sin que hayan sido incorporados al expediente.<\/p>\n<p>Si os encontr\u00e1is en esta situaci\u00f3n y quer\u00e9is pedir la exenci\u00f3n para cursar el Pr\u00e1cticum, poneos en contacto con el Servicio de Atenci\u00f3n indicando que es una consulta para la Comisi\u00f3n de Pr\u00e1cticum de Psicolog\u00eda.<\/p>\n<p><strong>\u00bfC\u00f3mo puedo saber si tengo una pr\u00e1ctica preasignada? <\/strong><\/p>\n<p>Cuando se os preasigne una plaza de pr\u00e1cticas, recibir\u00e9is una notificaci\u00f3n al correo electr\u00f3nico en la que se os indicar\u00e1 que se os ha asignado una pr\u00e1ctica, pero esta plaza no estar\u00e1 confirmada hasta que no se valide que cumpl\u00eds los requisitos acad\u00e9micos para cursar el Pr\u00e1cticum. Una vez se haya revisado que ten\u00e9is estos requisitos, se os volver\u00e1 a enviar una notificaci\u00f3n, en la que se os indicar\u00e1 que se ha confirmado la pr\u00e1ctica y que ya pod\u00e9is matricularos en la asignatura.<\/p>\n<p><strong>\u00bfQu\u00e9 significa haber recibido una preasignaci\u00f3n en un centro en modo directo?<\/strong><\/p>\n<p>El hecho de recibir una plaza preasignada en un centro en modo directo quiere decir que el centro ha entrado una oferta a vuestro nombre y que la plaza ha quedado reservada para vosotros. No obstante, como sab\u00e9is, tanto el centro como la persona que asume vuestra tutor\u00eda durante la estancia de pr\u00e1cticas deben cumplir unos requisitos acad\u00e9micos y profesionales; por tanto, la asignaci\u00f3n no se puede formalizar hasta que la Universidad no revisa y valida que se cumplen estos criterios. Una vez validada la oferta de pr\u00e1cticas, hay que revisar que cumpl\u00eds los requisitos para cursar la asignatura de Pr\u00e1cticum y, si es as\u00ed, recibir\u00e9is un mensaje en el que se os indicar\u00e1 que ya os pod\u00e9is matricular en la asignatura.<\/p>\n<p><strong>Si no he recibido el mensaje de preasignaci\u00f3n del centro en modo directo una vez finalizado el plazo, \u00bfqu\u00e9 he de hacer? <\/strong><\/p>\n<p>Si no hab\u00e9is recibido el mensaje de preasignaci\u00f3n es porque no se tiene constancia de que el centro haya entrado la oferta en la herramienta Xperience dentro del plazo propuesto. Si es el caso, poneos en contacto con el centro y aseguraos de que haya entrado la oferta. Recordad que, como estudiantado, no pod\u00e9is entrar la oferta en la herramienta Xperience, y que solo lo puede hacer el centro. Si no recib\u00eds el mensaje de preasignaci\u00f3n, realizad una consulta al Servicio de Atenci\u00f3n dirigida al Servicio de Pr\u00e1cticas y Movilidad de la UOC, indicando cu\u00e1l es el centro donde quer\u00e9is hacer las pr\u00e1cticas, as\u00ed como un n\u00famero de tel\u00e9fono y una direcci\u00f3n de correo electr\u00f3nico para que, desde este servicio, puedan ponerse en contacto con el centro e indicarles c\u00f3mo deben entrar la oferta correctamente.<\/p>\n<p><strong>\u00bfCu\u00e1l es el proceso de firma del convenio o el protocolo de adhesi\u00f3n? <\/strong><\/p>\n<p>Para saber cu\u00e1l es el proceso de firma del convenio, deb\u00e9is revisar la informaci\u00f3n que hay en \u00abCampus \/ <em>Tr\u00e1mites<\/em> \/ <em>Pr\u00e1cticas en empresas<\/em> \/ <em>Pr\u00e1cticas curriculares<\/em> \/ <em>Psicolog\u00eda<\/em> \/ <em>Paso 4<\/em>\u00bb. Asimismo, tambi\u00e9n se os ir\u00e1 informando sobre el proceso por medio de las notificaciones que recibir\u00e9is en vuestro correo UOC.<\/p>\n","protected":false},"excerpt":{"rendered":"<p>\u00bfQu\u00e9 diferencia hay entre un centro en modo agrupamiento y un centro en modo directo? A la hora de hacer las pr\u00e1cticas, no hay ninguna diferencia. Sin embargo, la solicitud de estas plazas se formaliza de manera diferente. Un centro en modo agrupamiento ya ha establecido una relaci\u00f3n previa con la UOC y, por tanto, [&hellip;]<\/p>\n","protected":false},"author":1,"featured_media":0,"parent":0,"menu_order":0,"comment_status":"closed","ping_status":"closed","template":"","meta":[],"acf":[],"_links":{"self":[{"href":"http:\/\/guia-prc.recursos.uoc.edu\/preguntes-frequents\/es\/wp-json\/wp\/v2\/pages\/71"}],"collection":[{"href":"http:\/\/guia-prc.recursos.uoc.edu\/preguntes-frequents\/es\/wp-json\/wp\/v2\/pages"}],"about":[{"href":"http:\/\/guia-prc.recursos.uoc.edu\/preguntes-frequents\/es\/wp-json\/wp\/v2\/types\/page"}],"author":[{"embeddable":true,"href":"http:\/\/guia-prc.recursos.uoc.edu\/preguntes-frequents\/es\/wp-json\/wp\/v2\/users\/1"}],"replies":[{"embeddable":true,"href":"http:\/\/guia-prc.recursos.uoc.edu\/preguntes-frequents\/es\/wp-json\/wp\/v2\/comments?post=71"}],"version-history":[{"count":2,"href":"http:\/\/guia-prc.recursos.uoc.edu\/preguntes-frequents\/es\/wp-json\/wp\/v2\/pages\/71\/revisions"}],"predecessor-version":[{"id":74,"href":"http:\/\/guia-prc.recursos.uoc.edu\/preguntes-frequents\/es\/wp-json\/wp\/v2\/pages\/71\/revisions\/74"}],"wp:attachment":[{"href":"http:\/\/guia-prc.recursos.uoc.edu\/preguntes-frequents\/es\/wp-json\/wp\/v2\/media?parent=71"}],"curies":[{"name":"wp","href":"https:\/\/api.w.org\/{rel}","templated":true}]}}