{"id":76,"date":"2023-06-19T13:01:41","date_gmt":"2023-06-19T11:01:41","guid":{"rendered":"http:\/\/guia-prc.recursos.uoc.edu\/preguntes-frequents\/?page_id=76"},"modified":"2023-07-07T12:10:17","modified_gmt":"2023-07-07T10:10:17","slug":"3-dudas-sobre-el-raep","status":"publish","type":"page","link":"http:\/\/guia-prc.recursos.uoc.edu\/preguntes-frequents\/es\/3-dudas-sobre-el-raep\/","title":{"rendered":"3. Dudas sobre el RAEP"},"content":{"rendered":"<p><strong>\u00bfQu\u00e9 puedo convalidar con el RAEP?<\/strong><\/p>\n<p>En el grado de Psicolog\u00eda, pod\u00e9is convalidar el Pr\u00e1cticum I, pero en ning\u00fan caso podr\u00e9is convalidar el Pr\u00e1cticum II. Consultad la informaci\u00f3n del RAEP en \u00abCampus \/<em> Reconocimientos y convalidaciones<\/em> \/ <em>Reconocimiento de la experiencia profesional<\/em>\u00bb.<\/p>\n<p><strong>\u00a0<\/strong><strong>Si tengo la intenci\u00f3n de pedir el RAEP, \u00bftambi\u00e9n he de hacer la solicitud del Pr\u00e1cticum I? <\/strong><\/p>\n<p>Como los calendarios de resoluci\u00f3n de ambos tr\u00e1mites se solapan, la recomendaci\u00f3n es que pid\u00e1is el RAEP y que, en paralelo, tambi\u00e9n solicit\u00e9is el Pr\u00e1cticum I.<\/p>\n<p>En caso de que se os deniegue el RAEP, ya tendr\u00e9is una solicitud para el Pr\u00e1cticum I.<br \/>\nSi, por el contrario, el RAEP se os acepta, la solicitud de Pr\u00e1cticum I se cambiar\u00e1 internamente por la del Pr\u00e1cticum II.<\/p>\n<p><strong>Si me han convalidado el Pr\u00e1cticum I en un campo de<\/strong> <strong>aplicaci\u00f3n, \u00bfpuedo cursar el Pr\u00e1cticum II en un campo de aplicaci\u00f3n diferente?<\/strong><\/p>\n<p>S\u00ed, os pod\u00e9is matricular en el Pr\u00e1cticum I reconocido y pod\u00e9is solicitar el Pr\u00e1cticum II en otro campo de aplicaci\u00f3n.<\/p>\n","protected":false},"excerpt":{"rendered":"<p>\u00bfQu\u00e9 puedo convalidar con el RAEP? En el grado de Psicolog\u00eda, pod\u00e9is convalidar el Pr\u00e1cticum I, pero en ning\u00fan caso podr\u00e9is convalidar el Pr\u00e1cticum II. Consultad la informaci\u00f3n del RAEP en \u00abCampus \/ Reconocimientos y convalidaciones \/ Reconocimiento de la experiencia profesional\u00bb. \u00a0Si tengo la intenci\u00f3n de pedir el RAEP, \u00bftambi\u00e9n he de hacer la [&hellip;]<\/p>\n","protected":false},"author":1,"featured_media":0,"parent":0,"menu_order":0,"comment_status":"closed","ping_status":"closed","template":"","meta":[],"acf":[],"_links":{"self":[{"href":"http:\/\/guia-prc.recursos.uoc.edu\/preguntes-frequents\/es\/wp-json\/wp\/v2\/pages\/76"}],"collection":[{"href":"http:\/\/guia-prc.recursos.uoc.edu\/preguntes-frequents\/es\/wp-json\/wp\/v2\/pages"}],"about":[{"href":"http:\/\/guia-prc.recursos.uoc.edu\/preguntes-frequents\/es\/wp-json\/wp\/v2\/types\/page"}],"author":[{"embeddable":true,"href":"http:\/\/guia-prc.recursos.uoc.edu\/preguntes-frequents\/es\/wp-json\/wp\/v2\/users\/1"}],"replies":[{"embeddable":true,"href":"http:\/\/guia-prc.recursos.uoc.edu\/preguntes-frequents\/es\/wp-json\/wp\/v2\/comments?post=76"}],"version-history":[{"count":4,"href":"http:\/\/guia-prc.recursos.uoc.edu\/preguntes-frequents\/es\/wp-json\/wp\/v2\/pages\/76\/revisions"}],"predecessor-version":[{"id":84,"href":"http:\/\/guia-prc.recursos.uoc.edu\/preguntes-frequents\/es\/wp-json\/wp\/v2\/pages\/76\/revisions\/84"}],"wp:attachment":[{"href":"http:\/\/guia-prc.recursos.uoc.edu\/preguntes-frequents\/es\/wp-json\/wp\/v2\/media?parent=76"}],"curies":[{"name":"wp","href":"https:\/\/api.w.org\/{rel}","templated":true}]}}