{"id":79,"date":"2023-06-19T13:05:18","date_gmt":"2023-06-19T11:05:18","guid":{"rendered":"http:\/\/guia-prc.recursos.uoc.edu\/preguntes-frequents\/?page_id=79"},"modified":"2023-09-25T10:34:34","modified_gmt":"2023-09-25T08:34:34","slug":"4-otras-dudas","status":"publish","type":"page","link":"http:\/\/guia-prc.recursos.uoc.edu\/preguntes-frequents\/es\/4-otras-dudas\/","title":{"rendered":"4. Otras dudas"},"content":{"rendered":"<p><strong>Si tengo alguna duda en relaci\u00f3n con el convenio de pr\u00e1cticas o si se<\/strong> <strong>tiene que<\/strong> <strong>hacer alguna modificaci\u00f3n, \u00bfd\u00f3nde me tengo que dirigir? <\/strong><\/p>\n<p>Los convenios se gestionan desde el Servicio de Pr\u00e1cticas y Movilidad de la UOC y os ten\u00e9is que dirigir al Servicio de Atenci\u00f3n. En la consulta, deb\u00e9is indicar expl\u00edcitamente el nombre del centro al que hac\u00e9is referencia y los datos necesarios que hay que modificar (nombre de la tutor\u00eda, nombre de la persona que tiene la representaci\u00f3n legal, etc.).<\/p>\n<p><strong>Si tengo dudas sobre la asignatura de Pr\u00e1cticum (procedimiento, plazos, solicitud, tr\u00e1mites acad\u00e9micos, etc.), \u00bfqui\u00e9n me puede ayudar? <\/strong><\/p>\n<p>Si, despu\u00e9s de haberos le\u00eddo la \u00ab<a href=\"http:\/\/guia-prc.recursos.uoc.edu\/guia-practiques-curriculars-estudiantat\/es\/\" target=\"_blank\" rel=\"noopener\">Gu\u00eda de pr\u00e1cticas curriculares para el estudiantado<\/a>\u00bb, la informaci\u00f3n del campus virtual\u00a0 y estas preguntas frecuentes, continu\u00e1is teniendo dudas gen\u00e9ricas o acad\u00e9micas, ten\u00e9is que dirigiros a vuestra tutor\u00eda de la UOC para que os pueda asesorar.<\/p>\n<div class=\"featured featured-blue\"><p>\u00abCampus &gt; <em>Tr\u00e1mites<\/em> \/ <em>Pr\u00e1cticas en empresas<\/em> \/ <em>Pr\u00e1cticas curriculares<\/em> \/ <em>Psicolog\u00eda<\/em>\u00bb.<\/p>\n<\/div>\n<p><strong>Si el centro tiene dudas sobre c\u00f3mo darse de alta en la plataforma, sobre c\u00f3mo publicar una oferta, del proceso a seguir o del convenio, \u00bfa qui\u00e9n debe dirigirse?<\/strong><\/p>\n<p>Los centros deben dirigirse al Servicio de Pr\u00e1cticas y Movilidad de la UOC, por medio del formulario de contacto que encontraran al final de esta <a href=\"https:\/\/www.uoc.edu\/portal\/es\/universitat\/serveis\/practiques-mobilitat\/empreses\/index.html\" target=\"_blank\" rel=\"noopener\">p\u00e1gina<\/a>.<\/p>\n","protected":false},"excerpt":{"rendered":"<p>Si tengo alguna duda en relaci\u00f3n con el convenio de pr\u00e1cticas o si se tiene que hacer alguna modificaci\u00f3n, \u00bfd\u00f3nde me tengo que dirigir? Los convenios se gestionan desde el Servicio de Pr\u00e1cticas y Movilidad de la UOC y os ten\u00e9is que dirigir al Servicio de Atenci\u00f3n. En la consulta, deb\u00e9is indicar expl\u00edcitamente el nombre [&hellip;]<\/p>\n","protected":false},"author":1,"featured_media":0,"parent":0,"menu_order":0,"comment_status":"closed","ping_status":"closed","template":"","meta":[],"acf":[],"_links":{"self":[{"href":"http:\/\/guia-prc.recursos.uoc.edu\/preguntes-frequents\/es\/wp-json\/wp\/v2\/pages\/79"}],"collection":[{"href":"http:\/\/guia-prc.recursos.uoc.edu\/preguntes-frequents\/es\/wp-json\/wp\/v2\/pages"}],"about":[{"href":"http:\/\/guia-prc.recursos.uoc.edu\/preguntes-frequents\/es\/wp-json\/wp\/v2\/types\/page"}],"author":[{"embeddable":true,"href":"http:\/\/guia-prc.recursos.uoc.edu\/preguntes-frequents\/es\/wp-json\/wp\/v2\/users\/1"}],"replies":[{"embeddable":true,"href":"http:\/\/guia-prc.recursos.uoc.edu\/preguntes-frequents\/es\/wp-json\/wp\/v2\/comments?post=79"}],"version-history":[{"count":4,"href":"http:\/\/guia-prc.recursos.uoc.edu\/preguntes-frequents\/es\/wp-json\/wp\/v2\/pages\/79\/revisions"}],"predecessor-version":[{"id":102,"href":"http:\/\/guia-prc.recursos.uoc.edu\/preguntes-frequents\/es\/wp-json\/wp\/v2\/pages\/79\/revisions\/102"}],"wp:attachment":[{"href":"http:\/\/guia-prc.recursos.uoc.edu\/preguntes-frequents\/es\/wp-json\/wp\/v2\/media?parent=79"}],"curies":[{"name":"wp","href":"https:\/\/api.w.org\/{rel}","templated":true}]}}