{"id":24,"date":"2023-06-19T12:54:30","date_gmt":"2023-06-19T10:54:30","guid":{"rendered":"http:\/\/guia-prc.recursos.uoc.edu\/preguntes-frequents\/?page_id=24"},"modified":"2023-06-19T12:54:30","modified_gmt":"2023-06-19T10:54:30","slug":"introduccio","status":"publish","type":"page","link":"http:\/\/guia-prc.recursos.uoc.edu\/preguntes-frequents\/","title":{"rendered":"Introducci\u00f3"},"content":{"rendered":"<p>En aquest m\u00f2dul podeu trobar un llistat de preguntes freq\u00fcents que us poden ser \u00fatils a l\u2019hora de sol\u00b7licitar el Pr\u00e0cticum o de fer les gestions oportunes pel que fa als centres de pr\u00e0ctiques i els convenis.<\/p>\n<p>En qualsevol cas, si el vostre dubte no queda recollit en cap dels m\u00f2duls d\u2019aquest recurs, recordeu que podeu posar-vos en contacte amb la vostra tutoria del grau perqu\u00e8 us orienti en la consulta.<\/p>\n","protected":false},"excerpt":{"rendered":"<p>En aquest m\u00f2dul podeu trobar un llistat de preguntes freq\u00fcents que us poden ser \u00fatils a l\u2019hora de sol\u00b7licitar el Pr\u00e0cticum o de fer les gestions oportunes pel que fa als centres de pr\u00e0ctiques i els convenis. En qualsevol cas, si el vostre dubte no queda recollit en cap dels m\u00f2duls d\u2019aquest recurs, recordeu que [&hellip;]<\/p>\n","protected":false},"author":1,"featured_media":0,"parent":0,"menu_order":0,"comment_status":"closed","ping_status":"closed","template":"","meta":[],"acf":[],"_links":{"self":[{"href":"http:\/\/guia-prc.recursos.uoc.edu\/preguntes-frequents\/wp-json\/wp\/v2\/pages\/24"}],"collection":[{"href":"http:\/\/guia-prc.recursos.uoc.edu\/preguntes-frequents\/wp-json\/wp\/v2\/pages"}],"about":[{"href":"http:\/\/guia-prc.recursos.uoc.edu\/preguntes-frequents\/wp-json\/wp\/v2\/types\/page"}],"author":[{"embeddable":true,"href":"http:\/\/guia-prc.recursos.uoc.edu\/preguntes-frequents\/wp-json\/wp\/v2\/users\/1"}],"replies":[{"embeddable":true,"href":"http:\/\/guia-prc.recursos.uoc.edu\/preguntes-frequents\/wp-json\/wp\/v2\/comments?post=24"}],"version-history":[{"count":1,"href":"http:\/\/guia-prc.recursos.uoc.edu\/preguntes-frequents\/wp-json\/wp\/v2\/pages\/24\/revisions"}],"predecessor-version":[{"id":25,"href":"http:\/\/guia-prc.recursos.uoc.edu\/preguntes-frequents\/wp-json\/wp\/v2\/pages\/24\/revisions\/25"}],"wp:attachment":[{"href":"http:\/\/guia-prc.recursos.uoc.edu\/preguntes-frequents\/wp-json\/wp\/v2\/media?parent=24"}],"curies":[{"name":"wp","href":"https:\/\/api.w.org\/{rel}","templated":true}]}}