{"id":32,"date":"2023-06-19T12:59:51","date_gmt":"2023-06-19T10:59:51","guid":{"rendered":"http:\/\/guia-prc.recursos.uoc.edu\/preguntes-frequents\/?page_id=32"},"modified":"2023-07-22T17:40:54","modified_gmt":"2023-07-22T15:40:54","slug":"2-dubtes-sobre-la-sollicitud-i-el-conveni","status":"publish","type":"page","link":"http:\/\/guia-prc.recursos.uoc.edu\/preguntes-frequents\/2-dubtes-sobre-la-sollicitud-i-el-conveni\/","title":{"rendered":"2. Dubtes sobre la sol\u00b7licitud i el conveni"},"content":{"rendered":"<p><strong>Quina difer\u00e8ncia hi ha entre un centre en mode agrupament i un centre en mode directe?<\/strong><\/p>\n<p>A l\u2019hora de fer les pr\u00e0ctiques, no hi ha cap difer\u00e8ncia. No obstant aix\u00f2, la sol\u00b7licitud d\u2019aquestes places es formalitza de manera diferent. Un centre en mode agrupament ja ha establert una relaci\u00f3 pr\u00e8via amb la UOC i, per tant, les tasques i la tutoria del centre ja s\u2019han validat. A m\u00e9s, aquestes places s\u2019atorguen per ordre de la nota mitjana de l\u2019expedient.<\/p>\n<p>Els centres en mode directe, en canvi, no han establert una col\u00b7laboraci\u00f3 pr\u00e8via amb la UOC, sin\u00f3 que \u00e9s l\u2019estudiantat qui contacta amb el centre i, una vegada el centre ha entrat l\u2019oferta de pr\u00e0ctiques a l\u2019eina Xperience, la UOC valida tant les tasques com la tutoria del centre. En aquests casos, la nota mitjana de l\u2019expedient no representa cap paper en l\u2019assignaci\u00f3 de la pla\u00e7a, ja que \u00e9s l\u2019estudiantat qui ha cercat un centre de manera proactiva i d\u2019acord amb els seus interessos personals o professionals.<\/p>\n<p><strong>Si no puc entrar a l\u2019eina per sol\u00b7licitar les pr\u00e0ctiques, qu\u00e8 he de fer? <\/strong><\/p>\n<p>A la convocat\u00f2ria de pr\u00e0ctiques nom\u00e9s hi pot accedir l\u2019estudiantat que t\u00e9 els requisits acad\u00e8mics necessaris per fer el Pr\u00e0cticum, o b\u00e9 l\u2019estudiantat que est\u00e0 cursant les assignatures requisit que li manquen. Si, malgrat que us trobeu en alguna d\u2019aquestes dues situacions, no podeu accedir-hi, poseu-vos en contacte amb el Servei d\u2019Atenci\u00f3.<\/p>\n<p><strong>En registrar la sol\u00b7licitud, l\u2019eina em diu que no tinc els requisits per sol\u00b7licitar el Pr\u00e0cticum I. Hi ha la possibilitat de fer alguna excepci\u00f3? <\/strong><\/p>\n<p>\u00c9s imprescindible que, en el moment de fer la sol\u00b7licitud, les assignatures requisit estiguin superades a l\u2019expedient, o b\u00e9 que us h\u00e0giu matriculat a aquestes assignatures en el semestre en curs.<\/p>\n<p>Nom\u00e9s es valorar\u00e0 la possibilitat de fer una excepci\u00f3 si us falta cursar una assignatura requisit, les dues assignatures del Pr\u00e0cticum (el Pr\u00e0cticum I i el Pr\u00e0cticum II) i el TFG, i, per tant, us podeu graduar al cap de dos semestres. En aquest cas, la Comissi\u00f3 de Pr\u00e0cticum valorar\u00e0 la possibilitat que us pugueu matricular al Pr\u00e0cticum I alhora que a l\u2019assignatura requisit. Ara b\u00e9, en cap cas us podreu matricular al Pr\u00e0cticum II sense haver superat els requisits i sense que hagin estat incorporats a l\u2019expedient.<\/p>\n<p>Si us trobeu en aquesta situaci\u00f3 i voleu demanar l\u2019exempci\u00f3 per cursar el Pr\u00e0cticum, poseu-vos en contacte amb el Servei d\u2019Atenci\u00f3 tot indicant que \u00e9s una consulta per a la Comissi\u00f3 de Pr\u00e0cticum de Psicologia.<\/p>\n<p><strong>Com puc saber si tinc una pr\u00e0ctica preassignada? <\/strong><\/p>\n<p>Quan se us preassigni una pla\u00e7a de pr\u00e0ctiques, rebreu una notificaci\u00f3 al correu electr\u00f2nic en qu\u00e8 se us indicar\u00e0 que se us ha assignat una pr\u00e0ctica, per\u00f2 aquesta pla\u00e7a no estar\u00e0 confirmada fins que no es validi que compliu els requisits acad\u00e8mics per cursar el Pr\u00e0cticum. Un cop s\u2019hagi revisat que teniu aquests requisits, se us tornar\u00e0 a enviar una notificaci\u00f3, en la qual se us indicar\u00e0 que s\u2019ha confirmat la pr\u00e0ctica i que ja podeu matricular-vos a l\u2019assignatura.<\/p>\n<p><strong>Qu\u00e8 vol dir haver rebut una preassignaci\u00f3 en un centre en mode directe?<\/strong><\/p>\n<p>El fet de rebre una pla\u00e7a preassignada en un centre en mode directe vol dir que el centre ha entrat una oferta al vostre nom i que la pla\u00e7a ha quedat reservada per a vosaltres. No obstant aix\u00f2, com sabeu, tant el centre com la persona que assumeix la vostra tutoria durant l\u2019estada de pr\u00e0ctiques han de complir uns requisits acad\u00e8mics i professionals; per tant, l\u2019assignaci\u00f3 no es pot formalitzar fins que la Universitat no revisa i valida que es compleixen aquests criteris. Un cop validada l\u2019oferta de pr\u00e0ctiques, cal revisar que compliu els requisits per cursar l\u2019assignatura de Pr\u00e0cticum i, si \u00e9s aix\u00ed, rebreu un missatge en el qual se us indicar\u00e0 que ja us podeu matricular a l\u2019assignatura.<\/p>\n<p><strong>Si no he rebut el missatge de preassignaci\u00f3 del centre en mode directe una vegada finalitzat el termini, qu\u00e8 he de fer? <\/strong><\/p>\n<p>Si no heu rebut el missatge de preassignaci\u00f3 \u00e9s perqu\u00e8 no es t\u00e9 const\u00e0ncia que el centre hagi entrat l\u2019oferta a l\u2019eina Xperience dins del termini proposat. Si \u00e9s el cas, poseu-vos en contacte amb el centre i assegureu-vos que hagi entrat l\u2019oferta. Recordeu que, com a estudiantat, no podeu entrar l\u2019oferta a l\u2019eina Xperience, i que nom\u00e9s ho pot fer el centre. Si no rebeu el missatge de preassignaci\u00f3, feu una consulta al Servei d\u2019Atenci\u00f3 adre\u00e7ada al Servei de Pr\u00e0ctiques i Mobilitat de la UOC tot indicant quin \u00e9s el centre on voleu fer les pr\u00e0ctiques, i tamb\u00e9 un n\u00famero de tel\u00e8fon i una adre\u00e7a de correu electr\u00f2nic perqu\u00e8, des d\u2019aquest servei, puguin posar-s\u2019hi en contacte i indicar-los com han d\u2019entrar l\u2019oferta correctament.<\/p>\n<p><strong>Quin \u00e9s el proc\u00e9s de signatura del conveni o el protocol d\u2019adhesi\u00f3? <\/strong><\/p>\n<p>Per saber quin \u00e9s el proc\u00e9s de signatura del conveni, heu de revisar la informaci\u00f3 que hi ha a \u00abCampus \/ <em>Tr\u00e0mits<\/em> \/ <em>Pr\u00e0ctiques a empreses<\/em> \/ <em>Pr\u00e0ctiques curriculars<\/em> \/ <em>Psicologia<\/em> \/ <em>Pas 4<\/em>\u00bb. Aix\u00ed mateix, tamb\u00e9 se us anir\u00e0 informant sobre el proc\u00e9s per mitj\u00e0 de les notificacions que rebreu al vostre correu UOC.<\/p>\n","protected":false},"excerpt":{"rendered":"<p>Quina difer\u00e8ncia hi ha entre un centre en mode agrupament i un centre en mode directe? A l\u2019hora de fer les pr\u00e0ctiques, no hi ha cap difer\u00e8ncia. No obstant aix\u00f2, la sol\u00b7licitud d\u2019aquestes places es formalitza de manera diferent. Un centre en mode agrupament ja ha establert una relaci\u00f3 pr\u00e8via amb la UOC i, per [&hellip;]<\/p>\n","protected":false},"author":1,"featured_media":0,"parent":0,"menu_order":0,"comment_status":"closed","ping_status":"closed","template":"","meta":[],"acf":[],"_links":{"self":[{"href":"http:\/\/guia-prc.recursos.uoc.edu\/preguntes-frequents\/wp-json\/wp\/v2\/pages\/32"}],"collection":[{"href":"http:\/\/guia-prc.recursos.uoc.edu\/preguntes-frequents\/wp-json\/wp\/v2\/pages"}],"about":[{"href":"http:\/\/guia-prc.recursos.uoc.edu\/preguntes-frequents\/wp-json\/wp\/v2\/types\/page"}],"author":[{"embeddable":true,"href":"http:\/\/guia-prc.recursos.uoc.edu\/preguntes-frequents\/wp-json\/wp\/v2\/users\/1"}],"replies":[{"embeddable":true,"href":"http:\/\/guia-prc.recursos.uoc.edu\/preguntes-frequents\/wp-json\/wp\/v2\/comments?post=32"}],"version-history":[{"count":2,"href":"http:\/\/guia-prc.recursos.uoc.edu\/preguntes-frequents\/wp-json\/wp\/v2\/pages\/32\/revisions"}],"predecessor-version":[{"id":55,"href":"http:\/\/guia-prc.recursos.uoc.edu\/preguntes-frequents\/wp-json\/wp\/v2\/pages\/32\/revisions\/55"}],"wp:attachment":[{"href":"http:\/\/guia-prc.recursos.uoc.edu\/preguntes-frequents\/wp-json\/wp\/v2\/media?parent=32"}],"curies":[{"name":"wp","href":"https:\/\/api.w.org\/{rel}","templated":true}]}}